{"id":11691,"date":"2021-02-21T14:12:29","date_gmt":"2021-02-21T14:12:29","guid":{"rendered":"https:\/\/www.autonvaraosahaku.fi\/?product=master-sport-1719-if-pcs-ms-raitisilmasuodatin"},"modified":"2021-02-21T14:12:30","modified_gmt":"2021-02-21T14:12:30","slug":"master-sport-1719-if-pcs-ms-raitisilmasuodatin","status":"publish","type":"product","link":"https:\/\/www.autonvaraosahaku.fi\/?product=master-sport-1719-if-pcs-ms-raitisilmasuodatin","title":{"rendered":"MASTER-SPORT 1719-IF-PCS-MS Raitisilmasuodatin"},"content":{"rendered":"<p>Pituus (mm): 224; Leveys (mm): 189; Korkeus (mm): 25; Suodatintyyppi: Hiukkassuodatin; Nettopaino [kg]: 0,05; Bruttopaino [kg]: 0,13; Varusteet: f\u00fcr Fahrzeuge mit Klimaanlage; CHEVROLET: NUBIRA Kombi,LACETTI J200,NUBIRA Stufenheck,LACETTI Kombi J200,LACETTI Stufenheck; DAEWOO: LACETTI Schr\u00e4gheck KLAN,NUBIRA Stufenheck KLAN,NUBIRA Wagon KLAN; 96554378, 96554421, 96800837, EC96554378; Sis\u00e4ilmansuodatin,Suodatin, Sis\u00e4ilma<\/p>\n","protected":false},"excerpt":{"rendered":"<p>MASTER-SPORT Raitisilmasuodatin 1719-IF-PCS-MS Sis\u00e4ilmansuodatin,Suodatin, Sis\u00e4ilma CHEVROLET,DAEWOO,NUBIRA Kombi,LACETTI J200,NUBIRA Stufenheck<\/p>\n","protected":false},"featured_media":0,"template":"","meta":{"site-sidebar-layout":"default","site-content-layout":"default","ast-global-header-display":"","ast-main-header-display":"","ast-hfb-above-header-display":"","ast-hfb-below-header-display":"","ast-hfb-mobile-header-display":"","site-post-title":"","ast-breadcrumbs-content":"","ast-featured-img":"","footer-sml-layout":"","theme-transparent-header-meta":"","adv-header-id-meta":"","stick-header-meta":"","header-above-stick-meta":"","header-main-stick-meta":"","header-below-stick-meta":""},"pwb-brand":[61],"product_cat":[19],"product_tag":[],"class_list":{"0":"post-11691","1":"product","2":"type-product","3":"status-publish","5":"pwb-brand-master-sport","6":"product_cat-raitisilmasuodatin","7":"desktop-align-left","8":"tablet-align-left","9":"mobile-align-left","11":"first","12":"instock","13":"product-type-external"},"brands":[{"id":61,"name":"MASTER-SPORT","slug":"master-sport"}],"_links":{"self":[{"href":"https:\/\/www.autonvaraosahaku.fi\/index.php?rest_route=\/wp\/v2\/product\/11691","targetHints":{"allow":["GET"]}}],"collection":[{"href":"https:\/\/www.autonvaraosahaku.fi\/index.php?rest_route=\/wp\/v2\/product"}],"about":[{"href":"https:\/\/www.autonvaraosahaku.fi\/index.php?rest_route=\/wp\/v2\/types\/product"}],"wp:attachment":[{"href":"https:\/\/www.autonvaraosahaku.fi\/index.php?rest_route=%2Fwp%2Fv2%2Fmedia&parent=11691"}],"wp:term":[{"taxonomy":"pwb-brand","embeddable":true,"href":"https:\/\/www.autonvaraosahaku.fi\/index.php?rest_route=%2Fwp%2Fv2%2Fpwb-brand&post=11691"},{"taxonomy":"product_cat","embeddable":true,"href":"https:\/\/www.autonvaraosahaku.fi\/index.php?rest_route=%2Fwp%2Fv2%2Fproduct_cat&post=11691"},{"taxonomy":"product_tag","embeddable":true,"href":"https:\/\/www.autonvaraosahaku.fi\/index.php?rest_route=%2Fwp%2Fv2%2Fproduct_tag&post=11691"}],"curies":[{"name":"wp","href":"https:\/\/api.w.org\/{rel}","templated":true}]}}