{"id":11735,"date":"2021-02-21T14:12:36","date_gmt":"2021-02-21T14:12:36","guid":{"rendered":"https:\/\/www.autonvaraosahaku.fi\/?product=febi-bilstein-47903-paisuntasailio"},"modified":"2021-02-21T14:12:38","modified_gmt":"2021-02-21T14:12:38","slug":"febi-bilstein-47903-paisuntasailio","status":"publish","type":"product","link":"https:\/\/www.autonvaraosahaku.fi\/?product=febi-bilstein-47903-paisuntasailio","title":{"rendered":"FEBI BILSTEIN 47903 Paisuntas\u00e4ili\u00f6"},"content":{"rendered":"<p>Materiaali: PP (polypropeeni); Paino [kg]: 0,530, 0,530; Huomioi tekniset tiedot: ; OPEL: CORSA D,CORSA D Van; VAUXHALL: CORSA Mk III D L_8,CORSAVAN Mk III D; 01304010, 01304528, 1304010, 1304528, 013312278, 055702165, 13312278, 55702165; Nestes\u00e4ili\u00f6, J\u00e4\u00e4hdytysneste<\/p>\n","protected":false},"excerpt":{"rendered":"<p>FEBI BILSTEIN Paisuntas\u00e4ili\u00f6 47903 Nestes\u00e4ili\u00f6, J\u00e4\u00e4hdytysneste OPEL,VAUXHALL,CORSA D,CORSA D Van,CORSA Mk III D L_8,CORSAVAN Mk III D<\/p>\n","protected":false},"featured_media":0,"template":"","meta":{"site-sidebar-layout":"default","site-content-layout":"default","ast-global-header-display":"","ast-main-header-display":"","ast-hfb-above-header-display":"","ast-hfb-below-header-display":"","ast-hfb-mobile-header-display":"","site-post-title":"","ast-breadcrumbs-content":"","ast-featured-img":"","footer-sml-layout":"","theme-transparent-header-meta":"","adv-header-id-meta":"","stick-header-meta":"","header-above-stick-meta":"","header-main-stick-meta":"","header-below-stick-meta":""},"pwb-brand":[50],"product_cat":[127],"product_tag":[],"class_list":{"0":"post-11735","1":"product","2":"type-product","3":"status-publish","5":"pwb-brand-febi-bilstein","6":"product_cat-paisuntasailio","7":"desktop-align-left","8":"tablet-align-left","9":"mobile-align-left","11":"first","12":"instock","13":"product-type-external"},"brands":[{"id":50,"name":"FEBI BILSTEIN","slug":"febi-bilstein"}],"_links":{"self":[{"href":"https:\/\/www.autonvaraosahaku.fi\/index.php?rest_route=\/wp\/v2\/product\/11735","targetHints":{"allow":["GET"]}}],"collection":[{"href":"https:\/\/www.autonvaraosahaku.fi\/index.php?rest_route=\/wp\/v2\/product"}],"about":[{"href":"https:\/\/www.autonvaraosahaku.fi\/index.php?rest_route=\/wp\/v2\/types\/product"}],"wp:attachment":[{"href":"https:\/\/www.autonvaraosahaku.fi\/index.php?rest_route=%2Fwp%2Fv2%2Fmedia&parent=11735"}],"wp:term":[{"taxonomy":"pwb-brand","embeddable":true,"href":"https:\/\/www.autonvaraosahaku.fi\/index.php?rest_route=%2Fwp%2Fv2%2Fpwb-brand&post=11735"},{"taxonomy":"product_cat","embeddable":true,"href":"https:\/\/www.autonvaraosahaku.fi\/index.php?rest_route=%2Fwp%2Fv2%2Fproduct_cat&post=11735"},{"taxonomy":"product_tag","embeddable":true,"href":"https:\/\/www.autonvaraosahaku.fi\/index.php?rest_route=%2Fwp%2Fv2%2Fproduct_tag&post=11735"}],"curies":[{"name":"wp","href":"https:\/\/api.w.org\/{rel}","templated":true}]}}