{"id":11737,"date":"2021-02-21T14:12:36","date_gmt":"2021-02-21T14:12:36","guid":{"rendered":"https:\/\/www.autonvaraosahaku.fi\/?product=automega-130085010-hydraulinen-venttiilinnostin"},"modified":"2021-02-21T14:12:38","modified_gmt":"2021-02-21T14:12:38","slug":"automega-130085010-hydraulinen-venttiilinnostin","status":"publish","type":"product","link":"https:\/\/www.autonvaraosahaku.fi\/?product=automega-130085010-hydraulinen-venttiilinnostin","title":{"rendered":"AUTOMEGA 130085010 Hydraulinen venttiilinnostin"},"content":{"rendered":"<p>K\u00e4ytt\u00f6: Mekaaninen; Ulkol\u00e4pimitta [mm]: 34; Korkeus (mm): 25; Tarvittava kappalem\u00e4\u00e4r\u00e4: 8; HYUNDAI: LANTRA II Wagon J-2,LANTRA II J-2; FIAT: DUCATO Pritsche\/Fahrgestell 230,DUCATO Bus 230,DUCATO Kasten 230L,ULYSSE 220,SCUDO Kasten 220L,SCUDO Combinato 220P; CITRO\u00cbN: BERLINGO MF,BERLINGO Kasten M_,XSARA N1,XSARA Break N2,XSARA Coupe N0,XANTIA X1,EVASION 22, U6,ZX N2,JUMPY U6U,JUMPY Kasten BS_, BT_, BY_, BZ_,JUMPER Kasten 230L,XANTIA Break X1,JUMPER Bus 230P,ZX Break N2,JUMPER Pritsche\/Fahrgestell 230,C15 VD-_,JUMPY Pritsche\/Fahrgestell BU_, BV_, BW_, BX_; PEUGEOT: 206 Schr\u00e4gheck 2A\/C,306 Schr\u00e4gheck 7A, 7C, N3, N5,406 Break 8E\/F,PARTNER Combispace 5F,205 II 20A\/C,PARTNER Kasten 5,306 Break 7E, N3, N5,406 8B,J5 Pritsche\/Fahrgestell 290L,806 221,BOXER Kasten 230L,306 7B, N3, N5,EXPERT Kasten 222,309 II 3C, 3A,205 I 741A\/C,J5 Kasten 290L,BOXER Bus 230P,BOXER Pritsche\/Fahrgestell ZCT_,EXPERT 224,405 II 4B,405 II Break 4E,EXPERT Pritsche\/Fahrgestell 223,205 Kasten; 9350175880, 9633089580, 9350175880, 9633089580, 94241, 9350175880, 9633089580, 2223029000, 2223029001, 2223029000, 2223029001, 9350175880, 9633089580, SU00100099, 94241, SU00100099; Venttiilinnostin<\/p>\n","protected":false},"excerpt":{"rendered":"<p>AUTOMEGA Hydraulinen Venttiilinnostin 130085010 Venttiilinnostin HYUNDAI,FIAT,CITRO\u00cbN,LANTRA II Wagon J-2,LANTRA II J-2<\/p>\n","protected":false},"featured_media":0,"template":"","meta":{"site-sidebar-layout":"default","site-content-layout":"default","ast-global-header-display":"","ast-main-header-display":"","ast-hfb-above-header-display":"","ast-hfb-below-header-display":"","ast-hfb-mobile-header-display":"","site-post-title":"","ast-breadcrumbs-content":"","ast-featured-img":"","footer-sml-layout":"","theme-transparent-header-meta":"","adv-header-id-meta":"","stick-header-meta":"","header-above-stick-meta":"","header-main-stick-meta":"","header-below-stick-meta":""},"pwb-brand":[121],"product_cat":[126],"product_tag":[],"class_list":{"0":"post-11737","1":"product","2":"type-product","3":"status-publish","5":"pwb-brand-automega","6":"product_cat-hydraulinen-venttiilinnostin","7":"desktop-align-left","8":"tablet-align-left","9":"mobile-align-left","11":"first","12":"instock","13":"product-type-external"},"brands":[{"id":121,"name":"AUTOMEGA","slug":"automega"}],"_links":{"self":[{"href":"https:\/\/www.autonvaraosahaku.fi\/index.php?rest_route=\/wp\/v2\/product\/11737","targetHints":{"allow":["GET"]}}],"collection":[{"href":"https:\/\/www.autonvaraosahaku.fi\/index.php?rest_route=\/wp\/v2\/product"}],"about":[{"href":"https:\/\/www.autonvaraosahaku.fi\/index.php?rest_route=\/wp\/v2\/types\/product"}],"wp:attachment":[{"href":"https:\/\/www.autonvaraosahaku.fi\/index.php?rest_route=%2Fwp%2Fv2%2Fmedia&parent=11737"}],"wp:term":[{"taxonomy":"pwb-brand","embeddable":true,"href":"https:\/\/www.autonvaraosahaku.fi\/index.php?rest_route=%2Fwp%2Fv2%2Fpwb-brand&post=11737"},{"taxonomy":"product_cat","embeddable":true,"href":"https:\/\/www.autonvaraosahaku.fi\/index.php?rest_route=%2Fwp%2Fv2%2Fproduct_cat&post=11737"},{"taxonomy":"product_tag","embeddable":true,"href":"https:\/\/www.autonvaraosahaku.fi\/index.php?rest_route=%2Fwp%2Fv2%2Fproduct_tag&post=11737"}],"curies":[{"name":"wp","href":"https:\/\/api.w.org\/{rel}","templated":true}]}}