{"id":11756,"date":"2021-02-21T14:12:40","date_gmt":"2021-02-21T14:12:40","guid":{"rendered":"https:\/\/www.autonvaraosahaku.fi\/?product=mapco-33464-moottorin-kumityyny"},"modified":"2021-02-21T14:12:41","modified_gmt":"2021-02-21T14:12:41","slug":"mapco-33464-moottorin-kumityyny","status":"publish","type":"product","link":"https:\/\/www.autonvaraosahaku.fi\/?product=mapco-33464-moottorin-kumityyny","title":{"rendered":"MAPCO 33464 Moottorin kumityyny"},"content":{"rendered":"<p>Asennuspuoli: Oikea; Kiinnitysmalli: Kumimetallilaakeri; Tarvittava kappalem\u00e4\u00e4r\u00e4: 1; Organisaationumerosta: 04346; CITRO\u00cbN: BERLINGO MF,C3 I FC_,BERLINGO Kasten M_,C3 II,XSARA N1,XSARA Break N2,XSARA Coupe N0,AX ZA-_,ZX N2,BX XB-_,ZX Break N2,BX Break XB-_,C15 VD-_,C15 Kombi; PEUGEOT: 206 Schr\u00e4gheck 2A\/C,206 SW 2E\/K,206+ T3E,306 Schr\u00e4gheck 7A, 7C, N3, N5,PARTNER Combispace 5F,106 I 1A, 1C,205 II 20A\/C,PARTNER Kasten 5,306 Break 7E, N3, N5,306 7B, N3, N5,205 I Cabriolet 741B, 20D,206 Stufenheck,309 II 3C, 3A,205 I 741A\/C,405 I 15B,309 I 10C, 10A,405 I Break 15E,205 Kasten; 184438, 184472, 91538407, 184392, 184438, 184472; Moottorin Tukikumit,Moottorin Tuki<\/p>\n","protected":false},"excerpt":{"rendered":"<p>MAPCO Moottorin Kumityyny 33464 Moottorin Tukikumit,Moottorin Tuki CITRO\u00cbN,PEUGEOT,BERLINGO MF,C3 I FC_,BERLINGO Kasten M_,C3 II,XSARA N1<\/p>\n","protected":false},"featured_media":0,"template":"","meta":{"site-sidebar-layout":"default","site-content-layout":"default","ast-global-header-display":"","ast-main-header-display":"","ast-hfb-above-header-display":"","ast-hfb-below-header-display":"","ast-hfb-mobile-header-display":"","site-post-title":"","ast-breadcrumbs-content":"","ast-featured-img":"","footer-sml-layout":"","theme-transparent-header-meta":"","adv-header-id-meta":"","stick-header-meta":"","header-above-stick-meta":"","header-main-stick-meta":"","header-below-stick-meta":""},"pwb-brand":[36],"product_cat":[74],"product_tag":[],"class_list":{"0":"post-11756","1":"product","2":"type-product","3":"status-publish","5":"pwb-brand-mapco","6":"product_cat-moottorin-kumityyny","7":"desktop-align-left","8":"tablet-align-left","9":"mobile-align-left","11":"first","12":"instock","13":"product-type-external"},"brands":[{"id":36,"name":"MAPCO","slug":"mapco"}],"_links":{"self":[{"href":"https:\/\/www.autonvaraosahaku.fi\/index.php?rest_route=\/wp\/v2\/product\/11756","targetHints":{"allow":["GET"]}}],"collection":[{"href":"https:\/\/www.autonvaraosahaku.fi\/index.php?rest_route=\/wp\/v2\/product"}],"about":[{"href":"https:\/\/www.autonvaraosahaku.fi\/index.php?rest_route=\/wp\/v2\/types\/product"}],"wp:attachment":[{"href":"https:\/\/www.autonvaraosahaku.fi\/index.php?rest_route=%2Fwp%2Fv2%2Fmedia&parent=11756"}],"wp:term":[{"taxonomy":"pwb-brand","embeddable":true,"href":"https:\/\/www.autonvaraosahaku.fi\/index.php?rest_route=%2Fwp%2Fv2%2Fpwb-brand&post=11756"},{"taxonomy":"product_cat","embeddable":true,"href":"https:\/\/www.autonvaraosahaku.fi\/index.php?rest_route=%2Fwp%2Fv2%2Fproduct_cat&post=11756"},{"taxonomy":"product_tag","embeddable":true,"href":"https:\/\/www.autonvaraosahaku.fi\/index.php?rest_route=%2Fwp%2Fv2%2Fproduct_tag&post=11756"}],"curies":[{"name":"wp","href":"https:\/\/api.w.org\/{rel}","templated":true}]}}