{"id":11759,"date":"2021-02-21T14:12:43","date_gmt":"2021-02-21T14:12:43","guid":{"rendered":"https:\/\/www.autonvaraosahaku.fi\/?product=master-sport-33408-pcs-ms-raidetangon-paa"},"modified":"2021-02-21T14:12:43","modified_gmt":"2021-02-21T14:12:43","slug":"master-sport-33408-pcs-ms-raidetangon-paa","status":"publish","type":"product","link":"https:\/\/www.autonvaraosahaku.fi\/?product=master-sport-33408-pcs-ms-raidetangon-paa","title":{"rendered":"MASTER-SPORT 33408-PCS-MS Raidetangon p\u00e4\u00e4"},"content":{"rendered":"<p>Asennuspuoli: Etuakseli, Vasen; Pituus (mm): 207; Kartiomitta (mm): 18; Kierre 1: M16x1,5; kierre 2: M12x1,5; Lukum\u00e4\u00e4r\u00e4 akselille: 1; parilliset tuotenumerot: 33409-PCS-MS; Nettopaino [kg]: 0,9; Bruttopaino [kg]: 1; Varusteet: f\u00fcr Fahrzeuge mit hydraulischer Servolenkung; AUDI: A4 Avant 8K5, B8,A4 8K2, B8,Q5 8R,A5 8T3,A5 Sportback 8TA,A4 Allroad 8KH, B8,A5 Cabriolet 8F7; 8K0422817A, 8K0422817B<\/p>\n","protected":false},"excerpt":{"rendered":"<p>MASTER-SPORT Raidetangon P\u00e4\u00e4 33408-PCS-MS  AUDI,A4 Avant 8K5, B8,A4 8K2, B8,Q5 8R,A5 8T3,A5 Sportback 8TA,A4 Allroad 8KH, B8,A5 Cabriolet 8F7<\/p>\n","protected":false},"featured_media":0,"template":"","meta":{"site-sidebar-layout":"default","site-content-layout":"default","ast-global-header-display":"","ast-main-header-display":"","ast-hfb-above-header-display":"","ast-hfb-below-header-display":"","ast-hfb-mobile-header-display":"","site-post-title":"","ast-breadcrumbs-content":"","ast-featured-img":"","footer-sml-layout":"","theme-transparent-header-meta":"","adv-header-id-meta":"","stick-header-meta":"","header-above-stick-meta":"","header-main-stick-meta":"","header-below-stick-meta":""},"pwb-brand":[61],"product_cat":[96],"product_tag":[],"class_list":{"0":"post-11759","1":"product","2":"type-product","3":"status-publish","5":"pwb-brand-master-sport","6":"product_cat-raidetangon-paa","7":"desktop-align-left","8":"tablet-align-left","9":"mobile-align-left","11":"first","12":"instock","13":"product-type-external"},"brands":[{"id":61,"name":"MASTER-SPORT","slug":"master-sport"}],"_links":{"self":[{"href":"https:\/\/www.autonvaraosahaku.fi\/index.php?rest_route=\/wp\/v2\/product\/11759","targetHints":{"allow":["GET"]}}],"collection":[{"href":"https:\/\/www.autonvaraosahaku.fi\/index.php?rest_route=\/wp\/v2\/product"}],"about":[{"href":"https:\/\/www.autonvaraosahaku.fi\/index.php?rest_route=\/wp\/v2\/types\/product"}],"wp:attachment":[{"href":"https:\/\/www.autonvaraosahaku.fi\/index.php?rest_route=%2Fwp%2Fv2%2Fmedia&parent=11759"}],"wp:term":[{"taxonomy":"pwb-brand","embeddable":true,"href":"https:\/\/www.autonvaraosahaku.fi\/index.php?rest_route=%2Fwp%2Fv2%2Fpwb-brand&post=11759"},{"taxonomy":"product_cat","embeddable":true,"href":"https:\/\/www.autonvaraosahaku.fi\/index.php?rest_route=%2Fwp%2Fv2%2Fproduct_cat&post=11759"},{"taxonomy":"product_tag","embeddable":true,"href":"https:\/\/www.autonvaraosahaku.fi\/index.php?rest_route=%2Fwp%2Fv2%2Fproduct_tag&post=11759"}],"curies":[{"name":"wp","href":"https:\/\/api.w.org\/{rel}","templated":true}]}}