{"id":11763,"date":"2021-02-21T14:12:43","date_gmt":"2021-02-21T14:12:43","guid":{"rendered":"https:\/\/www.autonvaraosahaku.fi\/?product=meyle-126-614-0005-iskunvaimennin"},"modified":"2021-02-21T14:12:44","modified_gmt":"2021-02-21T14:12:44","slug":"meyle-126-614-0005-iskunvaimennin","status":"publish","type":"product","link":"https:\/\/www.autonvaraosahaku.fi\/?product=meyle-126-614-0005-iskunvaimennin","title":{"rendered":"MEYLE 126 614 0005 Iskunvaimennin"},"content":{"rendered":"<p>Asennuspuoli: Etuakseli; Iskunvaimennin tyyppi: \u00d6ljypaine; Iskunvaimennusj\u00e4rjestelm\u00e4: Kaksiputki; Iskunvaimennin malli: Joustintukisarja; Iskunvaimennin asennustapa: Tappi ylh\u00e4\u00e4ll\u00e4; Suositellun tarvikkeen tuotenumero: 100 640 0011; lis\u00e4tieto: ORIGINAL Quality; VW: PASSAT Variant 32B,PASSAT 32B,PASSAT 32,PASSAT Stufenheck 32B,PASSAT Variant 33,SANTANA 32B; AUDI: 80 89, 89Q, 8A, B3,80 81, 85, B2,90 89, 89Q, 8A, B3,COUPE 81, 85,90 81, 85, B2; 321412503A, 321412503B, 321412503C, 321413031B, 321413503A, 321413503B, 811413031A, 811413503, 811413503B, 811413503D, 811413503E, 811413503F, 811413503G, 811413503H, 811413503K, 827412031B, 827412031C, 855413503C, 893413503AA, 893413503C, 893413503F, 893413503P, 321412503A, 321412503B, 321412503C, 321413031B, 321413503, 321413503A, 321413503B, 811413031A, 811413503, 811413503B, 811413503D, 811413503E, 811413503F, 811413503G, 811413503H, 811413503K, 827412031B, 827412031C, 855413503C, 893413503AA, 893413503C, 893413503F, 893413503P; Iskarit,Iskunvaimennin<\/p>\n","protected":false},"excerpt":{"rendered":"<p>MEYLE Iskunvaimentimet 126 614 0005 Iskarit,Iskunvaimennin VW,AUDI,PASSAT Variant 32B,PASSAT 32B,PASSAT 32,PASSAT Stufenheck 32B,PASSAT Variant 33<\/p>\n","protected":false},"featured_media":0,"template":"","meta":{"site-sidebar-layout":"default","site-content-layout":"default","ast-global-header-display":"","ast-main-header-display":"","ast-hfb-above-header-display":"","ast-hfb-below-header-display":"","ast-hfb-mobile-header-display":"","site-post-title":"","ast-breadcrumbs-content":"","ast-featured-img":"","footer-sml-layout":"","theme-transparent-header-meta":"","adv-header-id-meta":"","stick-header-meta":"","header-above-stick-meta":"","header-main-stick-meta":"","header-below-stick-meta":""},"pwb-brand":[84],"product_cat":[80],"product_tag":[],"class_list":{"0":"post-11763","1":"product","2":"type-product","3":"status-publish","5":"pwb-brand-meyle","6":"product_cat-iskunvaimennin","7":"desktop-align-left","8":"tablet-align-left","9":"mobile-align-left","11":"first","12":"instock","13":"product-type-external"},"brands":[{"id":84,"name":"MEYLE","slug":"meyle"}],"_links":{"self":[{"href":"https:\/\/www.autonvaraosahaku.fi\/index.php?rest_route=\/wp\/v2\/product\/11763","targetHints":{"allow":["GET"]}}],"collection":[{"href":"https:\/\/www.autonvaraosahaku.fi\/index.php?rest_route=\/wp\/v2\/product"}],"about":[{"href":"https:\/\/www.autonvaraosahaku.fi\/index.php?rest_route=\/wp\/v2\/types\/product"}],"wp:attachment":[{"href":"https:\/\/www.autonvaraosahaku.fi\/index.php?rest_route=%2Fwp%2Fv2%2Fmedia&parent=11763"}],"wp:term":[{"taxonomy":"pwb-brand","embeddable":true,"href":"https:\/\/www.autonvaraosahaku.fi\/index.php?rest_route=%2Fwp%2Fv2%2Fpwb-brand&post=11763"},{"taxonomy":"product_cat","embeddable":true,"href":"https:\/\/www.autonvaraosahaku.fi\/index.php?rest_route=%2Fwp%2Fv2%2Fproduct_cat&post=11763"},{"taxonomy":"product_tag","embeddable":true,"href":"https:\/\/www.autonvaraosahaku.fi\/index.php?rest_route=%2Fwp%2Fv2%2Fproduct_tag&post=11763"}],"curies":[{"name":"wp","href":"https:\/\/api.w.org\/{rel}","templated":true}]}}