{"id":11778,"date":"2021-02-21T14:12:43","date_gmt":"2021-02-21T14:12:43","guid":{"rendered":"https:\/\/www.autonvaraosahaku.fi\/?product=meyle-16-14-860-0006-hehkutulppa"},"modified":"2021-02-21T14:12:45","modified_gmt":"2021-02-21T14:12:45","slug":"meyle-16-14-860-0006-hehkutulppa","status":"publish","type":"product","link":"https:\/\/www.autonvaraosahaku.fi\/?product=meyle-16-14-860-0006-hehkutulppa","title":{"rendered":"MEYLE 16-14 860 0006 Hehkutulppa"},"content":{"rendered":"<p>J\u00e4nnite (V): 11; Kierremitta: M10 x 1; Nimellisvirta [A]: 15; L\u00e4pimitta [mm]: 5,1; Hehkutulppatyyppi: j\u00e4lkihehkutuksenkest\u00e4v\u00e4, Hehkutulppa, puikko; Kokonaispituus (mm): 151; Avainv\u00e4li: 10; Liittimet: \u00d8 4 mm; Asennussyvyys (mm): 25; Kartionousu: 63\u00b0; lis\u00e4tieto: ORIGINAL Quality; Valmistusvuoteen: 10\/2006; NISSAN: PRIMASTAR Bus X83,PRIMASTAR Kasten X83,INTERSTAR Kasten X70,INTERSTAR Bus X70,INTERSTAR Pritsche\/Fahrgestell; OPEL: VIVARO Kasten F7,VIVARO Combi J7,MOVANO Kasten F9,MOVANO Combi J9,VIVARO Pritsche\/Fahrgestell E7,MOVANO Pritsche\/Fahrgestell U9, E9,MOVANO Kipper H9; RENAULT: ESPACE IV JK0\/1_,LAGUNA II Grandtour KG0\/1_,ESPACE III JE0_,LAGUNA II BG0\/1_,TRAFIC II Bus JL,MASTER II Kasten FD,TRAFIC II Kasten FL,MASTER II Pritsche\/Fahrgestell ED\/HD\/UD,VEL SATIS BJ0_,MASTER II Bus JD,AVANTIME DE0_,TRAFIC II Pritsche\/Fahrgestell EL; VAUXHALL: VIVARO Kasten F7,MOVANO Mk I A Van FD,VIVARO Combi J7,MOVANO Mk I A Combi JD; 1106500Q0A, 1106500QAE, 1214080, 4430069, 4430920, 4506155, 7700103674, 8200012099, 8200445627, 8200517313, 1214080, 4430069, 4506155<\/p>\n","protected":false},"excerpt":{"rendered":"<p>MEYLE Hehkutulppa 16-14 860 0006  NISSAN,OPEL,RENAULT,PRIMASTAR Bus X83,PRIMASTAR Kasten X83,INTERSTAR Kasten X70,INTERSTAR Bus X70<\/p>\n","protected":false},"featured_media":0,"template":"","meta":{"site-sidebar-layout":"default","site-content-layout":"default","ast-global-header-display":"","ast-main-header-display":"","ast-hfb-above-header-display":"","ast-hfb-below-header-display":"","ast-hfb-mobile-header-display":"","site-post-title":"","ast-breadcrumbs-content":"","ast-featured-img":"","footer-sml-layout":"","theme-transparent-header-meta":"","adv-header-id-meta":"","stick-header-meta":"","header-above-stick-meta":"","header-main-stick-meta":"","header-below-stick-meta":""},"pwb-brand":[84],"product_cat":[52],"product_tag":[],"class_list":{"0":"post-11778","1":"product","2":"type-product","3":"status-publish","5":"pwb-brand-meyle","6":"product_cat-hehkutulppa","7":"desktop-align-left","8":"tablet-align-left","9":"mobile-align-left","11":"first","12":"instock","13":"product-type-external"},"brands":[{"id":84,"name":"MEYLE","slug":"meyle"}],"_links":{"self":[{"href":"https:\/\/www.autonvaraosahaku.fi\/index.php?rest_route=\/wp\/v2\/product\/11778","targetHints":{"allow":["GET"]}}],"collection":[{"href":"https:\/\/www.autonvaraosahaku.fi\/index.php?rest_route=\/wp\/v2\/product"}],"about":[{"href":"https:\/\/www.autonvaraosahaku.fi\/index.php?rest_route=\/wp\/v2\/types\/product"}],"wp:attachment":[{"href":"https:\/\/www.autonvaraosahaku.fi\/index.php?rest_route=%2Fwp%2Fv2%2Fmedia&parent=11778"}],"wp:term":[{"taxonomy":"pwb-brand","embeddable":true,"href":"https:\/\/www.autonvaraosahaku.fi\/index.php?rest_route=%2Fwp%2Fv2%2Fpwb-brand&post=11778"},{"taxonomy":"product_cat","embeddable":true,"href":"https:\/\/www.autonvaraosahaku.fi\/index.php?rest_route=%2Fwp%2Fv2%2Fproduct_cat&post=11778"},{"taxonomy":"product_tag","embeddable":true,"href":"https:\/\/www.autonvaraosahaku.fi\/index.php?rest_route=%2Fwp%2Fv2%2Fproduct_tag&post=11778"}],"curies":[{"name":"wp","href":"https:\/\/api.w.org\/{rel}","templated":true}]}}