{"id":11785,"date":"2021-02-21T14:12:47","date_gmt":"2021-02-21T14:12:47","guid":{"rendered":"https:\/\/www.autonvaraosahaku.fi\/?product=master-sport-11860-set-ms-alapallonivel"},"modified":"2021-02-21T14:12:47","modified_gmt":"2021-02-21T14:12:47","slug":"master-sport-11860-set-ms-alapallonivel","status":"publish","type":"product","link":"https:\/\/www.autonvaraosahaku.fi\/?product=master-sport-11860-set-ms-alapallonivel","title":{"rendered":"MASTER-SPORT 11860-SET-MS Alapallonivel"},"content":{"rendered":"<p>Asennuspuoli: Etuakseli, Yl\u00e4puolella, Molemminpuolin, Ulompi; Lukum\u00e4\u00e4r\u00e4 akselille: 2; Nettopaino [kg]: 0,71; Bruttopaino [kg]: 0,75; NISSAN: TERRANO II R20,NAVARA D22,PICK UP D21,TERRANO I WD21,PICK UP 720,TERRANO Van R20,URVAN Bus E24,URVAN Kasten E23,URVAN Kasten E24,URVAN Bus E23,DATSUN 140 Y Kombi HLB310; FORD: MAVERICK UDS, UNS; 1954430, 4011001G00, 4011001G25, 4011001G26, 401100F000, 40110B9500, 40110T3060, 40110T6000, 40110T6025, 40110V0100; Pallonivel<\/p>\n","protected":false},"excerpt":{"rendered":"<p>MASTER-SPORT Alapallonivel 11860-SET-MS Pallonivel NISSAN,FORD,TERRANO II R20,NAVARA D22,PICK UP D21,TERRANO I WD21,PICK UP 720,TERRANO Van R20<\/p>\n","protected":false},"featured_media":0,"template":"","meta":{"site-sidebar-layout":"default","site-content-layout":"default","ast-global-header-display":"","ast-main-header-display":"","ast-hfb-above-header-display":"","ast-hfb-below-header-display":"","ast-hfb-mobile-header-display":"","site-post-title":"","ast-breadcrumbs-content":"","ast-featured-img":"","footer-sml-layout":"","theme-transparent-header-meta":"","adv-header-id-meta":"","stick-header-meta":"","header-above-stick-meta":"","header-main-stick-meta":"","header-below-stick-meta":""},"pwb-brand":[61],"product_cat":[93],"product_tag":[],"class_list":{"0":"post-11785","1":"product","2":"type-product","3":"status-publish","5":"pwb-brand-master-sport","6":"product_cat-alapallonivel","7":"desktop-align-left","8":"tablet-align-left","9":"mobile-align-left","11":"first","12":"instock","13":"product-type-external"},"brands":[{"id":61,"name":"MASTER-SPORT","slug":"master-sport"}],"_links":{"self":[{"href":"https:\/\/www.autonvaraosahaku.fi\/index.php?rest_route=\/wp\/v2\/product\/11785","targetHints":{"allow":["GET"]}}],"collection":[{"href":"https:\/\/www.autonvaraosahaku.fi\/index.php?rest_route=\/wp\/v2\/product"}],"about":[{"href":"https:\/\/www.autonvaraosahaku.fi\/index.php?rest_route=\/wp\/v2\/types\/product"}],"wp:attachment":[{"href":"https:\/\/www.autonvaraosahaku.fi\/index.php?rest_route=%2Fwp%2Fv2%2Fmedia&parent=11785"}],"wp:term":[{"taxonomy":"pwb-brand","embeddable":true,"href":"https:\/\/www.autonvaraosahaku.fi\/index.php?rest_route=%2Fwp%2Fv2%2Fpwb-brand&post=11785"},{"taxonomy":"product_cat","embeddable":true,"href":"https:\/\/www.autonvaraosahaku.fi\/index.php?rest_route=%2Fwp%2Fv2%2Fproduct_cat&post=11785"},{"taxonomy":"product_tag","embeddable":true,"href":"https:\/\/www.autonvaraosahaku.fi\/index.php?rest_route=%2Fwp%2Fv2%2Fproduct_tag&post=11785"}],"curies":[{"name":"wp","href":"https:\/\/api.w.org\/{rel}","templated":true}]}}