{"id":11788,"date":"2021-02-21T14:12:47","date_gmt":"2021-02-21T14:12:47","guid":{"rendered":"https:\/\/www.autonvaraosahaku.fi\/?product=ridex-412w0159-abs-anturi"},"modified":"2021-02-21T14:12:48","modified_gmt":"2021-02-21T14:12:48","slug":"ridex-412w0159-abs-anturi","status":"publish","type":"product","link":"https:\/\/www.autonvaraosahaku.fi\/?product=ridex-412w0159-abs-anturi","title":{"rendered":"RIDEX 412W0159 ABS anturi"},"content":{"rendered":"<p>Jarru-\/ajodynamiikka: Autoihin, joissa ABS; Kulumisenilmaisimen liitos: Ei kulumisenilmaisimelle; Nimellisj\u00e4nnite (V): 12; Asennuspuoli: etuakseli molemminpuoleinen, Etuakseli, oikea, Vorderachse; Pituus (mm): 550; Vastus [Ohm]: 1120; Kaapelinmitta (mm): 468; Tunnistinmalli: Induktiivi anturi, passiivi sensori; Napojen m\u00e4\u00e4r\u00e4: 4; Korvaava tuote\/korvaava tiedote 2: Kaapelilla; Paino [kg]: 0,065; Pakkaussyvyys [cm]: 55, 9; VW: SHARAN 7M8, 7M9, 7M6; FORD: GALAXY WGR; SEAT: ALHAMBRA 7V8, 7V9; 7M3927807G, 1110439, 1112764, YM212B372AB, 7M3927807G, 7M3927807G, 7M3927807G; ABS Tunnistin,Tunnistin, Kiertonopeus<\/p>\n","protected":false},"excerpt":{"rendered":"<p>RIDEX ABS Anturi 412W0159 ABS Tunnistin,Tunnistin, Kiertonopeus VW,FORD,SEAT,SHARAN 7M8, 7M9, 7M6,GALAXY WGR,ALHAMBRA 7V8, 7V9<\/p>\n","protected":false},"featured_media":0,"template":"","meta":{"site-sidebar-layout":"default","site-content-layout":"default","ast-global-header-display":"","ast-main-header-display":"","ast-hfb-above-header-display":"","ast-hfb-below-header-display":"","ast-hfb-mobile-header-display":"","site-post-title":"","ast-breadcrumbs-content":"","ast-featured-img":"","footer-sml-layout":"","theme-transparent-header-meta":"","adv-header-id-meta":"","stick-header-meta":"","header-above-stick-meta":"","header-main-stick-meta":"","header-below-stick-meta":""},"pwb-brand":[157],"product_cat":[118],"product_tag":[],"class_list":{"0":"post-11788","1":"product","2":"type-product","3":"status-publish","5":"pwb-brand-ridex","6":"product_cat-abs-anturi","7":"desktop-align-left","8":"tablet-align-left","9":"mobile-align-left","11":"first","12":"instock","13":"product-type-external"},"brands":[{"id":157,"name":"RIDEX","slug":"ridex"}],"_links":{"self":[{"href":"https:\/\/www.autonvaraosahaku.fi\/index.php?rest_route=\/wp\/v2\/product\/11788","targetHints":{"allow":["GET"]}}],"collection":[{"href":"https:\/\/www.autonvaraosahaku.fi\/index.php?rest_route=\/wp\/v2\/product"}],"about":[{"href":"https:\/\/www.autonvaraosahaku.fi\/index.php?rest_route=\/wp\/v2\/types\/product"}],"wp:attachment":[{"href":"https:\/\/www.autonvaraosahaku.fi\/index.php?rest_route=%2Fwp%2Fv2%2Fmedia&parent=11788"}],"wp:term":[{"taxonomy":"pwb-brand","embeddable":true,"href":"https:\/\/www.autonvaraosahaku.fi\/index.php?rest_route=%2Fwp%2Fv2%2Fpwb-brand&post=11788"},{"taxonomy":"product_cat","embeddable":true,"href":"https:\/\/www.autonvaraosahaku.fi\/index.php?rest_route=%2Fwp%2Fv2%2Fproduct_cat&post=11788"},{"taxonomy":"product_tag","embeddable":true,"href":"https:\/\/www.autonvaraosahaku.fi\/index.php?rest_route=%2Fwp%2Fv2%2Fproduct_tag&post=11788"}],"curies":[{"name":"wp","href":"https:\/\/api.w.org\/{rel}","templated":true}]}}