{"id":11789,"date":"2021-02-21T14:12:47","date_gmt":"2021-02-21T14:12:47","guid":{"rendered":"https:\/\/www.autonvaraosahaku.fi\/?product=abakus-551-4001r-ld-ue-sumuvalot"},"modified":"2021-02-21T14:12:48","modified_gmt":"2021-02-21T14:12:48","slug":"abakus-551-4001r-ld-ue-sumuvalot","status":"publish","type":"product","link":"https:\/\/www.autonvaraosahaku.fi\/?product=abakus-551-4001r-ld-ue-sumuvalot","title":{"rendered":"ABAKUS 551-4001R-LD-UE Sumuvalot"},"content":{"rendered":"<p>Asennuspuoli: Oikea; Reletoiminto: Sumutakavalo; Lis\u00e4tarvike\/lis\u00e4tieto: Ilman lampun kantaa, Ilman polttimoa; Rekister\u00f6ity tyyppi: E-hyv\u00e4ksytty; RENAULT: KANGOO \/ GRAND KANGOO KW0\/1_,KANGOO Express FW0\/1_,KANGOO BE BOP KW0\/1_; 4159060900, A4159060900, 8200419908<\/p>\n","protected":false},"excerpt":{"rendered":"<p>ABAKUS Takasumuvalo 551-4001R-LD-UE  RENAULT,KANGOO \/ GRAND KANGOO KW0\/1_,KANGOO Express FW0\/1_,KANGOO BE BOP KW0\/1_<\/p>\n","protected":false},"featured_media":0,"template":"","meta":{"site-sidebar-layout":"default","site-content-layout":"default","ast-global-header-display":"","ast-main-header-display":"","ast-hfb-above-header-display":"","ast-hfb-below-header-display":"","ast-hfb-mobile-header-display":"","site-post-title":"","ast-breadcrumbs-content":"","ast-featured-img":"","footer-sml-layout":"","theme-transparent-header-meta":"","adv-header-id-meta":"","stick-header-meta":"","header-above-stick-meta":"","header-main-stick-meta":"","header-below-stick-meta":""},"pwb-brand":[148],"product_cat":[119],"product_tag":[],"class_list":{"0":"post-11789","1":"product","2":"type-product","3":"status-publish","5":"pwb-brand-abakus","6":"product_cat-sumuvalot","7":"desktop-align-left","8":"tablet-align-left","9":"mobile-align-left","11":"first","12":"instock","13":"product-type-external"},"brands":[{"id":148,"name":"ABAKUS","slug":"abakus"}],"_links":{"self":[{"href":"https:\/\/www.autonvaraosahaku.fi\/index.php?rest_route=\/wp\/v2\/product\/11789","targetHints":{"allow":["GET"]}}],"collection":[{"href":"https:\/\/www.autonvaraosahaku.fi\/index.php?rest_route=\/wp\/v2\/product"}],"about":[{"href":"https:\/\/www.autonvaraosahaku.fi\/index.php?rest_route=\/wp\/v2\/types\/product"}],"wp:attachment":[{"href":"https:\/\/www.autonvaraosahaku.fi\/index.php?rest_route=%2Fwp%2Fv2%2Fmedia&parent=11789"}],"wp:term":[{"taxonomy":"pwb-brand","embeddable":true,"href":"https:\/\/www.autonvaraosahaku.fi\/index.php?rest_route=%2Fwp%2Fv2%2Fpwb-brand&post=11789"},{"taxonomy":"product_cat","embeddable":true,"href":"https:\/\/www.autonvaraosahaku.fi\/index.php?rest_route=%2Fwp%2Fv2%2Fproduct_cat&post=11789"},{"taxonomy":"product_tag","embeddable":true,"href":"https:\/\/www.autonvaraosahaku.fi\/index.php?rest_route=%2Fwp%2Fv2%2Fproduct_tag&post=11789"}],"curies":[{"name":"wp","href":"https:\/\/api.w.org\/{rel}","templated":true}]}}