{"id":11795,"date":"2021-02-21T14:12:47","date_gmt":"2021-02-21T14:12:47","guid":{"rendered":"https:\/\/www.autonvaraosahaku.fi\/?product=master-sport-24012002091-pcs-ms-jarrulevyt"},"modified":"2021-02-21T14:12:48","modified_gmt":"2021-02-21T14:12:48","slug":"master-sport-24012002091-pcs-ms-jarrulevyt","status":"publish","type":"product","link":"https:\/\/www.autonvaraosahaku.fi\/?product=master-sport-24012002091-pcs-ms-jarrulevyt","title":{"rendered":"MASTER-SPORT 24012002091-PCS-MS Jarrulevyt"},"content":{"rendered":"<p>L\u00e4pimitta [mm]: 303,0; Jarrulevytyyppi: Tuuletettu; Jarrulevyn paksuus (mm): 20,0; Korkeus (mm): 71,6; Reik\u00e4-\u00d8 [mm]: 12,8; V\u00e4himm\u00e4ispaksuus (mm): 18,4; Sis\u00e4l\u00e4pimitta [mm]: 190,0; Reikien m\u00e4\u00e4r\u00e4: 5; keskitt\u00e4misl\u00e4pimitta [mm]: 70,7; Reik\u00e4ympyr\u00e4-\u00d8 [mm]: 115,0; K\u00e4sittely: Seostettu \/ hiilletty; Nettopaino [kg]: 7,13; Bruttopaino [kg]: 7,2; Asennuspuoli: Hinterachse; CHEVROLET: CAPTIVA C100, C140,CAPTIVA SPORT; OPEL: ANTARA; VAUXHALL: ANTARA J26, H26; 20968395, 4801857, 96625873, 25804046, 4804637, 96625873; Jarrulevy<\/p>\n","protected":false},"excerpt":{"rendered":"<p>MASTER-SPORT Jarrulevyt 24012002091-PCS-MS Jarrulevy CHEVROLET,OPEL,VAUXHALL,CAPTIVA C100, C140,CAPTIVA SPORT,ANTARA,ANTARA J26, H26<\/p>\n","protected":false},"featured_media":0,"template":"","meta":{"site-sidebar-layout":"default","site-content-layout":"default","ast-global-header-display":"","ast-main-header-display":"","ast-hfb-above-header-display":"","ast-hfb-below-header-display":"","ast-hfb-mobile-header-display":"","site-post-title":"","ast-breadcrumbs-content":"","ast-featured-img":"","footer-sml-layout":"","theme-transparent-header-meta":"","adv-header-id-meta":"","stick-header-meta":"","header-above-stick-meta":"","header-main-stick-meta":"","header-below-stick-meta":""},"pwb-brand":[61],"product_cat":[66],"product_tag":[],"class_list":{"0":"post-11795","1":"product","2":"type-product","3":"status-publish","5":"pwb-brand-master-sport","6":"product_cat-jarrulevyt","7":"desktop-align-left","8":"tablet-align-left","9":"mobile-align-left","11":"first","12":"instock","13":"product-type-external"},"brands":[{"id":61,"name":"MASTER-SPORT","slug":"master-sport"}],"_links":{"self":[{"href":"https:\/\/www.autonvaraosahaku.fi\/index.php?rest_route=\/wp\/v2\/product\/11795","targetHints":{"allow":["GET"]}}],"collection":[{"href":"https:\/\/www.autonvaraosahaku.fi\/index.php?rest_route=\/wp\/v2\/product"}],"about":[{"href":"https:\/\/www.autonvaraosahaku.fi\/index.php?rest_route=\/wp\/v2\/types\/product"}],"wp:attachment":[{"href":"https:\/\/www.autonvaraosahaku.fi\/index.php?rest_route=%2Fwp%2Fv2%2Fmedia&parent=11795"}],"wp:term":[{"taxonomy":"pwb-brand","embeddable":true,"href":"https:\/\/www.autonvaraosahaku.fi\/index.php?rest_route=%2Fwp%2Fv2%2Fpwb-brand&post=11795"},{"taxonomy":"product_cat","embeddable":true,"href":"https:\/\/www.autonvaraosahaku.fi\/index.php?rest_route=%2Fwp%2Fv2%2Fproduct_cat&post=11795"},{"taxonomy":"product_tag","embeddable":true,"href":"https:\/\/www.autonvaraosahaku.fi\/index.php?rest_route=%2Fwp%2Fv2%2Fproduct_tag&post=11795"}],"curies":[{"name":"wp","href":"https:\/\/api.w.org\/{rel}","templated":true}]}}