{"id":11804,"date":"2021-02-21T14:12:50","date_gmt":"2021-02-21T14:12:50","guid":{"rendered":"https:\/\/www.autonvaraosahaku.fi\/?product=topran-116-166-abs-anturi"},"modified":"2021-02-21T14:12:51","modified_gmt":"2021-02-21T14:12:51","slug":"topran-116-166-abs-anturi","status":"publish","type":"product","link":"https:\/\/www.autonvaraosahaku.fi\/?product=topran-116-166-abs-anturi","title":{"rendered":"TOPRAN 116 166 ABS anturi"},"content":{"rendered":"<p>Asennuspuoli: Taka-akseli, oikea; parilliset tuotenumerot: 116 165; Pistokkeen kotelon muoto: D-muoto; Korvaava tuote\/korvaava tiedote 2: ilman kaapelia; Napojen m\u00e4\u00e4r\u00e4: 2; Jarru-\/ajodynamiikka: Autoihin, joissa ABS; VW: AMAROK 2H_, S1B; 2H0927808A; ABS Tunnistin,Tunnistin, Kiertonopeus<\/p>\n","protected":false},"excerpt":{"rendered":"<p>TOPRAN ABS Anturi 116 166 ABS Tunnistin,Tunnistin, Kiertonopeus VW,AMAROK 2H_, S1B<\/p>\n","protected":false},"featured_media":0,"template":"","meta":{"site-sidebar-layout":"default","site-content-layout":"default","ast-global-header-display":"","ast-main-header-display":"","ast-hfb-above-header-display":"","ast-hfb-below-header-display":"","ast-hfb-mobile-header-display":"","site-post-title":"","ast-breadcrumbs-content":"","ast-featured-img":"","footer-sml-layout":"","theme-transparent-header-meta":"","adv-header-id-meta":"","stick-header-meta":"","header-above-stick-meta":"","header-main-stick-meta":"","header-below-stick-meta":""},"pwb-brand":[18],"product_cat":[118],"product_tag":[],"class_list":{"0":"post-11804","1":"product","2":"type-product","3":"status-publish","5":"pwb-brand-topran","6":"product_cat-abs-anturi","7":"desktop-align-left","8":"tablet-align-left","9":"mobile-align-left","11":"first","12":"instock","13":"product-type-external"},"brands":[{"id":18,"name":"TOPRAN","slug":"topran"}],"_links":{"self":[{"href":"https:\/\/www.autonvaraosahaku.fi\/index.php?rest_route=\/wp\/v2\/product\/11804","targetHints":{"allow":["GET"]}}],"collection":[{"href":"https:\/\/www.autonvaraosahaku.fi\/index.php?rest_route=\/wp\/v2\/product"}],"about":[{"href":"https:\/\/www.autonvaraosahaku.fi\/index.php?rest_route=\/wp\/v2\/types\/product"}],"wp:attachment":[{"href":"https:\/\/www.autonvaraosahaku.fi\/index.php?rest_route=%2Fwp%2Fv2%2Fmedia&parent=11804"}],"wp:term":[{"taxonomy":"pwb-brand","embeddable":true,"href":"https:\/\/www.autonvaraosahaku.fi\/index.php?rest_route=%2Fwp%2Fv2%2Fpwb-brand&post=11804"},{"taxonomy":"product_cat","embeddable":true,"href":"https:\/\/www.autonvaraosahaku.fi\/index.php?rest_route=%2Fwp%2Fv2%2Fproduct_cat&post=11804"},{"taxonomy":"product_tag","embeddable":true,"href":"https:\/\/www.autonvaraosahaku.fi\/index.php?rest_route=%2Fwp%2Fv2%2Fproduct_tag&post=11804"}],"curies":[{"name":"wp","href":"https:\/\/api.w.org\/{rel}","templated":true}]}}