{"id":11807,"date":"2021-02-21T14:12:50","date_gmt":"2021-02-21T14:12:50","guid":{"rendered":"https:\/\/www.autonvaraosahaku.fi\/?product=bm-catalysts-bm70334-keskimmainen-aanenvaimennin"},"modified":"2021-02-21T14:12:51","modified_gmt":"2021-02-21T14:12:51","slug":"bm-catalysts-bm70334-keskimmainen-aanenvaimennin","status":"publish","type":"product","link":"https:\/\/www.autonvaraosahaku.fi\/?product=bm-catalysts-bm70334-keskimmainen-aanenvaimennin","title":{"rendered":"BM CATALYSTS BM70334 Keskimm\u00e4inen \u00e4\u00e4nenvaimennin"},"content":{"rendered":"<p>Vain jnk. yhteydess\u00e4: FK70334; Asennuspuoli: vorne; VW: GOLF IV 1J1,GOLF IV Variant 1J5,BORA 1J2,BORA Kombi 1J6; SEAT: LEON 1M1,TOLEDO II 1M2; 1J0253091FA, 1J025391FA, 1J0254301S, 1J0254302L, 1J0253091FA, 1J025391FA, 1J0254301S, 1J0254302L<\/p>\n","protected":false},"excerpt":{"rendered":"<p>BM CATALYSTS Pakoputki BM70334  VW,SEAT,GOLF IV 1J1,GOLF IV Variant 1J5,BORA 1J2,BORA Kombi 1J6,LEON 1M1,TOLEDO II 1M2<\/p>\n","protected":false},"featured_media":0,"template":"","meta":{"site-sidebar-layout":"default","site-content-layout":"default","ast-global-header-display":"","ast-main-header-display":"","ast-hfb-above-header-display":"","ast-hfb-below-header-display":"","ast-hfb-mobile-header-display":"","site-post-title":"","ast-breadcrumbs-content":"","ast-featured-img":"","footer-sml-layout":"","theme-transparent-header-meta":"","adv-header-id-meta":"","stick-header-meta":"","header-above-stick-meta":"","header-main-stick-meta":"","header-below-stick-meta":""},"pwb-brand":[300],"product_cat":[212],"product_tag":[],"class_list":{"0":"post-11807","1":"product","2":"type-product","3":"status-publish","5":"pwb-brand-bm-catalysts","6":"product_cat-keskimmainen-aanenvaimennin","7":"desktop-align-left","8":"tablet-align-left","9":"mobile-align-left","11":"first","12":"instock","13":"product-type-external"},"brands":[{"id":300,"name":"BM CATALYSTS","slug":"bm-catalysts"}],"_links":{"self":[{"href":"https:\/\/www.autonvaraosahaku.fi\/index.php?rest_route=\/wp\/v2\/product\/11807","targetHints":{"allow":["GET"]}}],"collection":[{"href":"https:\/\/www.autonvaraosahaku.fi\/index.php?rest_route=\/wp\/v2\/product"}],"about":[{"href":"https:\/\/www.autonvaraosahaku.fi\/index.php?rest_route=\/wp\/v2\/types\/product"}],"wp:attachment":[{"href":"https:\/\/www.autonvaraosahaku.fi\/index.php?rest_route=%2Fwp%2Fv2%2Fmedia&parent=11807"}],"wp:term":[{"taxonomy":"pwb-brand","embeddable":true,"href":"https:\/\/www.autonvaraosahaku.fi\/index.php?rest_route=%2Fwp%2Fv2%2Fpwb-brand&post=11807"},{"taxonomy":"product_cat","embeddable":true,"href":"https:\/\/www.autonvaraosahaku.fi\/index.php?rest_route=%2Fwp%2Fv2%2Fproduct_cat&post=11807"},{"taxonomy":"product_tag","embeddable":true,"href":"https:\/\/www.autonvaraosahaku.fi\/index.php?rest_route=%2Fwp%2Fv2%2Fproduct_tag&post=11807"}],"curies":[{"name":"wp","href":"https:\/\/api.w.org\/{rel}","templated":true}]}}