{"id":11810,"date":"2021-02-21T14:12:50","date_gmt":"2021-02-21T14:12:50","guid":{"rendered":"https:\/\/www.autonvaraosahaku.fi\/?product=master-sport-24011001171-pcs-ms-jarrulevyt"},"modified":"2021-02-21T14:12:51","modified_gmt":"2021-02-21T14:12:51","slug":"master-sport-24011001171-pcs-ms-jarrulevyt","status":"publish","type":"product","link":"https:\/\/www.autonvaraosahaku.fi\/?product=master-sport-24011001171-pcs-ms-jarrulevyt","title":{"rendered":"MASTER-SPORT 24011001171-PCS-MS Jarrulevyt"},"content":{"rendered":"<p>L\u00e4pimitta [mm]: 300,0; Jarrulevytyyppi: Vakiomalli; Jarrulevyn paksuus (mm): 10,0; Korkeus (mm): 61,0; Reik\u00e4-\u00d8 [mm]: 14,5, 14,5; V\u00e4himm\u00e4ispaksuus (mm): 8,4; Sis\u00e4l\u00e4pimitta [mm]: 180,0; Reikien m\u00e4\u00e4r\u00e4: 5; keskitt\u00e4misl\u00e4pimitta [mm]: 75,0; Reik\u00e4ympyr\u00e4-\u00d8 [mm]: 120,0; K\u00e4sittely: hiiliter\u00e4s; Nettopaino [kg]: 5,18; Bruttopaino [kg]: 5,37; M\u00e4\u00e4r\u00e4yksikk\u00f6: Kappale; Asennuspuoli: Hinterachse; BMW: 5 E34,5 Touring E34; 34211156668, 34211162305; Jarrulevy<\/p>\n","protected":false},"excerpt":{"rendered":"<p>MASTER-SPORT Jarrulevyt 24011001171-PCS-MS Jarrulevy BMW,5 E34,5 Touring E34<\/p>\n","protected":false},"featured_media":0,"template":"","meta":{"site-sidebar-layout":"default","site-content-layout":"default","ast-global-header-display":"","ast-main-header-display":"","ast-hfb-above-header-display":"","ast-hfb-below-header-display":"","ast-hfb-mobile-header-display":"","site-post-title":"","ast-breadcrumbs-content":"","ast-featured-img":"","footer-sml-layout":"","theme-transparent-header-meta":"","adv-header-id-meta":"","stick-header-meta":"","header-above-stick-meta":"","header-main-stick-meta":"","header-below-stick-meta":""},"pwb-brand":[61],"product_cat":[66],"product_tag":[],"class_list":{"0":"post-11810","1":"product","2":"type-product","3":"status-publish","5":"pwb-brand-master-sport","6":"product_cat-jarrulevyt","7":"desktop-align-left","8":"tablet-align-left","9":"mobile-align-left","11":"first","12":"instock","13":"product-type-external"},"brands":[{"id":61,"name":"MASTER-SPORT","slug":"master-sport"}],"_links":{"self":[{"href":"https:\/\/www.autonvaraosahaku.fi\/index.php?rest_route=\/wp\/v2\/product\/11810","targetHints":{"allow":["GET"]}}],"collection":[{"href":"https:\/\/www.autonvaraosahaku.fi\/index.php?rest_route=\/wp\/v2\/product"}],"about":[{"href":"https:\/\/www.autonvaraosahaku.fi\/index.php?rest_route=\/wp\/v2\/types\/product"}],"wp:attachment":[{"href":"https:\/\/www.autonvaraosahaku.fi\/index.php?rest_route=%2Fwp%2Fv2%2Fmedia&parent=11810"}],"wp:term":[{"taxonomy":"pwb-brand","embeddable":true,"href":"https:\/\/www.autonvaraosahaku.fi\/index.php?rest_route=%2Fwp%2Fv2%2Fpwb-brand&post=11810"},{"taxonomy":"product_cat","embeddable":true,"href":"https:\/\/www.autonvaraosahaku.fi\/index.php?rest_route=%2Fwp%2Fv2%2Fproduct_cat&post=11810"},{"taxonomy":"product_tag","embeddable":true,"href":"https:\/\/www.autonvaraosahaku.fi\/index.php?rest_route=%2Fwp%2Fv2%2Fproduct_tag&post=11810"}],"curies":[{"name":"wp","href":"https:\/\/api.w.org\/{rel}","templated":true}]}}