{"id":11822,"date":"2021-02-21T14:12:54","date_gmt":"2021-02-21T14:12:54","guid":{"rendered":"https:\/\/www.autonvaraosahaku.fi\/?product=tyc-15-0361-05-2-takavalot"},"modified":"2021-02-21T14:12:54","modified_gmt":"2021-02-21T14:12:54","slug":"tyc-15-0361-05-2-takavalot","status":"publish","type":"product","link":"https:\/\/www.autonvaraosahaku.fi\/?product=tyc-15-0361-05-2-takavalot","title":{"rendered":"TYC 15-0361-05-2 Takavalot"},"content":{"rendered":"<p>Rekister\u00f6ity tyyppi: E-hyv\u00e4ksytty; Lamppumalli: W16W; Lis\u00e4tarvike\/lis\u00e4tieto: Lampun kannalla; FORD: TRANSIT MK-7 Kasten,TRANSIT MK-7 Bus; 1383588, 1418383, 1519539, 4888990, 5089490, 5128002, 6C1113N408AB, 6C1113N408AC, 6C1113N408AD, 7C1613N408AA, 7C1613N408AB, 7C1613N408AC<\/p>\n","protected":false},"excerpt":{"rendered":"<p>TYC lis\u00e4jarruvalo 15-0361-05-2  FORD,TRANSIT MK-7 Kasten,TRANSIT MK-7 Bus<\/p>\n","protected":false},"featured_media":0,"template":"","meta":{"site-sidebar-layout":"default","site-content-layout":"default","ast-global-header-display":"","ast-main-header-display":"","ast-hfb-above-header-display":"","ast-hfb-below-header-display":"","ast-hfb-mobile-header-display":"","site-post-title":"","ast-breadcrumbs-content":"","ast-featured-img":"","footer-sml-layout":"","theme-transparent-header-meta":"","adv-header-id-meta":"","stick-header-meta":"","header-above-stick-meta":"","header-main-stick-meta":"","header-below-stick-meta":""},"pwb-brand":[124],"product_cat":[159],"product_tag":[],"class_list":{"0":"post-11822","1":"product","2":"type-product","3":"status-publish","5":"pwb-brand-tyc","6":"product_cat-takavalot","7":"desktop-align-left","8":"tablet-align-left","9":"mobile-align-left","11":"first","12":"instock","13":"product-type-external"},"brands":[{"id":124,"name":"TYC","slug":"tyc"}],"_links":{"self":[{"href":"https:\/\/www.autonvaraosahaku.fi\/index.php?rest_route=\/wp\/v2\/product\/11822","targetHints":{"allow":["GET"]}}],"collection":[{"href":"https:\/\/www.autonvaraosahaku.fi\/index.php?rest_route=\/wp\/v2\/product"}],"about":[{"href":"https:\/\/www.autonvaraosahaku.fi\/index.php?rest_route=\/wp\/v2\/types\/product"}],"wp:attachment":[{"href":"https:\/\/www.autonvaraosahaku.fi\/index.php?rest_route=%2Fwp%2Fv2%2Fmedia&parent=11822"}],"wp:term":[{"taxonomy":"pwb-brand","embeddable":true,"href":"https:\/\/www.autonvaraosahaku.fi\/index.php?rest_route=%2Fwp%2Fv2%2Fpwb-brand&post=11822"},{"taxonomy":"product_cat","embeddable":true,"href":"https:\/\/www.autonvaraosahaku.fi\/index.php?rest_route=%2Fwp%2Fv2%2Fproduct_cat&post=11822"},{"taxonomy":"product_tag","embeddable":true,"href":"https:\/\/www.autonvaraosahaku.fi\/index.php?rest_route=%2Fwp%2Fv2%2Fproduct_tag&post=11822"}],"curies":[{"name":"wp","href":"https:\/\/api.w.org\/{rel}","templated":true}]}}