{"id":11823,"date":"2021-02-21T14:12:54","date_gmt":"2021-02-21T14:12:54","guid":{"rendered":"https:\/\/www.autonvaraosahaku.fi\/?product=dt-4-91903-jarrupalat"},"modified":"2021-02-21T14:12:54","modified_gmt":"2021-02-21T14:12:54","slug":"dt-4-91903-jarrupalat","status":"publish","type":"product","link":"https:\/\/www.autonvaraosahaku.fi\/?product=dt-4-91903-jarrupalat","title":{"rendered":"DT 4.91903 Jarrupalat"},"content":{"rendered":"<p>Asennuspuoli: Etuakseli; Paino [g]: 1701; Leveys (mm): 156,3; Paksuus [mm]: 20; Korkeus (mm): 64,2; M\u00e4\u00e4r\u00e4yksikk\u00f6: Akselisarja; VW: LT 28-46 II Kasten 2DA, 2DD, 2DH,LT 28-35 II Bus 2DB, 2DE, 2DK,LT 28-46 II Pritsche\/Fahrgestell 2DC, 2DF, 2DG, 2DL, 2DM; MERCEDES-BENZ: 190 W201,M-CLASS W164,Stufenheck W124,GLK-CLASS X204,S-CLASS W126,S-CLASS W221,CLS C219,SL R230,KOMBI Kombi S124,E-CLASS W124,R-CLASS W251, V251,VITO Bus 638,COUPE C124,E-CLASS Kombi S124,SPRINTER 3-t Kasten 903,SPRINTER 2-t Bus 901, 902,V-CLASS 638\/2,GL-CLASS X164,SPRINTER 2-t Kasten 901, 902,SPRINTER 3-t Bus 903,SPRINTER 3-t Pritsche\/Fahrgestell 903,VITO Kasten 638,E-CLASS Cabriolet A124,S-CLASS Coupe C216,E-CLASS Coupe C124,SPRINTER 3-t Bus 906,SPRINTER 4-t Pritsche\/Fahrgestell 904,VARIO Kasten\/Kombi,SPRINTER 2-t Pritsche\/Fahrgestell 901, 902,VARIO Pritsche\/Fahrgestell,SPRINTER 4-t Kasten 904,SPRINTER 4-t Bus 904,SPRINTER 5-t Pritsche\/Fahrgestell 905,SPRINTER Kipper 905; 2D0698151, 2D0698151C, 1502024, 0004209920, 0014200720, 0024203920, 0024209920, 0044205520, 004420552010, 9014210410, 9014210510, 9014210610, 2D0698151, 2D0698151C, 2D0698151, 2D0698151C, 2D0698151, 2D0698151C; Jarrupalasarja,Jarrupala, Levyjarru<\/p>\n","protected":false},"excerpt":{"rendered":"<p>DT Jarrupalat 4.91903 Jarrupalasarja,Jarrupala, Levyjarru VW,MERCEDES-BENZ,LT 28-46 II Kasten 2DA, 2DD, 2DH,LT 28-35 II Bus 2DB, 2DE, 2DK<\/p>\n","protected":false},"featured_media":0,"template":"","meta":{"site-sidebar-layout":"default","site-content-layout":"default","ast-global-header-display":"","ast-main-header-display":"","ast-hfb-above-header-display":"","ast-hfb-below-header-display":"","ast-hfb-mobile-header-display":"","site-post-title":"","ast-breadcrumbs-content":"","ast-featured-img":"","footer-sml-layout":"","theme-transparent-header-meta":"","adv-header-id-meta":"","stick-header-meta":"","header-above-stick-meta":"","header-main-stick-meta":"","header-below-stick-meta":""},"pwb-brand":[75],"product_cat":[100],"product_tag":[],"class_list":{"0":"post-11823","1":"product","2":"type-product","3":"status-publish","5":"pwb-brand-dt","6":"product_cat-jarrupalat","7":"desktop-align-left","8":"tablet-align-left","9":"mobile-align-left","11":"first","12":"instock","13":"product-type-external"},"brands":[{"id":75,"name":"DT","slug":"dt"}],"_links":{"self":[{"href":"https:\/\/www.autonvaraosahaku.fi\/index.php?rest_route=\/wp\/v2\/product\/11823","targetHints":{"allow":["GET"]}}],"collection":[{"href":"https:\/\/www.autonvaraosahaku.fi\/index.php?rest_route=\/wp\/v2\/product"}],"about":[{"href":"https:\/\/www.autonvaraosahaku.fi\/index.php?rest_route=\/wp\/v2\/types\/product"}],"wp:attachment":[{"href":"https:\/\/www.autonvaraosahaku.fi\/index.php?rest_route=%2Fwp%2Fv2%2Fmedia&parent=11823"}],"wp:term":[{"taxonomy":"pwb-brand","embeddable":true,"href":"https:\/\/www.autonvaraosahaku.fi\/index.php?rest_route=%2Fwp%2Fv2%2Fpwb-brand&post=11823"},{"taxonomy":"product_cat","embeddable":true,"href":"https:\/\/www.autonvaraosahaku.fi\/index.php?rest_route=%2Fwp%2Fv2%2Fproduct_cat&post=11823"},{"taxonomy":"product_tag","embeddable":true,"href":"https:\/\/www.autonvaraosahaku.fi\/index.php?rest_route=%2Fwp%2Fv2%2Fproduct_tag&post=11823"}],"curies":[{"name":"wp","href":"https:\/\/api.w.org\/{rel}","templated":true}]}}