{"id":11846,"date":"2021-02-21T14:12:57","date_gmt":"2021-02-21T14:12:57","guid":{"rendered":"https:\/\/www.autonvaraosahaku.fi\/?product=mahle-original-039-rs-00120-0n0-mannanrenkaat"},"modified":"2021-02-21T14:12:58","modified_gmt":"2021-02-21T14:12:58","slug":"mahle-original-039-rs-00120-0n0-mannanrenkaat","status":"publish","type":"product","link":"https:\/\/www.autonvaraosahaku.fi\/?product=mahle-original-039-rs-00120-0n0-mannanrenkaat","title":{"rendered":"MAHLE ORIGINAL 039 RS 00120 0N0 M\u00e4nn\u00e4nrenkaat"},"content":{"rendered":"<p>Sylinterin halkaisija [mm]: 75,0; Komponenttinumero: 1. R 1,0 PVD, 2. NM 1,0, 3. DSF 2,0 Cr; Moottorinumero: EB2F; OPEL: CROSSLAND X; PEUGEOT: 208,2008,308 II,301,108,208 Kasten; CITRO\u00cbN: DS3,C3 II,DS3 Cabriolet,C-ELYSEE,C1 II,C4 CACTUS,C3 III SX,C3 AIRCROSS II; DS: DS 3,DS 3 Cabriolet; VAUXHALL: CROSSLAND X; 1608385680, 1608990380; M\u00e4nn\u00e4nrengassarja<\/p>\n","protected":false},"excerpt":{"rendered":"<p>MAHLE ORIGINAL M\u00e4nn\u00e4nrenkaat 039 RS 00120 0N0 M\u00e4nn\u00e4nrengassarja OPEL,PEUGEOT,CITRO\u00cbN,CROSSLAND X,208,2008,308 II,301,108,208 Kasten,DS3,C3 II<\/p>\n","protected":false},"featured_media":0,"template":"","meta":{"site-sidebar-layout":"default","site-content-layout":"default","ast-global-header-display":"","ast-main-header-display":"","ast-hfb-above-header-display":"","ast-hfb-below-header-display":"","ast-hfb-mobile-header-display":"","site-post-title":"","ast-breadcrumbs-content":"","ast-featured-img":"","footer-sml-layout":"","theme-transparent-header-meta":"","adv-header-id-meta":"","stick-header-meta":"","header-above-stick-meta":"","header-main-stick-meta":"","header-below-stick-meta":""},"pwb-brand":[153],"product_cat":[154],"product_tag":[],"class_list":{"0":"post-11846","1":"product","2":"type-product","3":"status-publish","5":"pwb-brand-mahle-original","6":"product_cat-mannanrenkaat","7":"desktop-align-left","8":"tablet-align-left","9":"mobile-align-left","11":"first","12":"instock","13":"product-type-external"},"brands":[{"id":153,"name":"MAHLE ORIGINAL","slug":"mahle-original"}],"_links":{"self":[{"href":"https:\/\/www.autonvaraosahaku.fi\/index.php?rest_route=\/wp\/v2\/product\/11846","targetHints":{"allow":["GET"]}}],"collection":[{"href":"https:\/\/www.autonvaraosahaku.fi\/index.php?rest_route=\/wp\/v2\/product"}],"about":[{"href":"https:\/\/www.autonvaraosahaku.fi\/index.php?rest_route=\/wp\/v2\/types\/product"}],"wp:attachment":[{"href":"https:\/\/www.autonvaraosahaku.fi\/index.php?rest_route=%2Fwp%2Fv2%2Fmedia&parent=11846"}],"wp:term":[{"taxonomy":"pwb-brand","embeddable":true,"href":"https:\/\/www.autonvaraosahaku.fi\/index.php?rest_route=%2Fwp%2Fv2%2Fpwb-brand&post=11846"},{"taxonomy":"product_cat","embeddable":true,"href":"https:\/\/www.autonvaraosahaku.fi\/index.php?rest_route=%2Fwp%2Fv2%2Fproduct_cat&post=11846"},{"taxonomy":"product_tag","embeddable":true,"href":"https:\/\/www.autonvaraosahaku.fi\/index.php?rest_route=%2Fwp%2Fv2%2Fproduct_tag&post=11846"}],"curies":[{"name":"wp","href":"https:\/\/api.w.org\/{rel}","templated":true}]}}