{"id":11847,"date":"2021-02-21T14:12:57","date_gmt":"2021-02-21T14:12:57","guid":{"rendered":"https:\/\/www.autonvaraosahaku.fi\/?product=febest-0715-gv-vetonivelen-suojakumi"},"modified":"2021-02-21T14:12:58","modified_gmt":"2021-02-21T14:12:58","slug":"febest-0715-gv-vetonivelen-suojakumi","status":"publish","type":"product","link":"https:\/\/www.autonvaraosahaku.fi\/?product=febest-0715-gv-vetonivelen-suojakumi","title":{"rendered":"FEBEST 0715-GV Vetonivelen suojakumi"},"content":{"rendered":"<p>Asennuspuoli: Ulompi; Korkeus (mm): 86; Paino [kg]: 0,266; Materiaali: NBR (nitriili-butadi-kumi); M\u00e4\u00e4r\u00e4: 1; Sis\u00e4l\u00e4pimitta 2 [mm]: 72; Pakkausleveys [cm]: 10,0; Pakkauskorkeus [mm]: 8,6, 8,6; Valmistusvuoteen: 09\/1994; MAZDA: 626 IV Hatchback GE,MX-3 EC,323 C IV BG,FAMILIA IV BF,626 IV GE,323 III Hatchback BF,MX-6 GE,626 III GD,FAMILIA IV BG,626 III Hatchback GD,626 III Coupe GD,626 III Station Wagon GV,323 III BF,323 III Station Wagon BW; NISSAN: MICRA II K11,PRIMERA P10,SUNNY II Coupe B12,PRIMERA Hatchback P10,PRIMERA Traveller W10,SUNNY II Hatchback N13,SUNNY II N13,PRAIRIE PRO M11,PRAIRIE M10, NM10,SUNNY II Traveller B12,CHERRY III N12,SUNNY I B11,SUNNY I Coupe B11,SUNNY I Traveller B11; KIA: CARENS II FJ,RIO Kombi DC,RIO Stufenheck DC_,SHUMA II FB,SHUMA FB,SHUMA II Stufenheck FB,SEPHIA Stufenheck FA,SEPHIA FB,CERATO Stufenheck,AVELLA; HYUNDAI: ACCENT I X-3,ACCENT Stufenheck X-3,PONY X-2,LANTRA I J-1,S COUPE SLC,PONY \/ EXCEL Stufenheck X-2; DAIHATSU: GRAN MOVE G3,CHARADE IV G200, G202,CHARADE III G100, G101, G102,APPLAUSE I A101, A111,CHARADE IV Stufenheck G203,CHARADE III Stufenheck G102; SUZUKI: SWIFT III MZ, EZ,SWIFT IV FZ, NZ,GRAND VITARA II JT,GRAND VITARA I FT,SWIFT II Schr\u00e4gheck EA, MA,VITARA ET, TA,VITARA Cabrio ET, TA,BALENO Kombi EG,BALENO EG,BALENO Schr\u00e4gheck EG,SWIFT Cabriolet SF413,VITARA ET,SWIFT II Stufenheck AH, AJ,VITARA Cabrio ET,GRAND VITARA I Cabriolet GT; SUBARU: FORESTER SG,FORESTER SH,IMPREZA Stufenheck GD,LEGACY IV Station Wagon BL, BP, B13_,IMPREZA Schr\u00e4gheck GR, GH, G3,FORESTER SJ,IMPREZA Station Wagon GG,XV,IMPREZA Stufenheck GC,LEGACY II Station Wagon BD, BG,IMPREZA Station Wagon GF,LEGACY IV BL, BP,LEGACY V Station Wagon BM, BR,JUSTY I KAD,LEGACY III BE, BH,LEGACY I Station Wagon BC, BJF,LEGACY II BD, BG,IMPREZA Coupe GFC,IMPREZA Stufenheck GR,LEGACY I BC,LEGACY V BM, BR,LEGACY OUTBACK BG,IMPREZA Schr\u00e4gheck GP,IMPREZA GR  Station Wagon US,LEONE II Station Wagon,IMPREZA Stufenheck GJ,LEONE II,LEVORG,IMPREZA Schr\u00e4gheck GT_; MITSUBISHI: PAJERO PININ H6_W, H7_W,COLT IV CA_A,ECLIPSE I D2_A,SPACE RUNNER N1_W, N2_W,COLT III C5_A,GALANT IV E3_A,GALANT IV Stufenheck E3_A,LANCER IV C6_A, C7_A,COLT II C1_A,LANCER III Station Wagon C1_V, C3_V,GALANT III E1_A,LANCER IV Stufenheck C6_A,SPACE WAGON D0_V\/W,LANCER III C1_A, C6_A,ECLIPSE Cabriolet; 0443887110, 0443887709, 0443887F10, 0K2JT22530, 4950924A01, KK38822530, B00422630, B00422630A, F00322530A, F00322530B, F00622530A, F00622530B, F01122530, F02522630, G07122530, MB109183, MB176162, MB176163, MB297191, MB297337, MB297340, MB526338, MB526862, MB526977, MB620050, MB936182, MR336613, 3924111M25, 3924116R27, 23222GA140, 28023AA081, 723222090, 4411853B10, 4411864B10, 4411865DA1, 4411871C10, 4411877E01, 4411877E02, 4411877E03; Vetoakselin Suojakumi,Paljekumi, Vetoakseli<\/p>\n","protected":false},"excerpt":{"rendered":"<p>FEBEST Vetonivelen Suojakumi 0715-GV Vetoakselin Suojakumi,Paljekumi, Vetoakseli MAZDA,NISSAN,KIA,626 IV Hatchback GE,MX-3 EC,323 C IV BG<\/p>\n","protected":false},"featured_media":0,"template":"","meta":{"site-sidebar-layout":"default","site-content-layout":"default","ast-global-header-display":"","ast-main-header-display":"","ast-hfb-above-header-display":"","ast-hfb-below-header-display":"","ast-hfb-mobile-header-display":"","site-post-title":"","ast-breadcrumbs-content":"","ast-featured-img":"","footer-sml-layout":"","theme-transparent-header-meta":"","adv-header-id-meta":"","stick-header-meta":"","header-above-stick-meta":"","header-main-stick-meta":"","header-below-stick-meta":""},"pwb-brand":[152],"product_cat":[42],"product_tag":[],"class_list":{"0":"post-11847","1":"product","2":"type-product","3":"status-publish","5":"pwb-brand-febest","6":"product_cat-vetonivelen-suojakumi","7":"desktop-align-left","8":"tablet-align-left","9":"mobile-align-left","11":"first","12":"instock","13":"product-type-external"},"brands":[{"id":152,"name":"FEBEST","slug":"febest"}],"_links":{"self":[{"href":"https:\/\/www.autonvaraosahaku.fi\/index.php?rest_route=\/wp\/v2\/product\/11847","targetHints":{"allow":["GET"]}}],"collection":[{"href":"https:\/\/www.autonvaraosahaku.fi\/index.php?rest_route=\/wp\/v2\/product"}],"about":[{"href":"https:\/\/www.autonvaraosahaku.fi\/index.php?rest_route=\/wp\/v2\/types\/product"}],"wp:attachment":[{"href":"https:\/\/www.autonvaraosahaku.fi\/index.php?rest_route=%2Fwp%2Fv2%2Fmedia&parent=11847"}],"wp:term":[{"taxonomy":"pwb-brand","embeddable":true,"href":"https:\/\/www.autonvaraosahaku.fi\/index.php?rest_route=%2Fwp%2Fv2%2Fpwb-brand&post=11847"},{"taxonomy":"product_cat","embeddable":true,"href":"https:\/\/www.autonvaraosahaku.fi\/index.php?rest_route=%2Fwp%2Fv2%2Fproduct_cat&post=11847"},{"taxonomy":"product_tag","embeddable":true,"href":"https:\/\/www.autonvaraosahaku.fi\/index.php?rest_route=%2Fwp%2Fv2%2Fproduct_tag&post=11847"}],"curies":[{"name":"wp","href":"https:\/\/api.w.org\/{rel}","templated":true}]}}