{"id":11897,"date":"2021-02-21T14:13:06","date_gmt":"2021-02-21T14:13:06","guid":{"rendered":"https:\/\/www.autonvaraosahaku.fi\/?product=maxgear-19-2224-jarrulevyt"},"modified":"2021-02-21T14:13:08","modified_gmt":"2021-02-21T14:13:08","slug":"maxgear-19-2224-jarrulevyt","status":"publish","type":"product","link":"https:\/\/www.autonvaraosahaku.fi\/?product=maxgear-19-2224-jarrulevyt","title":{"rendered":"MAXGEAR 19-2224 Jarrulevyt"},"content":{"rendered":"<p>L\u00e4pimitta [mm]: 262; Jarrulevyn paksuus (mm): 10; Jarrulevytyyppi: Vakiomalli; Reikien m\u00e4\u00e4r\u00e4: 5; V\u00e4himm\u00e4ispaksuus (mm): 8; Py\u00f6r\u00e4nnapa-\u00d8 (mm): 76; Varusteet: f\u00fcr Fahrzeuge ohne elektrische Feststellbremse; KIA: CEE&#8217;D JD,CEE`D Sportswagon JD,PRO CEE\u00b4D JD; HYUNDAI: i30 GD,i30 CW GD,i30 Coupe; 584113X300, 58411A6300, 584113X300, 58411A6300; Jarrulevy<\/p>\n","protected":false},"excerpt":{"rendered":"<p>MAXGEAR Jarrulevyt 19-2224 Jarrulevy KIA,HYUNDAI,CEE&#8217;D JD,CEE`D Sportswagon JD,PRO CEE\u00b4D JD,i30 GD,i30 CW GD,i30 Coupe<\/p>\n","protected":false},"featured_media":0,"template":"","meta":{"site-sidebar-layout":"default","site-content-layout":"default","ast-global-header-display":"","ast-main-header-display":"","ast-hfb-above-header-display":"","ast-hfb-below-header-display":"","ast-hfb-mobile-header-display":"","site-post-title":"","ast-breadcrumbs-content":"","ast-featured-img":"","footer-sml-layout":"","theme-transparent-header-meta":"","adv-header-id-meta":"","stick-header-meta":"","header-above-stick-meta":"","header-main-stick-meta":"","header-below-stick-meta":""},"pwb-brand":[48],"product_cat":[66],"product_tag":[],"class_list":{"0":"post-11897","1":"product","2":"type-product","3":"status-publish","5":"pwb-brand-maxgear","6":"product_cat-jarrulevyt","7":"desktop-align-left","8":"tablet-align-left","9":"mobile-align-left","11":"first","12":"instock","13":"product-type-external"},"brands":[{"id":48,"name":"MAXGEAR","slug":"maxgear"}],"_links":{"self":[{"href":"https:\/\/www.autonvaraosahaku.fi\/index.php?rest_route=\/wp\/v2\/product\/11897","targetHints":{"allow":["GET"]}}],"collection":[{"href":"https:\/\/www.autonvaraosahaku.fi\/index.php?rest_route=\/wp\/v2\/product"}],"about":[{"href":"https:\/\/www.autonvaraosahaku.fi\/index.php?rest_route=\/wp\/v2\/types\/product"}],"wp:attachment":[{"href":"https:\/\/www.autonvaraosahaku.fi\/index.php?rest_route=%2Fwp%2Fv2%2Fmedia&parent=11897"}],"wp:term":[{"taxonomy":"pwb-brand","embeddable":true,"href":"https:\/\/www.autonvaraosahaku.fi\/index.php?rest_route=%2Fwp%2Fv2%2Fpwb-brand&post=11897"},{"taxonomy":"product_cat","embeddable":true,"href":"https:\/\/www.autonvaraosahaku.fi\/index.php?rest_route=%2Fwp%2Fv2%2Fproduct_cat&post=11897"},{"taxonomy":"product_tag","embeddable":true,"href":"https:\/\/www.autonvaraosahaku.fi\/index.php?rest_route=%2Fwp%2Fv2%2Fproduct_tag&post=11897"}],"curies":[{"name":"wp","href":"https:\/\/api.w.org\/{rel}","templated":true}]}}