{"id":11899,"date":"2021-02-21T14:13:09","date_gmt":"2021-02-21T14:13:09","guid":{"rendered":"https:\/\/www.autonvaraosahaku.fi\/?product=maxgear-28-0077-ovenkahva"},"modified":"2021-02-21T14:13:10","modified_gmt":"2021-02-21T14:13:10","slug":"maxgear-28-0077-ovenkahva","status":"publish","type":"product","link":"https:\/\/www.autonvaraosahaku.fi\/?product=maxgear-28-0077-ovenkahva","title":{"rendered":"MAXGEAR 28-0077 Ovenkahva"},"content":{"rendered":"<p>Asennuspuoli: Taakse, oikea; Tarvittava kappalem\u00e4\u00e4r\u00e4: 1; Paino [kg]: 0,147; Alustanumerosta: 1773131766; VW: GOLF II 19E, 1G1,GOLF I 17,JETTA II 19E, 1G2, 165,PASSAT Variant 32B,PASSAT 32B,JETTA I 16,PASSAT 32,PASSAT Stufenheck 32B,PASSAT Variant 33,SANTANA 32B; 173839206E, 193839206, 193839206G; Liukuoven Kahva,Oven Kahva<\/p>\n","protected":false},"excerpt":{"rendered":"<p>MAXGEAR Ovenkahva 28-0077 Liukuoven Kahva,Oven Kahva VW,GOLF II 19E, 1G1,GOLF I 17,JETTA II 19E, 1G2, 165,PASSAT Variant 32B,PASSAT 32B,JETTA I 16<\/p>\n","protected":false},"featured_media":0,"template":"","meta":{"site-sidebar-layout":"default","site-content-layout":"default","ast-global-header-display":"","ast-main-header-display":"","ast-hfb-above-header-display":"","ast-hfb-below-header-display":"","ast-hfb-mobile-header-display":"","site-post-title":"","ast-breadcrumbs-content":"","ast-featured-img":"","footer-sml-layout":"","theme-transparent-header-meta":"","adv-header-id-meta":"","stick-header-meta":"","header-above-stick-meta":"","header-main-stick-meta":"","header-below-stick-meta":""},"pwb-brand":[48],"product_cat":[241],"product_tag":[],"class_list":{"0":"post-11899","1":"product","2":"type-product","3":"status-publish","5":"pwb-brand-maxgear","6":"product_cat-ovenkahva","7":"desktop-align-left","8":"tablet-align-left","9":"mobile-align-left","11":"first","12":"instock","13":"product-type-external"},"brands":[{"id":48,"name":"MAXGEAR","slug":"maxgear"}],"_links":{"self":[{"href":"https:\/\/www.autonvaraosahaku.fi\/index.php?rest_route=\/wp\/v2\/product\/11899","targetHints":{"allow":["GET"]}}],"collection":[{"href":"https:\/\/www.autonvaraosahaku.fi\/index.php?rest_route=\/wp\/v2\/product"}],"about":[{"href":"https:\/\/www.autonvaraosahaku.fi\/index.php?rest_route=\/wp\/v2\/types\/product"}],"wp:attachment":[{"href":"https:\/\/www.autonvaraosahaku.fi\/index.php?rest_route=%2Fwp%2Fv2%2Fmedia&parent=11899"}],"wp:term":[{"taxonomy":"pwb-brand","embeddable":true,"href":"https:\/\/www.autonvaraosahaku.fi\/index.php?rest_route=%2Fwp%2Fv2%2Fpwb-brand&post=11899"},{"taxonomy":"product_cat","embeddable":true,"href":"https:\/\/www.autonvaraosahaku.fi\/index.php?rest_route=%2Fwp%2Fv2%2Fproduct_cat&post=11899"},{"taxonomy":"product_tag","embeddable":true,"href":"https:\/\/www.autonvaraosahaku.fi\/index.php?rest_route=%2Fwp%2Fv2%2Fproduct_tag&post=11899"}],"curies":[{"name":"wp","href":"https:\/\/api.w.org\/{rel}","templated":true}]}}