{"id":11905,"date":"2021-02-21T14:13:09","date_gmt":"2021-02-21T14:13:09","guid":{"rendered":"https:\/\/www.autonvaraosahaku.fi\/?product=maxgear-19-1226-jarrulevyt"},"modified":"2021-02-21T14:13:10","modified_gmt":"2021-02-21T14:13:10","slug":"maxgear-19-1226-jarrulevyt","status":"publish","type":"product","link":"https:\/\/www.autonvaraosahaku.fi\/?product=maxgear-19-1226-jarrulevyt","title":{"rendered":"MAXGEAR 19-1226 Jarrulevyt"},"content":{"rendered":"<p>Py\u00f6r\u00e4npulttireik\u00e4-\u00d8 [mm]: 13,7; Reik\u00e4ympyr\u00e4-\u00d8 [mm]: 108; keskitt\u00e4misl\u00e4pimitta [mm]: 63,5; Reikien m\u00e4\u00e4r\u00e4: 5; Ulkol\u00e4pimitta [mm]: 265; V\u00e4himm\u00e4ispaksuus (mm): 9; Jarrulevyn paksuus (mm): 11; Jarrulevytyyppi: Vakiomalli; Korkeus (mm): 41; Asennuspuoli: Taka-akseli; Valmistusvuosi alkaen: 03\/2007; FORD: FOCUS II Kombi DA_,FOCUS II DA_,FOCUS C-MAX,C-MAX DM2,FOCUS II Stufenheck DA_,FOCUS II Cabriolet; 1223540, 1253728, 1373360, 3M512A315AB, 3M512A315AE; Jarrulevy<\/p>\n","protected":false},"excerpt":{"rendered":"<p>MAXGEAR Jarrulevyt 19-1226 Jarrulevy FORD,FOCUS II Kombi DA_,FOCUS II DA_,FOCUS C-MAX,C-MAX DM2,FOCUS II Stufenheck DA_,FOCUS II Cabriolet<\/p>\n","protected":false},"featured_media":0,"template":"","meta":{"site-sidebar-layout":"default","site-content-layout":"default","ast-global-header-display":"","ast-main-header-display":"","ast-hfb-above-header-display":"","ast-hfb-below-header-display":"","ast-hfb-mobile-header-display":"","site-post-title":"","ast-breadcrumbs-content":"","ast-featured-img":"","footer-sml-layout":"","theme-transparent-header-meta":"","adv-header-id-meta":"","stick-header-meta":"","header-above-stick-meta":"","header-main-stick-meta":"","header-below-stick-meta":""},"pwb-brand":[48],"product_cat":[66],"product_tag":[],"class_list":{"0":"post-11905","1":"product","2":"type-product","3":"status-publish","5":"pwb-brand-maxgear","6":"product_cat-jarrulevyt","7":"desktop-align-left","8":"tablet-align-left","9":"mobile-align-left","11":"first","12":"instock","13":"product-type-external"},"brands":[{"id":48,"name":"MAXGEAR","slug":"maxgear"}],"_links":{"self":[{"href":"https:\/\/www.autonvaraosahaku.fi\/index.php?rest_route=\/wp\/v2\/product\/11905","targetHints":{"allow":["GET"]}}],"collection":[{"href":"https:\/\/www.autonvaraosahaku.fi\/index.php?rest_route=\/wp\/v2\/product"}],"about":[{"href":"https:\/\/www.autonvaraosahaku.fi\/index.php?rest_route=\/wp\/v2\/types\/product"}],"wp:attachment":[{"href":"https:\/\/www.autonvaraosahaku.fi\/index.php?rest_route=%2Fwp%2Fv2%2Fmedia&parent=11905"}],"wp:term":[{"taxonomy":"pwb-brand","embeddable":true,"href":"https:\/\/www.autonvaraosahaku.fi\/index.php?rest_route=%2Fwp%2Fv2%2Fpwb-brand&post=11905"},{"taxonomy":"product_cat","embeddable":true,"href":"https:\/\/www.autonvaraosahaku.fi\/index.php?rest_route=%2Fwp%2Fv2%2Fproduct_cat&post=11905"},{"taxonomy":"product_tag","embeddable":true,"href":"https:\/\/www.autonvaraosahaku.fi\/index.php?rest_route=%2Fwp%2Fv2%2Fproduct_tag&post=11905"}],"curies":[{"name":"wp","href":"https:\/\/api.w.org\/{rel}","templated":true}]}}