{"id":11908,"date":"2021-02-21T14:13:09","date_gmt":"2021-02-21T14:13:09","guid":{"rendered":"https:\/\/www.autonvaraosahaku.fi\/?product=maxgear-19-0787-jarrulevyt"},"modified":"2021-02-21T14:13:11","modified_gmt":"2021-02-21T14:13:11","slug":"maxgear-19-0787-jarrulevyt","status":"publish","type":"product","link":"https:\/\/www.autonvaraosahaku.fi\/?product=maxgear-19-0787-jarrulevyt","title":{"rendered":"MAXGEAR 19-0787 Jarrulevyt"},"content":{"rendered":"<p>Jarrulevytyyppi: Vakiomalli; L\u00e4pimitta [mm]: 245; Jarrulevyn paksuus (mm): 10; Korkeus (mm): 83,6; Reik\u00e4kuvio\/-m\u00e4\u00e4r\u00e4: 05\/05; Korvaava tuote\/korvaava tiedote 2: Py\u00f6r\u00e4nnavalla, Ilman py\u00f6r\u00e4nkiinnityspultteja; V\u00e4himm\u00e4ispaksuus (mm): 8; Reik\u00e4ympyr\u00e4-\u00d8 [mm]: 112; keskitt\u00e4misl\u00e4pimitta [mm]: 45,2; Paino [kg]: 5,4; Asennuspuoli: Hinterachse; AUDI: A4 8D2, B5,A4 Avant 8D5, B5; 8D0615601B, 8D0615601B; Jarrulevy<\/p>\n","protected":false},"excerpt":{"rendered":"<p>MAXGEAR Jarrulevyt 19-0787 Jarrulevy AUDI,A4 8D2, B5,A4 Avant 8D5, B5<\/p>\n","protected":false},"featured_media":0,"template":"","meta":{"site-sidebar-layout":"default","site-content-layout":"default","ast-global-header-display":"","ast-main-header-display":"","ast-hfb-above-header-display":"","ast-hfb-below-header-display":"","ast-hfb-mobile-header-display":"","site-post-title":"","ast-breadcrumbs-content":"","ast-featured-img":"","footer-sml-layout":"","theme-transparent-header-meta":"","adv-header-id-meta":"","stick-header-meta":"","header-above-stick-meta":"","header-main-stick-meta":"","header-below-stick-meta":""},"pwb-brand":[48],"product_cat":[66],"product_tag":[],"class_list":{"0":"post-11908","1":"product","2":"type-product","3":"status-publish","5":"pwb-brand-maxgear","6":"product_cat-jarrulevyt","7":"desktop-align-left","8":"tablet-align-left","9":"mobile-align-left","11":"first","12":"instock","13":"product-type-external"},"brands":[{"id":48,"name":"MAXGEAR","slug":"maxgear"}],"_links":{"self":[{"href":"https:\/\/www.autonvaraosahaku.fi\/index.php?rest_route=\/wp\/v2\/product\/11908","targetHints":{"allow":["GET"]}}],"collection":[{"href":"https:\/\/www.autonvaraosahaku.fi\/index.php?rest_route=\/wp\/v2\/product"}],"about":[{"href":"https:\/\/www.autonvaraosahaku.fi\/index.php?rest_route=\/wp\/v2\/types\/product"}],"wp:attachment":[{"href":"https:\/\/www.autonvaraosahaku.fi\/index.php?rest_route=%2Fwp%2Fv2%2Fmedia&parent=11908"}],"wp:term":[{"taxonomy":"pwb-brand","embeddable":true,"href":"https:\/\/www.autonvaraosahaku.fi\/index.php?rest_route=%2Fwp%2Fv2%2Fpwb-brand&post=11908"},{"taxonomy":"product_cat","embeddable":true,"href":"https:\/\/www.autonvaraosahaku.fi\/index.php?rest_route=%2Fwp%2Fv2%2Fproduct_cat&post=11908"},{"taxonomy":"product_tag","embeddable":true,"href":"https:\/\/www.autonvaraosahaku.fi\/index.php?rest_route=%2Fwp%2Fv2%2Fproduct_tag&post=11908"}],"curies":[{"name":"wp","href":"https:\/\/api.w.org\/{rel}","templated":true}]}}