{"id":11910,"date":"2021-02-21T14:13:09","date_gmt":"2021-02-21T14:13:09","guid":{"rendered":"https:\/\/www.autonvaraosahaku.fi\/?product=master-sport-27132-pcs-ms-tukivarren-hela"},"modified":"2021-02-21T14:13:11","modified_gmt":"2021-02-21T14:13:11","slug":"master-sport-27132-pcs-ms-tukivarren-hela","status":"publish","type":"product","link":"https:\/\/www.autonvaraosahaku.fi\/?product=master-sport-27132-pcs-ms-tukivarren-hela","title":{"rendered":"MASTER-SPORT 27132-PCS-MS Tukivarren hela"},"content":{"rendered":"<p>Asennuspuoli: Etuakseli, Alla, Molemminpuolin, Takana; Lukum\u00e4\u00e4r\u00e4 akselille: 2; Ohjausmalli: Poikittaistukivarrelle; Nettopaino [kg]: 0,12; Bruttopaino [kg]: 0,12; PR-numerolle: G21; VW: GOLF IV 1J1,NEW BEETLE 9C1, 1C1; AUDI: A3 8L1,TT 8N3,TT Roadster 8N9; SEAT: IBIZA V 6J5, 6P5,IBIZA V ST 6J8, 6P8,IBIZA V SPORTCOUPE 6J1, 6P1; 8N0407181B, 8N0407181B, 8N0407181B<\/p>\n","protected":false},"excerpt":{"rendered":"<p>MASTER-SPORT Tukivarren Hela 27132-PCS-MS  VW,AUDI,SEAT,GOLF IV 1J1,NEW BEETLE 9C1, 1C1,A3 8L1,TT 8N3,TT Roadster 8N9,IBIZA V 6J5, 6P5<\/p>\n","protected":false},"featured_media":0,"template":"","meta":{"site-sidebar-layout":"default","site-content-layout":"default","ast-global-header-display":"","ast-main-header-display":"","ast-hfb-above-header-display":"","ast-hfb-below-header-display":"","ast-hfb-mobile-header-display":"","site-post-title":"","ast-breadcrumbs-content":"","ast-featured-img":"","footer-sml-layout":"","theme-transparent-header-meta":"","adv-header-id-meta":"","stick-header-meta":"","header-above-stick-meta":"","header-main-stick-meta":"","header-below-stick-meta":""},"pwb-brand":[61],"product_cat":[115],"product_tag":[],"class_list":{"0":"post-11910","1":"product","2":"type-product","3":"status-publish","5":"pwb-brand-master-sport","6":"product_cat-tukivarren-hela","7":"desktop-align-left","8":"tablet-align-left","9":"mobile-align-left","11":"first","12":"instock","13":"product-type-external"},"brands":[{"id":61,"name":"MASTER-SPORT","slug":"master-sport"}],"_links":{"self":[{"href":"https:\/\/www.autonvaraosahaku.fi\/index.php?rest_route=\/wp\/v2\/product\/11910","targetHints":{"allow":["GET"]}}],"collection":[{"href":"https:\/\/www.autonvaraosahaku.fi\/index.php?rest_route=\/wp\/v2\/product"}],"about":[{"href":"https:\/\/www.autonvaraosahaku.fi\/index.php?rest_route=\/wp\/v2\/types\/product"}],"wp:attachment":[{"href":"https:\/\/www.autonvaraosahaku.fi\/index.php?rest_route=%2Fwp%2Fv2%2Fmedia&parent=11910"}],"wp:term":[{"taxonomy":"pwb-brand","embeddable":true,"href":"https:\/\/www.autonvaraosahaku.fi\/index.php?rest_route=%2Fwp%2Fv2%2Fpwb-brand&post=11910"},{"taxonomy":"product_cat","embeddable":true,"href":"https:\/\/www.autonvaraosahaku.fi\/index.php?rest_route=%2Fwp%2Fv2%2Fproduct_cat&post=11910"},{"taxonomy":"product_tag","embeddable":true,"href":"https:\/\/www.autonvaraosahaku.fi\/index.php?rest_route=%2Fwp%2Fv2%2Fproduct_tag&post=11910"}],"curies":[{"name":"wp","href":"https:\/\/api.w.org\/{rel}","templated":true}]}}