{"id":11914,"date":"2021-02-21T14:13:09","date_gmt":"2021-02-21T14:13:09","guid":{"rendered":"https:\/\/www.autonvaraosahaku.fi\/?product=tedgum-00505757-jousijalan-tukilaakeri"},"modified":"2021-02-21T14:13:11","modified_gmt":"2021-02-21T14:13:11","slug":"tedgum-00505757-jousijalan-tukilaakeri","status":"publish","type":"product","link":"https:\/\/www.autonvaraosahaku.fi\/?product=tedgum-00505757-jousijalan-tukilaakeri","title":{"rendered":"TEDGUM 00505757 Jousijalan tukilaakeri"},"content":{"rendered":"<p>Asennuspuoli: etuakseli molemminpuoleinen, Alla; Kiinnitysmalli: Kumimetallilaakeri; Materiaali: Kumi-metalli; Lukum\u00e4\u00e4r\u00e4 akselille: 2; Sis\u00e4l\u00e4pimitta [mm]: 14; Tarvittava kappalem\u00e4\u00e4r\u00e4: 2; NISSAN: INTERSTAR Kasten X70,INTERSTAR Bus X70,INTERSTAR Pritsche\/Fahrgestell; OPEL: MOVANO Kasten F9,MOVANO Combi J9,MOVANO Pritsche\/Fahrgestell U9, E9,MOVANO Kipper H9; RENAULT: MASTER II Kasten FD,MASTER II Pritsche\/Fahrgestell ED\/HD\/UD,MASTER II Bus JD; 5611100Q0A, 5611100QAA, 106946, 4402986, 4417955, 4500240, 4500686, 9110986, 9160540, 9160986, 543023522R, 7700310737, 8200024946, 8200097808, 8200715101, 8660001296<\/p>\n","protected":false},"excerpt":{"rendered":"<p>TEDGUM Iskunvaimentimen Hela 00505757  NISSAN,OPEL,RENAULT,INTERSTAR Kasten X70,INTERSTAR Bus X70,INTERSTAR Pritsche\/Fahrgestell,MOVANO Kasten F9<\/p>\n","protected":false},"featured_media":0,"template":"","meta":{"site-sidebar-layout":"default","site-content-layout":"default","ast-global-header-display":"","ast-main-header-display":"","ast-hfb-above-header-display":"","ast-hfb-below-header-display":"","ast-hfb-mobile-header-display":"","site-post-title":"","ast-breadcrumbs-content":"","ast-featured-img":"","footer-sml-layout":"","theme-transparent-header-meta":"","adv-header-id-meta":"","stick-header-meta":"","header-above-stick-meta":"","header-main-stick-meta":"","header-below-stick-meta":""},"pwb-brand":[155],"product_cat":[45],"product_tag":[],"class_list":{"0":"post-11914","1":"product","2":"type-product","3":"status-publish","5":"pwb-brand-tedgum","6":"product_cat-jousijalan-tukilaakeri","7":"desktop-align-left","8":"tablet-align-left","9":"mobile-align-left","11":"first","12":"instock","13":"product-type-external"},"brands":[{"id":155,"name":"TEDGUM","slug":"tedgum"}],"_links":{"self":[{"href":"https:\/\/www.autonvaraosahaku.fi\/index.php?rest_route=\/wp\/v2\/product\/11914","targetHints":{"allow":["GET"]}}],"collection":[{"href":"https:\/\/www.autonvaraosahaku.fi\/index.php?rest_route=\/wp\/v2\/product"}],"about":[{"href":"https:\/\/www.autonvaraosahaku.fi\/index.php?rest_route=\/wp\/v2\/types\/product"}],"wp:attachment":[{"href":"https:\/\/www.autonvaraosahaku.fi\/index.php?rest_route=%2Fwp%2Fv2%2Fmedia&parent=11914"}],"wp:term":[{"taxonomy":"pwb-brand","embeddable":true,"href":"https:\/\/www.autonvaraosahaku.fi\/index.php?rest_route=%2Fwp%2Fv2%2Fpwb-brand&post=11914"},{"taxonomy":"product_cat","embeddable":true,"href":"https:\/\/www.autonvaraosahaku.fi\/index.php?rest_route=%2Fwp%2Fv2%2Fproduct_cat&post=11914"},{"taxonomy":"product_tag","embeddable":true,"href":"https:\/\/www.autonvaraosahaku.fi\/index.php?rest_route=%2Fwp%2Fv2%2Fproduct_tag&post=11914"}],"curies":[{"name":"wp","href":"https:\/\/api.w.org\/{rel}","templated":true}]}}