{"id":11947,"date":"2021-02-21T14:13:17","date_gmt":"2021-02-21T14:13:17","guid":{"rendered":"https:\/\/www.autonvaraosahaku.fi\/?product=valeo-254013-kampiakselin-asentotunnistin"},"modified":"2021-02-21T14:13:18","modified_gmt":"2021-02-21T14:13:18","slug":"valeo-254013-kampiakselin-asentotunnistin","status":"publish","type":"product","link":"https:\/\/www.autonvaraosahaku.fi\/?product=valeo-254013-kampiakselin-asentotunnistin","title":{"rendered":"VALEO 254013 Kampiakselin asentotunnistin"},"content":{"rendered":"<p>Tunnistinmalli: Induktiivi anturi; Napojen m\u00e4\u00e4r\u00e4: 3; J\u00e4nnite (V): 12; Pistokkeen kotelon muoto: Soikea; Korvaava tuote\/korvaava tiedote 2: Kaapelilla; Vastus [Ohm]: 900; Paino [kg]: 0,08; Moottorinumero: AR33601,AR67501; LANCIA: MUSA 350,THESIS 841AX,LYBRA SW 839BX,KAPPA 838A,LYBRA 839AX,KAPPA SW 838B; FIAT: GRANDE PUNTO 199,PUNTO 188,STILO 192,BRAVO II 198,DOBLO Cargo 223,STILO Multi Wagon 192,DOBLO 119,CROMA 194,IDEA,STRADA Pick-up 178E,MULTIPLA 186,PUNTO Van 188AX,BRAVO I 182,BRAVA 182,MAREA Weekend 185,PALIO Weekend 178DX,MAREA 185,SIENA 178_; ALFA ROMEO: 147 937,159 Sportwagon 939,156 Sportwagon 932,156 932,159 939,166 936,145 930,146 930; 46806128, 60816553, 46806128, 60816553, 46806128, 60816553; Kampiakselin Anturi,Impulssianturi, Kampiakseli<\/p>\n","protected":false},"excerpt":{"rendered":"<p>VALEO Kampiakselin Asentotunnistin 254013 Kampiakselin Anturi,Impulssianturi, Kampiakseli LANCIA,FIAT,ALFA ROMEO,MUSA 350,THESIS 841AX,LYBRA SW 839BX<\/p>\n","protected":false},"featured_media":0,"template":"","meta":{"site-sidebar-layout":"default","site-content-layout":"default","ast-global-header-display":"","ast-main-header-display":"","ast-hfb-above-header-display":"","ast-hfb-below-header-display":"","ast-hfb-mobile-header-display":"","site-post-title":"","ast-breadcrumbs-content":"","ast-featured-img":"","footer-sml-layout":"","theme-transparent-header-meta":"","adv-header-id-meta":"","stick-header-meta":"","header-above-stick-meta":"","header-main-stick-meta":"","header-below-stick-meta":""},"pwb-brand":[28],"product_cat":[184],"product_tag":[],"class_list":{"0":"post-11947","1":"product","2":"type-product","3":"status-publish","5":"pwb-brand-valeo","6":"product_cat-kampiakselin-asentotunnistin","7":"desktop-align-left","8":"tablet-align-left","9":"mobile-align-left","11":"first","12":"instock","13":"product-type-external"},"brands":[{"id":28,"name":"VALEO","slug":"valeo"}],"_links":{"self":[{"href":"https:\/\/www.autonvaraosahaku.fi\/index.php?rest_route=\/wp\/v2\/product\/11947","targetHints":{"allow":["GET"]}}],"collection":[{"href":"https:\/\/www.autonvaraosahaku.fi\/index.php?rest_route=\/wp\/v2\/product"}],"about":[{"href":"https:\/\/www.autonvaraosahaku.fi\/index.php?rest_route=\/wp\/v2\/types\/product"}],"wp:attachment":[{"href":"https:\/\/www.autonvaraosahaku.fi\/index.php?rest_route=%2Fwp%2Fv2%2Fmedia&parent=11947"}],"wp:term":[{"taxonomy":"pwb-brand","embeddable":true,"href":"https:\/\/www.autonvaraosahaku.fi\/index.php?rest_route=%2Fwp%2Fv2%2Fpwb-brand&post=11947"},{"taxonomy":"product_cat","embeddable":true,"href":"https:\/\/www.autonvaraosahaku.fi\/index.php?rest_route=%2Fwp%2Fv2%2Fproduct_cat&post=11947"},{"taxonomy":"product_tag","embeddable":true,"href":"https:\/\/www.autonvaraosahaku.fi\/index.php?rest_route=%2Fwp%2Fv2%2Fproduct_tag&post=11947"}],"curies":[{"name":"wp","href":"https:\/\/api.w.org\/{rel}","templated":true}]}}