{"id":11950,"date":"2021-02-21T14:13:17","date_gmt":"2021-02-21T14:13:17","guid":{"rendered":"https:\/\/www.autonvaraosahaku.fi\/?product=maxgear-54-1169-muut-luokat"},"modified":"2021-02-21T14:13:18","modified_gmt":"2021-02-21T14:13:18","slug":"maxgear-54-1169-muut-luokat","status":"publish","type":"product","link":"https:\/\/www.autonvaraosahaku.fi\/?product=maxgear-54-1169-muut-luokat","title":{"rendered":"MAXGEAR 54-1169 Muut luokat"},"content":{"rendered":"<p>K\u00e4ytt\u00f6: Hydraulinen; Tarvittava kappalem\u00e4\u00e4r\u00e4: 1; Paino [kg]: 0,197; Apulaitteet: angetr. Agg.: Generator; BMW: 3 E46,5 E39,3 Touring E46,5 Touring E39; 11282247226, 11282248169<\/p>\n","protected":false},"excerpt":{"rendered":"<p>MAXGEAR V\u00e4rin\u00e4nvaimennin, Moniurahihna 54-1169  BMW,3 E46,5 E39,3 Touring E46,5 Touring E39<\/p>\n","protected":false},"featured_media":0,"template":"","meta":{"site-sidebar-layout":"default","site-content-layout":"default","ast-global-header-display":"","ast-main-header-display":"","ast-hfb-above-header-display":"","ast-hfb-below-header-display":"","ast-hfb-mobile-header-display":"","site-post-title":"","ast-breadcrumbs-content":"","ast-featured-img":"","footer-sml-layout":"","theme-transparent-header-meta":"","adv-header-id-meta":"","stick-header-meta":"","header-above-stick-meta":"","header-main-stick-meta":"","header-below-stick-meta":""},"pwb-brand":[48],"product_cat":[37],"product_tag":[],"class_list":{"0":"post-11950","1":"product","2":"type-product","3":"status-publish","5":"pwb-brand-maxgear","6":"product_cat-muut-luokat","7":"desktop-align-left","8":"tablet-align-left","9":"mobile-align-left","11":"first","12":"instock","13":"product-type-external"},"brands":[{"id":48,"name":"MAXGEAR","slug":"maxgear"}],"_links":{"self":[{"href":"https:\/\/www.autonvaraosahaku.fi\/index.php?rest_route=\/wp\/v2\/product\/11950","targetHints":{"allow":["GET"]}}],"collection":[{"href":"https:\/\/www.autonvaraosahaku.fi\/index.php?rest_route=\/wp\/v2\/product"}],"about":[{"href":"https:\/\/www.autonvaraosahaku.fi\/index.php?rest_route=\/wp\/v2\/types\/product"}],"wp:attachment":[{"href":"https:\/\/www.autonvaraosahaku.fi\/index.php?rest_route=%2Fwp%2Fv2%2Fmedia&parent=11950"}],"wp:term":[{"taxonomy":"pwb-brand","embeddable":true,"href":"https:\/\/www.autonvaraosahaku.fi\/index.php?rest_route=%2Fwp%2Fv2%2Fpwb-brand&post=11950"},{"taxonomy":"product_cat","embeddable":true,"href":"https:\/\/www.autonvaraosahaku.fi\/index.php?rest_route=%2Fwp%2Fv2%2Fproduct_cat&post=11950"},{"taxonomy":"product_tag","embeddable":true,"href":"https:\/\/www.autonvaraosahaku.fi\/index.php?rest_route=%2Fwp%2Fv2%2Fproduct_tag&post=11950"}],"curies":[{"name":"wp","href":"https:\/\/api.w.org\/{rel}","templated":true}]}}