{"id":11952,"date":"2021-02-21T14:13:17","date_gmt":"2021-02-21T14:13:17","guid":{"rendered":"https:\/\/www.autonvaraosahaku.fi\/?product=febest-0587-lw-kiristysrulla"},"modified":"2021-02-21T14:13:18","modified_gmt":"2021-02-21T14:13:18","slug":"febest-0587-lw-kiristysrulla","status":"publish","type":"product","link":"https:\/\/www.autonvaraosahaku.fi\/?product=febest-0587-lw-kiristysrulla","title":{"rendered":"FEBEST 0587-LW Kiristysrulla"},"content":{"rendered":"<p>Paino [kg]: 0,25; Pakkauspituus [cm]: 7,6; Pakkausleveys [cm]: 7,6; Pakkauskorkeus [mm]: 3,1; Valmistusp\u00e4iv\u00e4m\u00e4\u00e4r\u00e4st\u00e4: 199408; MAZDA: TRIBUTE EP,MPV II LW,TRIBUTE US; CHEVROLET: BLAZER S10,CAMARO F,BLAZER K5,CAMARO Convertible F,TAHOE GMT400,S10 Pick-up,S10 Pick Up,S10 Standard Cab Pickup US,S10 Extended Cab Pickup US; JEEP: GRAND CHEROKEE II WJ, WG,WRANGLER II TJ; NISSAN: NAVARA D40,NAVARA Pritsche\/Fahrgestell D40,NAVARA Pick-up D23; FORD USA: MUSTANG Coupe,MUSTANG Convertible,F-150,EXPLORER,EXPEDITION,F-250,E SERIES Kasten,ESCAPE; CHRYSLER: VOYAGER IV RG, RS,NEW YORKER,GRAND CARAVAN; FORD: MONDEO II Kombi BNP,MONDEO II BAP,MONDEO II Stufenheck BFP,MONDEO I Stufenheck GBP,FUSION Stufenheck CD3; DODGE: DURANGO HB,VIPER Cabriolet SRT-10,RAM 4000 Pick-up DR, D1, DC, DM, DH,CARAVAN RG_,CARAVAN NS,RAM 4000 Pritsche\/Fahrgestell DH, DR, D1, DC, DM,VIPER Coupe SRT-10 ZB1,VIPER Coupe  SRT ZD,VIPER Coupe SRT-10 ZB2; BUICK: PARK AVENUE,REGAL,LESABRE,CENTURY Stufenheck,REGAL 4WF_; PONTIAC: FIREBIRD Cabriolet,MONTANA,BONNEVILLE Stufenheck,GRAND PRIX VI Coupe; 04854092, 4854092, 3553187, AJ0315980B, 11955EA00B; Kiristysrulla, Moniurahihna<\/p>\n","protected":false},"excerpt":{"rendered":"<p>FEBEST Kiristysrulla 0587-LW Kiristysrulla, Moniurahihna MAZDA,CHEVROLET,JEEP,TRIBUTE EP,MPV II LW,TRIBUTE US,BLAZER S10,CAMARO F,BLAZER K5<\/p>\n","protected":false},"featured_media":0,"template":"","meta":{"site-sidebar-layout":"default","site-content-layout":"default","ast-global-header-display":"","ast-main-header-display":"","ast-hfb-above-header-display":"","ast-hfb-below-header-display":"","ast-hfb-mobile-header-display":"","site-post-title":"","ast-breadcrumbs-content":"","ast-featured-img":"","footer-sml-layout":"","theme-transparent-header-meta":"","adv-header-id-meta":"","stick-header-meta":"","header-above-stick-meta":"","header-main-stick-meta":"","header-below-stick-meta":""},"pwb-brand":[152],"product_cat":[282],"product_tag":[],"class_list":{"0":"post-11952","1":"product","2":"type-product","3":"status-publish","5":"pwb-brand-febest","6":"product_cat-kiristysrulla","7":"desktop-align-left","8":"tablet-align-left","9":"mobile-align-left","11":"first","12":"instock","13":"product-type-external"},"brands":[{"id":152,"name":"FEBEST","slug":"febest"}],"_links":{"self":[{"href":"https:\/\/www.autonvaraosahaku.fi\/index.php?rest_route=\/wp\/v2\/product\/11952","targetHints":{"allow":["GET"]}}],"collection":[{"href":"https:\/\/www.autonvaraosahaku.fi\/index.php?rest_route=\/wp\/v2\/product"}],"about":[{"href":"https:\/\/www.autonvaraosahaku.fi\/index.php?rest_route=\/wp\/v2\/types\/product"}],"wp:attachment":[{"href":"https:\/\/www.autonvaraosahaku.fi\/index.php?rest_route=%2Fwp%2Fv2%2Fmedia&parent=11952"}],"wp:term":[{"taxonomy":"pwb-brand","embeddable":true,"href":"https:\/\/www.autonvaraosahaku.fi\/index.php?rest_route=%2Fwp%2Fv2%2Fpwb-brand&post=11952"},{"taxonomy":"product_cat","embeddable":true,"href":"https:\/\/www.autonvaraosahaku.fi\/index.php?rest_route=%2Fwp%2Fv2%2Fproduct_cat&post=11952"},{"taxonomy":"product_tag","embeddable":true,"href":"https:\/\/www.autonvaraosahaku.fi\/index.php?rest_route=%2Fwp%2Fv2%2Fproduct_tag&post=11952"}],"curies":[{"name":"wp","href":"https:\/\/api.w.org\/{rel}","templated":true}]}}