{"id":11953,"date":"2021-02-21T14:13:17","date_gmt":"2021-02-21T14:13:17","guid":{"rendered":"https:\/\/www.autonvaraosahaku.fi\/?product=maxgear-54-1158-muut-luokat"},"modified":"2021-02-21T14:13:18","modified_gmt":"2021-02-21T14:13:18","slug":"maxgear-54-1158-muut-luokat","status":"publish","type":"product","link":"https:\/\/www.autonvaraosahaku.fi\/?product=maxgear-54-1158-muut-luokat","title":{"rendered":"MAXGEAR 54-1158 Muut luokat"},"content":{"rendered":"<p>K\u00e4ytt\u00f6: Hydraulinen; Huomioi huolto-ohjeet: ; Tarvittava kappalem\u00e4\u00e4r\u00e4: 1; Paino [kg]: 0,18; Apulaitteet: angetr. Agg.: Generator; BMW: 5 E39,5 Touring E39,3 Compact E36,3 E36,5 E34,3 Touring E36,5 Touring E34; OPEL: OMEGA B Caravan 21_, 22_, 23_,OMEGA B 25_, 26_, 27_; VAUXHALL: OMEGA B,OMEGA B Estate; 11282243510, 11282244424, 11282246769, 11282248168, STC2130, STC3102, 1340538, 1340552, 1340653, 09118848, 90509168, 90543873, 9118848<\/p>\n","protected":false},"excerpt":{"rendered":"<p>MAXGEAR V\u00e4rin\u00e4nvaimennin, Moniurahihna 54-1158  BMW,OPEL,VAUXHALL,5 E39,5 Touring E39,3 Compact E36,3 E36,5 E34,3 Touring E36,5 Touring E34<\/p>\n","protected":false},"featured_media":0,"template":"","meta":{"site-sidebar-layout":"default","site-content-layout":"default","ast-global-header-display":"","ast-main-header-display":"","ast-hfb-above-header-display":"","ast-hfb-below-header-display":"","ast-hfb-mobile-header-display":"","site-post-title":"","ast-breadcrumbs-content":"","ast-featured-img":"","footer-sml-layout":"","theme-transparent-header-meta":"","adv-header-id-meta":"","stick-header-meta":"","header-above-stick-meta":"","header-main-stick-meta":"","header-below-stick-meta":""},"pwb-brand":[48],"product_cat":[37],"product_tag":[],"class_list":{"0":"post-11953","1":"product","2":"type-product","3":"status-publish","5":"pwb-brand-maxgear","6":"product_cat-muut-luokat","7":"desktop-align-left","8":"tablet-align-left","9":"mobile-align-left","11":"first","12":"instock","13":"product-type-external"},"brands":[{"id":48,"name":"MAXGEAR","slug":"maxgear"}],"_links":{"self":[{"href":"https:\/\/www.autonvaraosahaku.fi\/index.php?rest_route=\/wp\/v2\/product\/11953","targetHints":{"allow":["GET"]}}],"collection":[{"href":"https:\/\/www.autonvaraosahaku.fi\/index.php?rest_route=\/wp\/v2\/product"}],"about":[{"href":"https:\/\/www.autonvaraosahaku.fi\/index.php?rest_route=\/wp\/v2\/types\/product"}],"wp:attachment":[{"href":"https:\/\/www.autonvaraosahaku.fi\/index.php?rest_route=%2Fwp%2Fv2%2Fmedia&parent=11953"}],"wp:term":[{"taxonomy":"pwb-brand","embeddable":true,"href":"https:\/\/www.autonvaraosahaku.fi\/index.php?rest_route=%2Fwp%2Fv2%2Fpwb-brand&post=11953"},{"taxonomy":"product_cat","embeddable":true,"href":"https:\/\/www.autonvaraosahaku.fi\/index.php?rest_route=%2Fwp%2Fv2%2Fproduct_cat&post=11953"},{"taxonomy":"product_tag","embeddable":true,"href":"https:\/\/www.autonvaraosahaku.fi\/index.php?rest_route=%2Fwp%2Fv2%2Fproduct_tag&post=11953"}],"curies":[{"name":"wp","href":"https:\/\/api.w.org\/{rel}","templated":true}]}}