{"id":11967,"date":"2021-02-21T14:13:20","date_gmt":"2021-02-21T14:13:20","guid":{"rendered":"https:\/\/www.autonvaraosahaku.fi\/?product=topran-409-242-oljytikku"},"modified":"2021-02-21T14:13:21","modified_gmt":"2021-02-21T14:13:21","slug":"topran-409-242-oljytikku","status":"publish","type":"product","link":"https:\/\/www.autonvaraosahaku.fi\/?product=topran-409-242-oljytikku","title":{"rendered":"TOPRAN 409 242 \u00d6ljytikku"},"content":{"rendered":"<p>Runkomateriaali: Ter\u00e4s; Materiaali: Muovi; V\u00e4ri: Punainen; Kokonaispituus (mm): 677; Lis\u00e4tarvike\/lis\u00e4tieto: Tiivisteill\u00e4; Moottorinumeroon: 30599999; MERCEDES-BENZ: C-CLASS W204,C-CLASS T-Model S204,E-CLASS W212,E-CLASS T-Model S212; 6510101472, A6510101472; \u00d6ljyn Mittatikku<\/p>\n","protected":false},"excerpt":{"rendered":"<p>TOPRAN \u00d6ljytikku 409 242 \u00d6ljyn Mittatikku MERCEDES-BENZ,C-CLASS W204,C-CLASS T-Model S204,E-CLASS W212,E-CLASS T-Model S212<\/p>\n","protected":false},"featured_media":0,"template":"","meta":{"site-sidebar-layout":"default","site-content-layout":"default","ast-global-header-display":"","ast-main-header-display":"","ast-hfb-above-header-display":"","ast-hfb-below-header-display":"","ast-hfb-mobile-header-display":"","site-post-title":"","ast-breadcrumbs-content":"","ast-featured-img":"","footer-sml-layout":"","theme-transparent-header-meta":"","adv-header-id-meta":"","stick-header-meta":"","header-above-stick-meta":"","header-main-stick-meta":"","header-below-stick-meta":""},"pwb-brand":[18],"product_cat":[71],"product_tag":[],"class_list":{"0":"post-11967","1":"product","2":"type-product","3":"status-publish","5":"pwb-brand-topran","6":"product_cat-oljytikku","7":"desktop-align-left","8":"tablet-align-left","9":"mobile-align-left","11":"first","12":"instock","13":"product-type-external"},"brands":[{"id":18,"name":"TOPRAN","slug":"topran"}],"_links":{"self":[{"href":"https:\/\/www.autonvaraosahaku.fi\/index.php?rest_route=\/wp\/v2\/product\/11967","targetHints":{"allow":["GET"]}}],"collection":[{"href":"https:\/\/www.autonvaraosahaku.fi\/index.php?rest_route=\/wp\/v2\/product"}],"about":[{"href":"https:\/\/www.autonvaraosahaku.fi\/index.php?rest_route=\/wp\/v2\/types\/product"}],"wp:attachment":[{"href":"https:\/\/www.autonvaraosahaku.fi\/index.php?rest_route=%2Fwp%2Fv2%2Fmedia&parent=11967"}],"wp:term":[{"taxonomy":"pwb-brand","embeddable":true,"href":"https:\/\/www.autonvaraosahaku.fi\/index.php?rest_route=%2Fwp%2Fv2%2Fpwb-brand&post=11967"},{"taxonomy":"product_cat","embeddable":true,"href":"https:\/\/www.autonvaraosahaku.fi\/index.php?rest_route=%2Fwp%2Fv2%2Fproduct_cat&post=11967"},{"taxonomy":"product_tag","embeddable":true,"href":"https:\/\/www.autonvaraosahaku.fi\/index.php?rest_route=%2Fwp%2Fv2%2Fproduct_tag&post=11967"}],"curies":[{"name":"wp","href":"https:\/\/api.w.org\/{rel}","templated":true}]}}