{"id":11978,"date":"2021-02-21T14:13:20","date_gmt":"2021-02-21T14:13:20","guid":{"rendered":"https:\/\/www.autonvaraosahaku.fi\/?product=meyle-514-830-0004-polttoainepumpun-rele"},"modified":"2021-02-21T14:13:22","modified_gmt":"2021-02-21T14:13:22","slug":"meyle-514-830-0004-polttoainepumpun-rele","status":"publish","type":"product","link":"https:\/\/www.autonvaraosahaku.fi\/?product=meyle-514-830-0004-polttoainepumpun-rele","title":{"rendered":"MEYLE 514 830 0004 Polttoainepumpun rele"},"content":{"rendered":"<p>K\u00e4ytt\u00f6j\u00e4nnite [V]: 12; Nimellisteho (W): 180; Nimellisvirta [A]: 15; Yhdistelm\u00e4kytkintoiminto: Sulkija; L\u00e4mp\u00f6alue alkaen [\u00b0C]: -40; L\u00e4mp\u00f6tila-alue korkeintaan [\u00b0C]: 85; Pituus (mm): 31,7; Leveys (mm): 21,7; Korkeus (mm): 49,7; Liittimet: 5x 6,3&#215;0,8 mm; Sylinteriluku: 5; Napojen m\u00e4\u00e4r\u00e4: 4; lis\u00e4tieto: ORIGINAL Quality; Valmistusvuoteen: 12\/2000; VOLVO: V70 I LV,850 Kombi LW,XC70 CROSS COUNTRY,C70 I Cabriolet,C70 I Coupe,850 LS,S70 LS; 9434225; Rele, Polttoainepumppu<\/p>\n","protected":false},"excerpt":{"rendered":"<p>MEYLE Polttoainepumpun Rele 514 830 0004 Rele, Polttoainepumppu VOLVO,V70 I LV,850 Kombi LW,XC70 CROSS COUNTRY,C70 I Cabriolet,C70 I Coupe,850 LS<\/p>\n","protected":false},"featured_media":0,"template":"","meta":{"site-sidebar-layout":"default","site-content-layout":"default","ast-global-header-display":"","ast-main-header-display":"","ast-hfb-above-header-display":"","ast-hfb-below-header-display":"","ast-hfb-mobile-header-display":"","site-post-title":"","ast-breadcrumbs-content":"","ast-featured-img":"","footer-sml-layout":"","theme-transparent-header-meta":"","adv-header-id-meta":"","stick-header-meta":"","header-above-stick-meta":"","header-main-stick-meta":"","header-below-stick-meta":""},"pwb-brand":[84],"product_cat":[132],"product_tag":[],"class_list":{"0":"post-11978","1":"product","2":"type-product","3":"status-publish","5":"pwb-brand-meyle","6":"product_cat-polttoainepumpun-rele","7":"desktop-align-left","8":"tablet-align-left","9":"mobile-align-left","11":"first","12":"instock","13":"product-type-external"},"brands":[{"id":84,"name":"MEYLE","slug":"meyle"}],"_links":{"self":[{"href":"https:\/\/www.autonvaraosahaku.fi\/index.php?rest_route=\/wp\/v2\/product\/11978","targetHints":{"allow":["GET"]}}],"collection":[{"href":"https:\/\/www.autonvaraosahaku.fi\/index.php?rest_route=\/wp\/v2\/product"}],"about":[{"href":"https:\/\/www.autonvaraosahaku.fi\/index.php?rest_route=\/wp\/v2\/types\/product"}],"wp:attachment":[{"href":"https:\/\/www.autonvaraosahaku.fi\/index.php?rest_route=%2Fwp%2Fv2%2Fmedia&parent=11978"}],"wp:term":[{"taxonomy":"pwb-brand","embeddable":true,"href":"https:\/\/www.autonvaraosahaku.fi\/index.php?rest_route=%2Fwp%2Fv2%2Fpwb-brand&post=11978"},{"taxonomy":"product_cat","embeddable":true,"href":"https:\/\/www.autonvaraosahaku.fi\/index.php?rest_route=%2Fwp%2Fv2%2Fproduct_cat&post=11978"},{"taxonomy":"product_tag","embeddable":true,"href":"https:\/\/www.autonvaraosahaku.fi\/index.php?rest_route=%2Fwp%2Fv2%2Fproduct_tag&post=11978"}],"curies":[{"name":"wp","href":"https:\/\/api.w.org\/{rel}","templated":true}]}}