{"id":11992,"date":"2021-02-21T14:13:24","date_gmt":"2021-02-21T14:13:24","guid":{"rendered":"https:\/\/www.autonvaraosahaku.fi\/?product=master-sport-3786-set-ms-pyoranlaakerit"},"modified":"2021-02-21T14:13:25","modified_gmt":"2021-02-21T14:13:25","slug":"master-sport-3786-set-ms-pyoranlaakerit","status":"publish","type":"product","link":"https:\/\/www.autonvaraosahaku.fi\/?product=master-sport-3786-set-ms-pyoranlaakerit","title":{"rendered":"MASTER-SPORT 3786-SET-MS Py\u00f6r\u00e4nlaakerit"},"content":{"rendered":"<p>Leveys (mm): 37; Sis\u00e4l\u00e4pimitta [mm]: 34; Ulkol\u00e4pimitta [mm]: 64; Nettopaino [kg]: 0,55; Bruttopaino [kg]: 0,58; Asennuspuoli: Vorderachse; CHEVROLET: SPARK M300,AVEO Schr\u00e4gheck T250, T255,AVEO Stufenheck T250, T255,AVEO Stufenheck T200,AVEO Schr\u00e4gheck T200; DAEWOO: KALOS KLAS,LANOS KLAT,KALOS Stufenheck KLAS,LANOS Stufenheck KLAT; 94535121, 94535249, 94536117, 95983139, 0926734001, 0926734002, 0938167001, 90279331, 94535121, 94535246, 94535247, 94535248, 94535249, 945356117, 945356118, 94536117, 94536118, 8941512130, 328104, 90279331, 328104, 90279331; Py\u00f6r\u00e4nlaakerisarja<\/p>\n","protected":false},"excerpt":{"rendered":"<p>MASTER-SPORT Py\u00f6r\u00e4nlaakerit 3786-SET-MS Py\u00f6r\u00e4nlaakerisarja CHEVROLET,DAEWOO,SPARK M300,AVEO Schr\u00e4gheck T250, T255,AVEO Stufenheck T250, T255<\/p>\n","protected":false},"featured_media":0,"template":"","meta":{"site-sidebar-layout":"default","site-content-layout":"default","ast-global-header-display":"","ast-main-header-display":"","ast-hfb-above-header-display":"","ast-hfb-below-header-display":"","ast-hfb-mobile-header-display":"","site-post-title":"","ast-breadcrumbs-content":"","ast-featured-img":"","footer-sml-layout":"","theme-transparent-header-meta":"","adv-header-id-meta":"","stick-header-meta":"","header-above-stick-meta":"","header-main-stick-meta":"","header-below-stick-meta":""},"pwb-brand":[61],"product_cat":[83],"product_tag":[],"class_list":{"0":"post-11992","1":"product","2":"type-product","3":"status-publish","5":"pwb-brand-master-sport","6":"product_cat-pyoranlaakerit","7":"desktop-align-left","8":"tablet-align-left","9":"mobile-align-left","11":"first","12":"instock","13":"product-type-external"},"brands":[{"id":61,"name":"MASTER-SPORT","slug":"master-sport"}],"_links":{"self":[{"href":"https:\/\/www.autonvaraosahaku.fi\/index.php?rest_route=\/wp\/v2\/product\/11992","targetHints":{"allow":["GET"]}}],"collection":[{"href":"https:\/\/www.autonvaraosahaku.fi\/index.php?rest_route=\/wp\/v2\/product"}],"about":[{"href":"https:\/\/www.autonvaraosahaku.fi\/index.php?rest_route=\/wp\/v2\/types\/product"}],"wp:attachment":[{"href":"https:\/\/www.autonvaraosahaku.fi\/index.php?rest_route=%2Fwp%2Fv2%2Fmedia&parent=11992"}],"wp:term":[{"taxonomy":"pwb-brand","embeddable":true,"href":"https:\/\/www.autonvaraosahaku.fi\/index.php?rest_route=%2Fwp%2Fv2%2Fpwb-brand&post=11992"},{"taxonomy":"product_cat","embeddable":true,"href":"https:\/\/www.autonvaraosahaku.fi\/index.php?rest_route=%2Fwp%2Fv2%2Fproduct_cat&post=11992"},{"taxonomy":"product_tag","embeddable":true,"href":"https:\/\/www.autonvaraosahaku.fi\/index.php?rest_route=%2Fwp%2Fv2%2Fproduct_tag&post=11992"}],"curies":[{"name":"wp","href":"https:\/\/api.w.org\/{rel}","templated":true}]}}