{"id":11994,"date":"2021-02-21T14:13:24","date_gmt":"2021-02-21T14:13:24","guid":{"rendered":"https:\/\/www.autonvaraosahaku.fi\/?product=meyle-025-243-3717-jarrupalat"},"modified":"2021-02-21T14:13:26","modified_gmt":"2021-02-21T14:13:26","slug":"meyle-025-243-3717-jarrupalat","status":"publish","type":"product","link":"https:\/\/www.autonvaraosahaku.fi\/?product=meyle-025-243-3717-jarrupalat","title":{"rendered":"MEYLE 025 243 3717 Jarrupalat"},"content":{"rendered":"<p>Asennuspuoli: Etuakseli; Leveys (mm): 146,4; Korkeus (mm): 56,8; Paksuus [mm]: 17,5; Kulumisenilmaisimen liitos: Ilman kulumisenilmaisinta; Jarruj\u00e4rjestelm\u00e4: Advics; Korvaava tuote\/korvaava tiedote 2: Huudonvaimennuspellill\u00e4; M\u00e4\u00e4r\u00e4yksikk\u00f6: Akselisarja; lis\u00e4tieto: ORIGINAL Quality; Valmistusvuoteen: 11\/2008; TOYOTA: AURIS NRE15_, ZZE15_, ADE15_, ZRE15_, NDE15_,RAV 4 III ACA3_, ACE_, ALA3_, GSA3_, ZSA3_,AURIS NZE18_, ZRE18_,AURIS TOURING SPORTS ADE18_, ZWE18_, ZRE18_,RAV 4 IV ZSA4_, ALA4_,PRIUS PLUS ZVW4_; 0446502230, 0446542140, 0446542170, 0446542180, 0446542190, 04465YZZDY; Jarrupalasarja,Jarrupala, Levyjarru<\/p>\n","protected":false},"excerpt":{"rendered":"<p>MEYLE Jarrupalat 025 243 3717 Jarrupalasarja,Jarrupala, Levyjarru TOYOTA,AURIS NRE15_, ZZE15_, ADE15_, ZRE15_, NDE15_<\/p>\n","protected":false},"featured_media":0,"template":"","meta":{"site-sidebar-layout":"default","site-content-layout":"default","ast-global-header-display":"","ast-main-header-display":"","ast-hfb-above-header-display":"","ast-hfb-below-header-display":"","ast-hfb-mobile-header-display":"","site-post-title":"","ast-breadcrumbs-content":"","ast-featured-img":"","footer-sml-layout":"","theme-transparent-header-meta":"","adv-header-id-meta":"","stick-header-meta":"","header-above-stick-meta":"","header-main-stick-meta":"","header-below-stick-meta":""},"pwb-brand":[84],"product_cat":[100],"product_tag":[],"class_list":{"0":"post-11994","1":"product","2":"type-product","3":"status-publish","5":"pwb-brand-meyle","6":"product_cat-jarrupalat","7":"desktop-align-left","8":"tablet-align-left","9":"mobile-align-left","11":"first","12":"instock","13":"product-type-external"},"brands":[{"id":84,"name":"MEYLE","slug":"meyle"}],"_links":{"self":[{"href":"https:\/\/www.autonvaraosahaku.fi\/index.php?rest_route=\/wp\/v2\/product\/11994","targetHints":{"allow":["GET"]}}],"collection":[{"href":"https:\/\/www.autonvaraosahaku.fi\/index.php?rest_route=\/wp\/v2\/product"}],"about":[{"href":"https:\/\/www.autonvaraosahaku.fi\/index.php?rest_route=\/wp\/v2\/types\/product"}],"wp:attachment":[{"href":"https:\/\/www.autonvaraosahaku.fi\/index.php?rest_route=%2Fwp%2Fv2%2Fmedia&parent=11994"}],"wp:term":[{"taxonomy":"pwb-brand","embeddable":true,"href":"https:\/\/www.autonvaraosahaku.fi\/index.php?rest_route=%2Fwp%2Fv2%2Fpwb-brand&post=11994"},{"taxonomy":"product_cat","embeddable":true,"href":"https:\/\/www.autonvaraosahaku.fi\/index.php?rest_route=%2Fwp%2Fv2%2Fproduct_cat&post=11994"},{"taxonomy":"product_tag","embeddable":true,"href":"https:\/\/www.autonvaraosahaku.fi\/index.php?rest_route=%2Fwp%2Fv2%2Fproduct_tag&post=11994"}],"curies":[{"name":"wp","href":"https:\/\/api.w.org\/{rel}","templated":true}]}}