{"id":12002,"date":"2021-02-21T14:13:27","date_gmt":"2021-02-21T14:13:27","guid":{"rendered":"https:\/\/www.autonvaraosahaku.fi\/?product=original-imperium-37541-hammastangon-suojakumi"},"modified":"2021-02-21T14:13:28","modified_gmt":"2021-02-21T14:13:28","slug":"original-imperium-37541-hammastangon-suojakumi","status":"publish","type":"product","link":"https:\/\/www.autonvaraosahaku.fi\/?product=original-imperium-37541-hammastangon-suojakumi","title":{"rendered":"ORIGINAL IMPERIUM 37541 Hammastangon suojakumi"},"content":{"rendered":"<p>Paino [g]: 159; Tarvittava kappalem\u00e4\u00e4r\u00e4: 2; Asennuspuoli: Etuakseli, beidseitig; Korkeus (mm): 176; Materiaali: Kumi; L\u00e4pimitta 1 [mm]: 10,8; L\u00e4pimitta 2 [mm]: 50; VW: SHARAN 7M8, 7M9, 7M6; FORD: GALAXY WGR,TRANSIT Bus FD_ _, FB_ _, FS_ _, FZ_ _, FC_ _; SEAT: ALHAMBRA 7V8, 7V9; 7M0422831B, 7M3422831, 7398680, 95VW3K661AC, 7M0422831B, 7M3422831, 7M0422831B, 7M3422831, 7M0422831B, 7M3422831; Paljekumi, Ohjaus<\/p>\n","protected":false},"excerpt":{"rendered":"<p>ORIGINAL IMPERIUM Hammastangon Suojakumi 37541 Paljekumi, Ohjaus VW,FORD,SEAT,SHARAN 7M8, 7M9, 7M6,GALAXY WGR<\/p>\n","protected":false},"featured_media":0,"template":"","meta":{"site-sidebar-layout":"default","site-content-layout":"default","ast-global-header-display":"","ast-main-header-display":"","ast-hfb-above-header-display":"","ast-hfb-below-header-display":"","ast-hfb-mobile-header-display":"","site-post-title":"","ast-breadcrumbs-content":"","ast-featured-img":"","footer-sml-layout":"","theme-transparent-header-meta":"","adv-header-id-meta":"","stick-header-meta":"","header-above-stick-meta":"","header-main-stick-meta":"","header-below-stick-meta":""},"pwb-brand":[72],"product_cat":[81],"product_tag":[],"class_list":{"0":"post-12002","1":"product","2":"type-product","3":"status-publish","5":"pwb-brand-original-imperium","6":"product_cat-hammastangon-suojakumi","7":"desktop-align-left","8":"tablet-align-left","9":"mobile-align-left","11":"first","12":"instock","13":"product-type-external"},"brands":[{"id":72,"name":"ORIGINAL IMPERIUM","slug":"original-imperium"}],"_links":{"self":[{"href":"https:\/\/www.autonvaraosahaku.fi\/index.php?rest_route=\/wp\/v2\/product\/12002","targetHints":{"allow":["GET"]}}],"collection":[{"href":"https:\/\/www.autonvaraosahaku.fi\/index.php?rest_route=\/wp\/v2\/product"}],"about":[{"href":"https:\/\/www.autonvaraosahaku.fi\/index.php?rest_route=\/wp\/v2\/types\/product"}],"wp:attachment":[{"href":"https:\/\/www.autonvaraosahaku.fi\/index.php?rest_route=%2Fwp%2Fv2%2Fmedia&parent=12002"}],"wp:term":[{"taxonomy":"pwb-brand","embeddable":true,"href":"https:\/\/www.autonvaraosahaku.fi\/index.php?rest_route=%2Fwp%2Fv2%2Fpwb-brand&post=12002"},{"taxonomy":"product_cat","embeddable":true,"href":"https:\/\/www.autonvaraosahaku.fi\/index.php?rest_route=%2Fwp%2Fv2%2Fproduct_cat&post=12002"},{"taxonomy":"product_tag","embeddable":true,"href":"https:\/\/www.autonvaraosahaku.fi\/index.php?rest_route=%2Fwp%2Fv2%2Fproduct_tag&post=12002"}],"curies":[{"name":"wp","href":"https:\/\/api.w.org\/{rel}","templated":true}]}}