{"id":12018,"date":"2021-02-21T14:13:27","date_gmt":"2021-02-21T14:13:27","guid":{"rendered":"https:\/\/www.autonvaraosahaku.fi\/?product=master-sport-31561b-pcs-ms-koiranluu"},"modified":"2021-02-21T14:13:30","modified_gmt":"2021-02-21T14:13:30","slug":"master-sport-31561b-pcs-ms-koiranluu","status":"publish","type":"product","link":"https:\/\/www.autonvaraosahaku.fi\/?product=master-sport-31561b-pcs-ms-koiranluu","title":{"rendered":"MASTER-SPORT 31561B-PCS-MS Koiranluu"},"content":{"rendered":"<p>Asennuspuoli: Etuakseli, Molemminpuolin; Pituus (mm): 304; L\u00e4pimitta [mm]: 9; Kierremitta: M12x1,75; Materiaali: Ter\u00e4s; Tanko \/ tuki: Heilurintanko; Lukum\u00e4\u00e4r\u00e4 akselille: 2; Nettopaino [kg]: 0,47; Bruttopaino [kg]: 0,47; Alustarakenne: f\u00fcr Fahrzeuge mit FlexRide-Fahrwerk; OPEL: ASTRA J Sports Tourer,INSIGNIA Caravan,ASTRA J,ZAFIRA TOURER C P12,INSIGNIA,INSIGNIA Stufenheck,ASTRA J Stufenheck; VAUXHALL: INSIGNIA Mk I A,INSIGNIA Mk I A Estate,ZAFIRA Mk III P12,ASTRA Mk VI J,INSIGNIA Mk I A Sedan,ASTRA Mk VI J Sedan,ASTRA Mk VI J Estate; 0350618, 13258052, 350618, 13258052, 13258058, 350618, 13258052, 350618; Kallistuksenvakaajan Yhdystanko,Tanko, Kallistuksenvaimennin<\/p>\n","protected":false},"excerpt":{"rendered":"<p>MASTER-SPORT Koiranluu 31561B-PCS-MS Kallistuksenvakaajan Yhdystanko,Tanko, Kallistuksenvaimennin OPEL,VAUXHALL,ASTRA J Sports Tourer,INSIGNIA Caravan<\/p>\n","protected":false},"featured_media":0,"template":"","meta":{"site-sidebar-layout":"default","site-content-layout":"default","ast-global-header-display":"","ast-main-header-display":"","ast-hfb-above-header-display":"","ast-hfb-below-header-display":"","ast-hfb-mobile-header-display":"","site-post-title":"","ast-breadcrumbs-content":"","ast-featured-img":"","footer-sml-layout":"","theme-transparent-header-meta":"","adv-header-id-meta":"","stick-header-meta":"","header-above-stick-meta":"","header-main-stick-meta":"","header-below-stick-meta":""},"pwb-brand":[61],"product_cat":[38],"product_tag":[],"class_list":{"0":"post-12018","1":"product","2":"type-product","3":"status-publish","5":"pwb-brand-master-sport","6":"product_cat-koiranluu","7":"desktop-align-left","8":"tablet-align-left","9":"mobile-align-left","11":"first","12":"instock","13":"product-type-external"},"brands":[{"id":61,"name":"MASTER-SPORT","slug":"master-sport"}],"_links":{"self":[{"href":"https:\/\/www.autonvaraosahaku.fi\/index.php?rest_route=\/wp\/v2\/product\/12018","targetHints":{"allow":["GET"]}}],"collection":[{"href":"https:\/\/www.autonvaraosahaku.fi\/index.php?rest_route=\/wp\/v2\/product"}],"about":[{"href":"https:\/\/www.autonvaraosahaku.fi\/index.php?rest_route=\/wp\/v2\/types\/product"}],"wp:attachment":[{"href":"https:\/\/www.autonvaraosahaku.fi\/index.php?rest_route=%2Fwp%2Fv2%2Fmedia&parent=12018"}],"wp:term":[{"taxonomy":"pwb-brand","embeddable":true,"href":"https:\/\/www.autonvaraosahaku.fi\/index.php?rest_route=%2Fwp%2Fv2%2Fpwb-brand&post=12018"},{"taxonomy":"product_cat","embeddable":true,"href":"https:\/\/www.autonvaraosahaku.fi\/index.php?rest_route=%2Fwp%2Fv2%2Fproduct_cat&post=12018"},{"taxonomy":"product_tag","embeddable":true,"href":"https:\/\/www.autonvaraosahaku.fi\/index.php?rest_route=%2Fwp%2Fv2%2Fproduct_tag&post=12018"}],"curies":[{"name":"wp","href":"https:\/\/api.w.org\/{rel}","templated":true}]}}