{"id":12033,"date":"2021-02-21T14:13:31","date_gmt":"2021-02-21T14:13:31","guid":{"rendered":"https:\/\/www.autonvaraosahaku.fi\/?product=magneti-marelli-313011313070-muut-luokat"},"modified":"2021-02-21T14:13:33","modified_gmt":"2021-02-21T14:13:33","slug":"magneti-marelli-313011313070-muut-luokat","status":"publish","type":"product","link":"https:\/\/www.autonvaraosahaku.fi\/?product=magneti-marelli-313011313070-muut-luokat","title":{"rendered":"MAGNETI MARELLI 313011313070 Muut luokat"},"content":{"rendered":"<p>Siirtom\u00e4\u00e4r\u00e4 (l\/h): 90; K\u00e4ytt\u00f6: S\u00e4hk\u00f6inen; J\u00e4nnite sis\u00e4\u00e4n [V]: 12; Tunnistinmalli: Vipuanturi; Lis\u00e4tarvike\/lis\u00e4tieto: S\u00e4ili\u00f6n anturilla; K\u00e4ytt\u00f6paine (bar): 1; FIAT: PUNTO 188,PUNTO 176,PUNTO Van 188AX,PUNTO Cabriolet 176C,PUNTO Van 176L; LANCIA: Y 840A,Y10 156; 46473394, 7736883, 7752900, 46473394, 7736883, 7752900<\/p>\n","protected":false},"excerpt":{"rendered":"<p>MAGNETI MARELLI Polttoaineen Sy\u00f6tt\u00f6moduli 313011313070  FIAT,LANCIA,PUNTO 188,PUNTO 176,PUNTO Van 188AX,PUNTO Cabriolet 176C,PUNTO Van 176L,Y 840A<\/p>\n","protected":false},"featured_media":0,"template":"","meta":{"site-sidebar-layout":"default","site-content-layout":"default","ast-global-header-display":"","ast-main-header-display":"","ast-hfb-above-header-display":"","ast-hfb-below-header-display":"","ast-hfb-mobile-header-display":"","site-post-title":"","ast-breadcrumbs-content":"","ast-featured-img":"","footer-sml-layout":"","theme-transparent-header-meta":"","adv-header-id-meta":"","stick-header-meta":"","header-above-stick-meta":"","header-main-stick-meta":"","header-below-stick-meta":""},"pwb-brand":[34],"product_cat":[37],"product_tag":[],"class_list":{"0":"post-12033","1":"product","2":"type-product","3":"status-publish","5":"pwb-brand-magneti-marelli","6":"product_cat-muut-luokat","7":"desktop-align-left","8":"tablet-align-left","9":"mobile-align-left","11":"first","12":"instock","13":"product-type-external"},"brands":[{"id":34,"name":"MAGNETI MARELLI","slug":"magneti-marelli"}],"_links":{"self":[{"href":"https:\/\/www.autonvaraosahaku.fi\/index.php?rest_route=\/wp\/v2\/product\/12033","targetHints":{"allow":["GET"]}}],"collection":[{"href":"https:\/\/www.autonvaraosahaku.fi\/index.php?rest_route=\/wp\/v2\/product"}],"about":[{"href":"https:\/\/www.autonvaraosahaku.fi\/index.php?rest_route=\/wp\/v2\/types\/product"}],"wp:attachment":[{"href":"https:\/\/www.autonvaraosahaku.fi\/index.php?rest_route=%2Fwp%2Fv2%2Fmedia&parent=12033"}],"wp:term":[{"taxonomy":"pwb-brand","embeddable":true,"href":"https:\/\/www.autonvaraosahaku.fi\/index.php?rest_route=%2Fwp%2Fv2%2Fpwb-brand&post=12033"},{"taxonomy":"product_cat","embeddable":true,"href":"https:\/\/www.autonvaraosahaku.fi\/index.php?rest_route=%2Fwp%2Fv2%2Fproduct_cat&post=12033"},{"taxonomy":"product_tag","embeddable":true,"href":"https:\/\/www.autonvaraosahaku.fi\/index.php?rest_route=%2Fwp%2Fv2%2Fproduct_tag&post=12033"}],"curies":[{"name":"wp","href":"https:\/\/api.w.org\/{rel}","templated":true}]}}