{"id":12085,"date":"2021-02-21T14:13:41","date_gmt":"2021-02-21T14:13:41","guid":{"rendered":"https:\/\/www.autonvaraosahaku.fi\/?product=optimal-200012l-pyoranlaakerit"},"modified":"2021-02-21T14:13:42","modified_gmt":"2021-02-21T14:13:42","slug":"optimal-200012l-pyoranlaakerit","status":"publish","type":"product","link":"https:\/\/www.autonvaraosahaku.fi\/?product=optimal-200012l-pyoranlaakerit","title":{"rendered":"OPTIMAL 200012L Py\u00f6r\u00e4nlaakerit"},"content":{"rendered":"<p>Asennuspuoli: Oikea, Vasen, Hinterachse; Leveys (mm): 14,7, 14,6; Sis\u00e4l\u00e4pimitta [mm]: 29, 17,5; Ulkol\u00e4pimitta [mm]: 50,3, 39,9; Lis\u00e4tarvike\/lis\u00e4tieto: Tarvikkeilla; Leveys 2 (mm): 14,2, 13,8; OPEL: CORSA B 73_, 78_, 79_,VECTRA A 86_, 87_,KADETT E CC 33_, 34_, 43_, 44_,TIGRA 95_,CORSA A CC 93_, 94_, 98_, 99_,KADETT C Coupe,MANTA B 58_, 59_,VECTRA A CC 88_, 89_,KADETT C,COMBO 71_,KADETT E Cabriolet 43B_,ASCONA B 81_, 86_, 87_, 88_,ASCONA C 81_, 86_, 87_, 88_,REKORD E 17_-19_, 11_, 14_, 16_,CORSA A TR 91_, 92_, 96_, 97_,KADETT D 31_-34_, 41_-44_,KADETT E 39_, 49_,CORSA B Kasten 73_,ASCONA C CC 84_, 89_,REKORD D,KADETT E Caravan 35_, 36_, 45_, 46_,CORSA B Kombi F35,MANTA B CC 53_, 55_,KADETT C City,REKORD E Caravan 61_, 66_, 67_,KADETT D 32_,37_,39, _42,REKORD D Coupe,KADETT C Caravan,KADETT D Caravan 35_, 36_, 45_, 46_,CORSA A Kasten,KADETT E Kasten 37_, 47_,REKORD D Caravan,KADETT E Combo 38_, 48_; DAEWOO: LANOS KLAT,NUBIRA Wagon KLAJ,LANOS Stufenheck KLAT,NEXIA KLETN,NUBIRA Stufenheck KLAJ,ESPERO KLEJ,NUBIRA KLAJ,NEXIA Stufenheck KLETN,CIELO Stufenheck; VAUXHALL: CHEVETTE,CHEVETTE CC,CORSA Mk I B,ASTRA Mk II CC,CAVALIER Mk III 87,ASTRA Mk III F Estate,CARLTON Mk II Estate,CAVALIER Mk III CC,COMBO Mk I B,TIGRA Mk I F07,CAVALIER Mk II CC,NOVA,NOVA CC; 02667886, 03461793, 0926517101, 0926517201, 0926529001, 0928340001, 2667886, 3461793, 7466975, 94535210, 94535218, 94535474, 94797384, 96298788, 0926517101, 0926517201, 0926529001, 2667886, 3461793, 7466975, 94535210, 94535218, 94797384, 96298788, 11054489, 11070311, 1603065, 1603193, 328022, 330011, 90005137, 90005147, 90486463, 11054489, 11070311, 1603065, 1603193, 90005137, 90005147, 90486463; Py\u00f6r\u00e4nlaakerisarja<\/p>\n","protected":false},"excerpt":{"rendered":"<p>OPTIMAL Py\u00f6r\u00e4nlaakerit 200012L Py\u00f6r\u00e4nlaakerisarja OPEL,DAEWOO,VAUXHALL,CORSA B 73_, 78_, 79_,VECTRA A 86_, 87_,KADETT E CC 33_, 34_, 43_, 44_<\/p>\n","protected":false},"featured_media":0,"template":"","meta":{"site-sidebar-layout":"default","site-content-layout":"default","ast-global-header-display":"","ast-main-header-display":"","ast-hfb-above-header-display":"","ast-hfb-below-header-display":"","ast-hfb-mobile-header-display":"","site-post-title":"","ast-breadcrumbs-content":"","ast-featured-img":"","footer-sml-layout":"","theme-transparent-header-meta":"","adv-header-id-meta":"","stick-header-meta":"","header-above-stick-meta":"","header-main-stick-meta":"","header-below-stick-meta":""},"pwb-brand":[307],"product_cat":[83],"product_tag":[],"class_list":{"0":"post-12085","1":"product","2":"type-product","3":"status-publish","5":"pwb-brand-optimal","6":"product_cat-pyoranlaakerit","7":"desktop-align-left","8":"tablet-align-left","9":"mobile-align-left","11":"first","12":"instock","13":"product-type-external"},"brands":[{"id":307,"name":"OPTIMAL","slug":"optimal"}],"_links":{"self":[{"href":"https:\/\/www.autonvaraosahaku.fi\/index.php?rest_route=\/wp\/v2\/product\/12085","targetHints":{"allow":["GET"]}}],"collection":[{"href":"https:\/\/www.autonvaraosahaku.fi\/index.php?rest_route=\/wp\/v2\/product"}],"about":[{"href":"https:\/\/www.autonvaraosahaku.fi\/index.php?rest_route=\/wp\/v2\/types\/product"}],"wp:attachment":[{"href":"https:\/\/www.autonvaraosahaku.fi\/index.php?rest_route=%2Fwp%2Fv2%2Fmedia&parent=12085"}],"wp:term":[{"taxonomy":"pwb-brand","embeddable":true,"href":"https:\/\/www.autonvaraosahaku.fi\/index.php?rest_route=%2Fwp%2Fv2%2Fpwb-brand&post=12085"},{"taxonomy":"product_cat","embeddable":true,"href":"https:\/\/www.autonvaraosahaku.fi\/index.php?rest_route=%2Fwp%2Fv2%2Fproduct_cat&post=12085"},{"taxonomy":"product_tag","embeddable":true,"href":"https:\/\/www.autonvaraosahaku.fi\/index.php?rest_route=%2Fwp%2Fv2%2Fproduct_tag&post=12085"}],"curies":[{"name":"wp","href":"https:\/\/api.w.org\/{rel}","templated":true}]}}