{"id":12087,"date":"2021-02-21T14:13:41","date_gmt":"2021-02-21T14:13:41","guid":{"rendered":"https:\/\/www.autonvaraosahaku.fi\/?product=master-sport-37070-pcs-ms-kallistuksenvakaajan-puslat"},"modified":"2021-02-21T14:13:42","modified_gmt":"2021-02-21T14:13:42","slug":"master-sport-37070-pcs-ms-kallistuksenvakaajan-puslat","status":"publish","type":"product","link":"https:\/\/www.autonvaraosahaku.fi\/?product=master-sport-37070-pcs-ms-kallistuksenvakaajan-puslat","title":{"rendered":"MASTER-SPORT 37070-PCS-MS Kallistuksenvakaajan puslat"},"content":{"rendered":"<p>Asennuspuoli: Etuakseli; Lukum\u00e4\u00e4r\u00e4 akselille: 2; Kallistuksenvakaajan l\u00e4pimitta [mm]: 23; PR-numerolle: 0AC; Nettopaino [kg]: 0,15; Bruttopaino [kg]: 0,2; Alustarakenne: f\u00fcr Fahrzeuge mit verst\u00e4rktem Stabilisator; VW: CRAFTER 30-50 Kasten 2E_,CRAFTER 30-35 Bus 2E_,CRAFTER 30-50 Pritsche\/Fahrgestell 2F_; MERCEDES-BENZ: SPRINTER 3,5-t Kasten 906,SPRINTER 3,5-t Bus 906,SPRINTER 3,5-t Pritsche\/Fahrgestell 906,SPRINTER 5-t Kasten 906,SPRINTER 5-t Pritsche\/Fahrgestell 906; 9063231685, 9063233685, 9063233785, A9063231685, A9063233685, A9063233785, 2E0407473E, 2E0411041F; Kallistuksenvakaajan Kumit,Vakaajan Hela<\/p>\n","protected":false},"excerpt":{"rendered":"<p>MASTER-SPORT Kallistuksenvakaajan Puslat 37070-PCS-MS Kallistuksenvakaajan Kumit,Vakaajan Hela VW,MERCEDES-BENZ,CRAFTER 30-50 Kasten 2E_<\/p>\n","protected":false},"featured_media":0,"template":"","meta":{"site-sidebar-layout":"default","site-content-layout":"default","ast-global-header-display":"","ast-main-header-display":"","ast-hfb-above-header-display":"","ast-hfb-below-header-display":"","ast-hfb-mobile-header-display":"","site-post-title":"","ast-breadcrumbs-content":"","ast-featured-img":"","footer-sml-layout":"","theme-transparent-header-meta":"","adv-header-id-meta":"","stick-header-meta":"","header-above-stick-meta":"","header-main-stick-meta":"","header-below-stick-meta":""},"pwb-brand":[61],"product_cat":[82],"product_tag":[],"class_list":{"0":"post-12087","1":"product","2":"type-product","3":"status-publish","5":"pwb-brand-master-sport","6":"product_cat-kallistuksenvakaajan-puslat","7":"desktop-align-left","8":"tablet-align-left","9":"mobile-align-left","11":"first","12":"instock","13":"product-type-external"},"brands":[{"id":61,"name":"MASTER-SPORT","slug":"master-sport"}],"_links":{"self":[{"href":"https:\/\/www.autonvaraosahaku.fi\/index.php?rest_route=\/wp\/v2\/product\/12087","targetHints":{"allow":["GET"]}}],"collection":[{"href":"https:\/\/www.autonvaraosahaku.fi\/index.php?rest_route=\/wp\/v2\/product"}],"about":[{"href":"https:\/\/www.autonvaraosahaku.fi\/index.php?rest_route=\/wp\/v2\/types\/product"}],"wp:attachment":[{"href":"https:\/\/www.autonvaraosahaku.fi\/index.php?rest_route=%2Fwp%2Fv2%2Fmedia&parent=12087"}],"wp:term":[{"taxonomy":"pwb-brand","embeddable":true,"href":"https:\/\/www.autonvaraosahaku.fi\/index.php?rest_route=%2Fwp%2Fv2%2Fpwb-brand&post=12087"},{"taxonomy":"product_cat","embeddable":true,"href":"https:\/\/www.autonvaraosahaku.fi\/index.php?rest_route=%2Fwp%2Fv2%2Fproduct_cat&post=12087"},{"taxonomy":"product_tag","embeddable":true,"href":"https:\/\/www.autonvaraosahaku.fi\/index.php?rest_route=%2Fwp%2Fv2%2Fproduct_tag&post=12087"}],"curies":[{"name":"wp","href":"https:\/\/api.w.org\/{rel}","templated":true}]}}