{"id":12094,"date":"2021-02-21T14:13:41","date_gmt":"2021-02-21T14:13:41","guid":{"rendered":"https:\/\/www.autonvaraosahaku.fi\/?product=master-sport-36808-set-ms-alatukivarsi"},"modified":"2021-02-21T14:13:43","modified_gmt":"2021-02-21T14:13:43","slug":"master-sport-36808-set-ms-alatukivarsi","status":"publish","type":"product","link":"https:\/\/www.autonvaraosahaku.fi\/?product=master-sport-36808-set-ms-alatukivarsi","title":{"rendered":"MASTER-SPORT 36808-SET-MS Alatukivarsi"},"content":{"rendered":"<p>Asennuspuoli: etuakseli molemminpuoleinen; M\u00e4\u00e4r\u00e4yksikk\u00f6: Sarja; Tarvittava kappalem\u00e4\u00e4r\u00e4: 1; Nettopaino [kg]: 8,5; Bruttopaino [kg]: 9,04; Alustanumeroon: 9N-9-050 000; VW: POLO 9N_,FOX 5Z1, 5Z3,POLO Stufenheck 9A4; SKODA: FABIA Combi 6Y5,FABIA,FABIA 6Y2,ROOMSTER 5J,FABIA Stufenheck 6Y3,ROOMSTER Praktik 5J,FABIA Praktik; SEAT: IBIZA IV 6L1,CORDOBA 6L2; 6Q0407151D, 6Q0407151E, 6Q0407151L, 6Q0407365A, 6Q0407365B, 6Q0407365M, 6Q0407366A, 6Q0407366B, 6Q0407366M, 6Q0411315A, 6Q0411315B, 6Q0411315C, 6Q0411315D, 6Q0411315E, 6Q0411315F, 6Q0411315G, 6Q0411315J, 6Q0411315M, 6Q0411315N, 6Q0411315Q, 6Q0419811C, 6Q0419812C, 6Q0423811, 6Q0423811A, 6Q0423811C, 6Q0423811D, 6Q0423812, 6Q0423812A, 6Q0423812C, 6Q0423812D, 6R0411315, 6R0411315A, 6R0423811, 6R0423812, 6Q0407151D, 6Q0407151E, 6Q0407151L, 6Q0407365A, 6Q0407365B, 6Q0407365M, 6Q0407366A, 6Q0407366B, 6Q0407366M, 6Q0411315A, 6Q0411315B, 6Q0411315C, 6Q0411315D, 6Q0411315E, 6Q0411315F, 6Q0411315G, 6Q0411315J, 6Q0411315M, 6Q0411315N, 6Q0411315Q, 6Q0419811C, 6Q0419812C, 6Q0423811, 6Q0423811A, 6Q0423811C, 6Q0423811D, 6Q0423812, 6Q0423812A, 6Q0423812C, 6Q0423812D, 6R0411315, 6R0411315A, 6R0423811, 6R0423812, 6Q0407151D, 6Q0407151E, 6Q0407151L, 6Q0407365A, 6Q0407365B, 6Q0407365M, 6Q0407366A, 6Q0407366B, 6Q0407366M, 6Q0411315A, 6Q0411315B, 6Q0411315C, 6Q0411315D, 6Q0411315E, 6Q0411315F, 6Q0411315G, &#8230;<\/p>\n","protected":false},"excerpt":{"rendered":"<p>MASTER-SPORT Tukivarsisarja, Py\u00f6rien Tuenta 36808-SET-MS  VW,SKODA,SEAT,POLO 9N_,FOX 5Z1, 5Z3,POLO Stufenheck 9A4,FABIA Combi 6Y5,FABIA,FABIA 6Y2<\/p>\n","protected":false},"featured_media":0,"template":"","meta":{"site-sidebar-layout":"default","site-content-layout":"default","ast-global-header-display":"","ast-main-header-display":"","ast-hfb-above-header-display":"","ast-hfb-below-header-display":"","ast-hfb-mobile-header-display":"","site-post-title":"","ast-breadcrumbs-content":"","ast-featured-img":"","footer-sml-layout":"","theme-transparent-header-meta":"","adv-header-id-meta":"","stick-header-meta":"","header-above-stick-meta":"","header-main-stick-meta":"","header-below-stick-meta":""},"pwb-brand":[61],"product_cat":[62],"product_tag":[],"class_list":{"0":"post-12094","1":"product","2":"type-product","3":"status-publish","5":"pwb-brand-master-sport","6":"product_cat-alatukivarsi","7":"desktop-align-left","8":"tablet-align-left","9":"mobile-align-left","11":"first","12":"instock","13":"product-type-external"},"brands":[{"id":61,"name":"MASTER-SPORT","slug":"master-sport"}],"_links":{"self":[{"href":"https:\/\/www.autonvaraosahaku.fi\/index.php?rest_route=\/wp\/v2\/product\/12094","targetHints":{"allow":["GET"]}}],"collection":[{"href":"https:\/\/www.autonvaraosahaku.fi\/index.php?rest_route=\/wp\/v2\/product"}],"about":[{"href":"https:\/\/www.autonvaraosahaku.fi\/index.php?rest_route=\/wp\/v2\/types\/product"}],"wp:attachment":[{"href":"https:\/\/www.autonvaraosahaku.fi\/index.php?rest_route=%2Fwp%2Fv2%2Fmedia&parent=12094"}],"wp:term":[{"taxonomy":"pwb-brand","embeddable":true,"href":"https:\/\/www.autonvaraosahaku.fi\/index.php?rest_route=%2Fwp%2Fv2%2Fpwb-brand&post=12094"},{"taxonomy":"product_cat","embeddable":true,"href":"https:\/\/www.autonvaraosahaku.fi\/index.php?rest_route=%2Fwp%2Fv2%2Fproduct_cat&post=12094"},{"taxonomy":"product_tag","embeddable":true,"href":"https:\/\/www.autonvaraosahaku.fi\/index.php?rest_route=%2Fwp%2Fv2%2Fproduct_tag&post=12094"}],"curies":[{"name":"wp","href":"https:\/\/api.w.org\/{rel}","templated":true}]}}