{"id":12121,"date":"2021-02-21T14:13:48","date_gmt":"2021-02-21T14:13:48","guid":{"rendered":"https:\/\/www.autonvaraosahaku.fi\/?product=ridex-78b0401-jarrusatula"},"modified":"2021-02-21T14:13:49","modified_gmt":"2021-02-21T14:13:49","slug":"ridex-78b0401-jarrusatula","status":"publish","type":"product","link":"https:\/\/www.autonvaraosahaku.fi\/?product=ridex-78b0401-jarrusatula","title":{"rendered":"RIDEX 78B0401 Jarrusatula"},"content":{"rendered":"<p>L\u00e4pimitta 1\/l\u00e4pimitta 2 [mm]: 54,0; Jarruj\u00e4rjestelm\u00e4: TRW; Jarrulevypaksuudelle [mm]: 24,0; Kiinnityrreikien et\u00e4isyys [mm]: 160; Materiaali: Harmaa valurauta; Jarrusatulatyyppi: Jarrusatula (1-m\u00e4nt\u00e4); Paino [kg]: 3,24; parilliset tuotenumerot: 78B0397, 78B0397; Asennuspuoli: Vorderachse; VOLVO: V40 Kombi VW,S40 I VS; MITSUBISHI: SPACE STAR DG_A,CARISMA DA_,CARISMA Stufenheck DA_; SMART: FORFOUR 454; M863311, MR249222, MR729581, MR863312, 4544210106, 3045667, 30863307, 3345667, 8251692, 8251694, 86020765, 8602144, 8602146<\/p>\n","protected":false},"excerpt":{"rendered":"<p>RIDEX Jarrusatula 78B0401  VOLVO,MITSUBISHI,SMART,V40 Kombi VW,S40 I VS,SPACE STAR DG_A,CARISMA DA_,CARISMA Stufenheck DA_,FORFOUR 454<\/p>\n","protected":false},"featured_media":0,"template":"","meta":{"site-sidebar-layout":"default","site-content-layout":"default","ast-global-header-display":"","ast-main-header-display":"","ast-hfb-above-header-display":"","ast-hfb-below-header-display":"","ast-hfb-mobile-header-display":"","site-post-title":"","ast-breadcrumbs-content":"","ast-featured-img":"","footer-sml-layout":"","theme-transparent-header-meta":"","adv-header-id-meta":"","stick-header-meta":"","header-above-stick-meta":"","header-main-stick-meta":"","header-below-stick-meta":""},"pwb-brand":[157],"product_cat":[177],"product_tag":[],"class_list":{"0":"post-12121","1":"product","2":"type-product","3":"status-publish","5":"pwb-brand-ridex","6":"product_cat-jarrusatula","7":"desktop-align-left","8":"tablet-align-left","9":"mobile-align-left","11":"first","12":"instock","13":"product-type-external"},"brands":[{"id":157,"name":"RIDEX","slug":"ridex"}],"_links":{"self":[{"href":"https:\/\/www.autonvaraosahaku.fi\/index.php?rest_route=\/wp\/v2\/product\/12121","targetHints":{"allow":["GET"]}}],"collection":[{"href":"https:\/\/www.autonvaraosahaku.fi\/index.php?rest_route=\/wp\/v2\/product"}],"about":[{"href":"https:\/\/www.autonvaraosahaku.fi\/index.php?rest_route=\/wp\/v2\/types\/product"}],"wp:attachment":[{"href":"https:\/\/www.autonvaraosahaku.fi\/index.php?rest_route=%2Fwp%2Fv2%2Fmedia&parent=12121"}],"wp:term":[{"taxonomy":"pwb-brand","embeddable":true,"href":"https:\/\/www.autonvaraosahaku.fi\/index.php?rest_route=%2Fwp%2Fv2%2Fpwb-brand&post=12121"},{"taxonomy":"product_cat","embeddable":true,"href":"https:\/\/www.autonvaraosahaku.fi\/index.php?rest_route=%2Fwp%2Fv2%2Fproduct_cat&post=12121"},{"taxonomy":"product_tag","embeddable":true,"href":"https:\/\/www.autonvaraosahaku.fi\/index.php?rest_route=%2Fwp%2Fv2%2Fproduct_tag&post=12121"}],"curies":[{"name":"wp","href":"https:\/\/api.w.org\/{rel}","templated":true}]}}