{"id":12127,"date":"2021-02-21T14:13:48","date_gmt":"2021-02-21T14:13:48","guid":{"rendered":"https:\/\/www.autonvaraosahaku.fi\/?product=mapco-34620-iskunvaimentimen-suojakumi-pohjaanlyontikumi"},"modified":"2021-02-21T14:13:49","modified_gmt":"2021-02-21T14:13:49","slug":"mapco-34620-iskunvaimentimen-suojakumi-pohjaanlyontikumi","status":"publish","type":"product","link":"https:\/\/www.autonvaraosahaku.fi\/?product=mapco-34620-iskunvaimentimen-suojakumi-pohjaanlyontikumi","title":{"rendered":"MAPCO 34620 Iskunvaimentimen suojakumi &#038; pohjaanly\u00f6ntikumi"},"content":{"rendered":"<p>Asennuspuoli: Etuakseli; Tarvittava kappalem\u00e4\u00e4r\u00e4: 1; Alustarakenne: f\u00fcr Fahrzeuge mit M-Technik; BMW: 3 Touring F31,3 F30, F35, F80,4 Coupe F32, F82,4 Cabriolet F33, F83,4 Gran Coupe F36; P\u00f6lysuojasarja, Iskunvaimennin<\/p>\n","protected":false},"excerpt":{"rendered":"<p>MAPCO Iskunvaimentimen Suojakumi 34620 P\u00f6lysuojasarja, Iskunvaimennin BMW,3 Touring F31,3 F30, F35, F80,4 Coupe F32, F82,4 Cabriolet F33, F83<\/p>\n","protected":false},"featured_media":0,"template":"","meta":{"site-sidebar-layout":"default","site-content-layout":"default","ast-global-header-display":"","ast-main-header-display":"","ast-hfb-above-header-display":"","ast-hfb-below-header-display":"","ast-hfb-mobile-header-display":"","site-post-title":"","ast-breadcrumbs-content":"","ast-featured-img":"","footer-sml-layout":"","theme-transparent-header-meta":"","adv-header-id-meta":"","stick-header-meta":"","header-above-stick-meta":"","header-main-stick-meta":"","header-below-stick-meta":""},"pwb-brand":[36],"product_cat":[92],"product_tag":[],"class_list":{"0":"post-12127","1":"product","2":"type-product","3":"status-publish","5":"pwb-brand-mapco","6":"product_cat-iskunvaimentimen-suojakumi-pohjaanlyontikumi","7":"desktop-align-left","8":"tablet-align-left","9":"mobile-align-left","11":"first","12":"instock","13":"product-type-external"},"brands":[{"id":36,"name":"MAPCO","slug":"mapco"}],"_links":{"self":[{"href":"https:\/\/www.autonvaraosahaku.fi\/index.php?rest_route=\/wp\/v2\/product\/12127","targetHints":{"allow":["GET"]}}],"collection":[{"href":"https:\/\/www.autonvaraosahaku.fi\/index.php?rest_route=\/wp\/v2\/product"}],"about":[{"href":"https:\/\/www.autonvaraosahaku.fi\/index.php?rest_route=\/wp\/v2\/types\/product"}],"wp:attachment":[{"href":"https:\/\/www.autonvaraosahaku.fi\/index.php?rest_route=%2Fwp%2Fv2%2Fmedia&parent=12127"}],"wp:term":[{"taxonomy":"pwb-brand","embeddable":true,"href":"https:\/\/www.autonvaraosahaku.fi\/index.php?rest_route=%2Fwp%2Fv2%2Fpwb-brand&post=12127"},{"taxonomy":"product_cat","embeddable":true,"href":"https:\/\/www.autonvaraosahaku.fi\/index.php?rest_route=%2Fwp%2Fv2%2Fproduct_cat&post=12127"},{"taxonomy":"product_tag","embeddable":true,"href":"https:\/\/www.autonvaraosahaku.fi\/index.php?rest_route=%2Fwp%2Fv2%2Fproduct_tag&post=12127"}],"curies":[{"name":"wp","href":"https:\/\/api.w.org\/{rel}","templated":true}]}}