{"id":12148,"date":"2021-02-21T14:13:52","date_gmt":"2021-02-21T14:13:52","guid":{"rendered":"https:\/\/www.autonvaraosahaku.fi\/?product=meyle-16-14-870-0002-pissapojan-pumppu"},"modified":"2021-02-21T14:13:53","modified_gmt":"2021-02-21T14:13:53","slug":"meyle-16-14-870-0002-pissapojan-pumppu","status":"publish","type":"product","link":"https:\/\/www.autonvaraosahaku.fi\/?product=meyle-16-14-870-0002-pissapojan-pumppu","title":{"rendered":"MEYLE 16-14 870 0002 Pissapojan pumppu"},"content":{"rendered":"<p>Asennuspuoli: Edess\u00e4; Pumpputyyppi: Pumppu, (monopumppu); J\u00e4nnite (V): 12; Pistokkeen kotelon muoto: suorakulmainen (rectangular); lis\u00e4tieto: ORIGINAL Quality; Valmistusvuoteen: 09\/1998; RENAULT: KANGOO KC0\/1_,ESPACE III JE0_,TRAFIC II Bus JL,MEGANE I BA0\/1_,MASTER II Kasten FD,TRAFIC II Kasten FL,KANGOO Express FC0\/1_,MEGANE I Grandtour KA0\/1_,MEGANE I Cabriolet EA0\/1_,CLIO I B\/C57_, 5\/357_,MEGANE I Classic LA0\/1_,MASTER II Pritsche\/Fahrgestell ED\/HD\/UD,ESPACE II J\/S63_,19 II Cabriolet D53_, 853_,SUPER 5 B\/C40_,SAFRANE II B54_,TRAFIC Kasten TXX,TRAFIC Bus TXW,SAFRANE I B54_,19 II Chamade L53_,ESPACE I J11_,21 Stufenheck L48_,TRAFIC Kasten T1, T3, T4,TRAFIC Bus T5, T6, T7,21 Kombi K48_,21 B48_,19 II Kasten S53_,TRAFIC Pritsche\/Fahrgestell P6,TRAFIC Pritsche\/Fahrgestell PXX; 7700802336, 7701994145, 7701994147, 7701995291, 7701995862, 7701995864, 7704002215, 8201194659; Pesurin Pumppu,Lasinpesurin Pumppu,Pesunestepumppu, Lasinpesu<\/p>\n","protected":false},"excerpt":{"rendered":"<p>MEYLE Pissapojan Pumppu 16-14 870 0002 Pesurin Pumppu,Lasinpesurin Pumppu RENAULT,KANGOO KC0\/1_,ESPACE III JE0_,TRAFIC II Bus JL,MEGANE I BA0\/1_<\/p>\n","protected":false},"featured_media":0,"template":"","meta":{"site-sidebar-layout":"default","site-content-layout":"default","ast-global-header-display":"","ast-main-header-display":"","ast-hfb-above-header-display":"","ast-hfb-below-header-display":"","ast-hfb-mobile-header-display":"","site-post-title":"","ast-breadcrumbs-content":"","ast-featured-img":"","footer-sml-layout":"","theme-transparent-header-meta":"","adv-header-id-meta":"","stick-header-meta":"","header-above-stick-meta":"","header-main-stick-meta":"","header-below-stick-meta":""},"pwb-brand":[84],"product_cat":[182],"product_tag":[],"class_list":{"0":"post-12148","1":"product","2":"type-product","3":"status-publish","5":"pwb-brand-meyle","6":"product_cat-pissapojan-pumppu","7":"desktop-align-left","8":"tablet-align-left","9":"mobile-align-left","11":"first","12":"instock","13":"product-type-external"},"brands":[{"id":84,"name":"MEYLE","slug":"meyle"}],"_links":{"self":[{"href":"https:\/\/www.autonvaraosahaku.fi\/index.php?rest_route=\/wp\/v2\/product\/12148","targetHints":{"allow":["GET"]}}],"collection":[{"href":"https:\/\/www.autonvaraosahaku.fi\/index.php?rest_route=\/wp\/v2\/product"}],"about":[{"href":"https:\/\/www.autonvaraosahaku.fi\/index.php?rest_route=\/wp\/v2\/types\/product"}],"wp:attachment":[{"href":"https:\/\/www.autonvaraosahaku.fi\/index.php?rest_route=%2Fwp%2Fv2%2Fmedia&parent=12148"}],"wp:term":[{"taxonomy":"pwb-brand","embeddable":true,"href":"https:\/\/www.autonvaraosahaku.fi\/index.php?rest_route=%2Fwp%2Fv2%2Fpwb-brand&post=12148"},{"taxonomy":"product_cat","embeddable":true,"href":"https:\/\/www.autonvaraosahaku.fi\/index.php?rest_route=%2Fwp%2Fv2%2Fproduct_cat&post=12148"},{"taxonomy":"product_tag","embeddable":true,"href":"https:\/\/www.autonvaraosahaku.fi\/index.php?rest_route=%2Fwp%2Fv2%2Fproduct_tag&post=12148"}],"curies":[{"name":"wp","href":"https:\/\/api.w.org\/{rel}","templated":true}]}}