{"id":12160,"date":"2021-02-21T14:13:55","date_gmt":"2021-02-21T14:13:55","guid":{"rendered":"https:\/\/www.autonvaraosahaku.fi\/?product=febi-bilstein-47129-kierretulppa"},"modified":"2021-02-21T14:13:56","modified_gmt":"2021-02-21T14:13:56","slug":"febi-bilstein-47129-kierretulppa","status":"publish","type":"product","link":"https:\/\/www.autonvaraosahaku.fi\/?product=febi-bilstein-47129-kierretulppa","title":{"rendered":"FEBI BILSTEIN 47129 Kierretulppa"},"content":{"rendered":"<p>Pituus (mm): 17,3; Ulkokierre [mm]: M14 x 1,25; Kierteen pituus (mm): 11; Laatu \/ luokka: 8.8; Avainv\u00e4li: 21, 8; Ruuvikanta\/mutteriprofiili: Kuusiokolo, sis\u00e4, Kuusioruuvi \/-mutteri; Materiaali: Ter\u00e4s; Pinta: Sinkki-nikkel\u00f6ity; Ruuvin pituus ilman p\u00e4\u00e4t\u00e4: 13; Paino [kg]: 0,023, 0,023; Huomioi tekniset tiedot: ; TOYOTA: COROLLA Liftback _E11_,COROLLA Compact _E11_,COROLLA _E11_,COROLLA Wagon __E11_; CITRO\u00cbN: BERLINGO MF,XSARA PICASSO N68,C2 JM_,C3 I FC_,C5 III Break TD_,C4 Picasso I UD_,C4 Grand Picasso I UA_,C8 EA_, EB_,C4 I LC_,SAXO S0, S1,BERLINGO Kasten M_,C5 II Break RE_,C5 I DC_,C5 I Break DE_,C5 III RD_,XSARA N1,C4 Coupe LA_,C3 Pluriel HB_,C4 II B7,C5 II RC_,XSARA Break N2,JUMPY,BERLINGO Kasten B9,JUMPER Kasten 244,JUMPY Kasten,XM Y4,XANTIA X2,XSARA Coupe N0,XANTIA X1,AX ZA-_,EVASION 22, U6,C4 Stufenheck L,XANTIA Break X2,ZX N2,BX XB-_,C25 Bus 280_, 290_,JUMPY U6U,JUMPY Kasten BS_, BT_, BY_, BZ_,JUMPER Kasten 230L,JUMPER Bus 244, Z_,XM Y3,XANTIA Break X1,JUMPER Bus 230P,ZX Break N2,JUMPER Pritsche\/Fahrgestell 244,XM Break Y4,JUMPER Pritsche\/Fahrgestell 230,BX Break XB-_,C25 Kasten 280_, 290_,C15 VD-_,JUMPY Pritsche\/Fahrgestell BU_, BV_, BW_, BX_,C-ELYSEE,XM Break Y3,XSARA Kasten,SAXO Hatchback van S3_,XSARA Kasten\/Schr\u00e4gheck; PEUGEOT: 206 Schr\u00e4gheck 2A\/C,206 CC 2D,307 SW 3H,307 CC 3B,407 SW 6E_,307 3A\/C,308 SW,206 SW 2E\/K,807 E,106 II 1,308 4A_, 4C_,307 Break 3E,306 Schr\u00e4gheck 7A, 7C, N3, N5,607 9D, 9U,306 Cabriolet 7D, N3, N5,407 6D_,406 Break 8E\/F,308 CC,PARTNER Combispace 5F,106 I 1A, 1C,205 II 20A\/C,PARTNER Kasten 5,406 Coupe 8C,306 Break 7E, N3, N5,406 8B,806 221,407 Coupe 6C_,EXPERT Tepee VF3V_,BOXER Kasten 230L,EXPERT Kasten VF3A_, VF3U_, VF3X_,BOXER Kasten 244,306 7B, N3, N5,205 I Cabriolet 741B, 20D,307 Stufenheck,EXPERT Kasten 222,J5 Bus 290P,309 II 3C, 3A,J5 Kasten 290L,BOXER Bus 230P,BOXER Bus 244, Z_,BOXER Pritsche\/Fahrgestell ZCT_,206 Van,605 6B,EXPERT 224,405 II 4B,106 Van 1_,306 Van N_, 7_,BOXER Pritsche\/Fahrgestell 244,405 II Break 4E,EXPERT Pritsche\/Fahrgestell 223,205 Kasten,PARTNER Pritsche\/Fahrgestell,306 Kasten\/Schr\u00e4gheck; 031121, 031140, 31121, 31140, 031121, 031140, 31121, 31140, SU00100187; \u00d6ljytulppa,Kierretulppa, \u00d6ljypohja<\/p>\n","protected":false},"excerpt":{"rendered":"<p>FEBI BILSTEIN Kierretulppa 47129 \u00d6ljytulppa,Kierretulppa, \u00d6ljypohja TOYOTA,CITRO\u00cbN,PEUGEOT,COROLLA Liftback _E11_,COROLLA Compact _E11_,COROLLA _E11_<\/p>\n","protected":false},"featured_media":0,"template":"","meta":{"site-sidebar-layout":"default","site-content-layout":"default","ast-global-header-display":"","ast-main-header-display":"","ast-hfb-above-header-display":"","ast-hfb-below-header-display":"","ast-hfb-mobile-header-display":"","site-post-title":"","ast-breadcrumbs-content":"","ast-featured-img":"","footer-sml-layout":"","theme-transparent-header-meta":"","adv-header-id-meta":"","stick-header-meta":"","header-above-stick-meta":"","header-main-stick-meta":"","header-below-stick-meta":""},"pwb-brand":[50],"product_cat":[40],"product_tag":[],"class_list":{"0":"post-12160","1":"product","2":"type-product","3":"status-publish","5":"pwb-brand-febi-bilstein","6":"product_cat-kierretulppa","7":"desktop-align-left","8":"tablet-align-left","9":"mobile-align-left","11":"first","12":"instock","13":"product-type-external"},"brands":[{"id":50,"name":"FEBI BILSTEIN","slug":"febi-bilstein"}],"_links":{"self":[{"href":"https:\/\/www.autonvaraosahaku.fi\/index.php?rest_route=\/wp\/v2\/product\/12160","targetHints":{"allow":["GET"]}}],"collection":[{"href":"https:\/\/www.autonvaraosahaku.fi\/index.php?rest_route=\/wp\/v2\/product"}],"about":[{"href":"https:\/\/www.autonvaraosahaku.fi\/index.php?rest_route=\/wp\/v2\/types\/product"}],"wp:attachment":[{"href":"https:\/\/www.autonvaraosahaku.fi\/index.php?rest_route=%2Fwp%2Fv2%2Fmedia&parent=12160"}],"wp:term":[{"taxonomy":"pwb-brand","embeddable":true,"href":"https:\/\/www.autonvaraosahaku.fi\/index.php?rest_route=%2Fwp%2Fv2%2Fpwb-brand&post=12160"},{"taxonomy":"product_cat","embeddable":true,"href":"https:\/\/www.autonvaraosahaku.fi\/index.php?rest_route=%2Fwp%2Fv2%2Fproduct_cat&post=12160"},{"taxonomy":"product_tag","embeddable":true,"href":"https:\/\/www.autonvaraosahaku.fi\/index.php?rest_route=%2Fwp%2Fv2%2Fproduct_tag&post=12160"}],"curies":[{"name":"wp","href":"https:\/\/api.w.org\/{rel}","templated":true}]}}