{"id":12163,"date":"2021-02-21T14:13:55","date_gmt":"2021-02-21T14:13:55","guid":{"rendered":"https:\/\/www.autonvaraosahaku.fi\/?product=elwis-royal-3056012-imusarjan-tiivisteet"},"modified":"2021-02-21T14:13:56","modified_gmt":"2021-02-21T14:13:56","slug":"elwis-royal-3056012-imusarjan-tiivisteet","status":"publish","type":"product","link":"https:\/\/www.autonvaraosahaku.fi\/?product=elwis-royal-3056012-imusarjan-tiivisteet","title":{"rendered":"ELWIS ROYAL 3056012 Imusarjan tiivisteet"},"content":{"rendered":"<p>Tarvittava kappalem\u00e4\u00e4r\u00e4: 1; Tiivistetyyppi: Ter\u00e4stiiviste; AUDI: A4 Avant 8K5, B8,A4 8K2, B8,Q5 8R,A5 8T3,A4 Allroad 8KH, B8,A5 Cabriolet 8F7,R8 42,R8 Spyder; 078133073J, 078133073J<\/p>\n","protected":false},"excerpt":{"rendered":"<p>ELWIS ROYAL Tiiviste, Imusarjan Kotelo 3056012  AUDI,A4 Avant 8K5, B8,A4 8K2, B8,Q5 8R,A5 8T3,A4 Allroad 8KH, B8,A5 Cabriolet 8F7,R8 42,R8 Spyder<\/p>\n","protected":false},"featured_media":0,"template":"","meta":{"site-sidebar-layout":"default","site-content-layout":"default","ast-global-header-display":"","ast-main-header-display":"","ast-hfb-above-header-display":"","ast-hfb-below-header-display":"","ast-hfb-mobile-header-display":"","site-post-title":"","ast-breadcrumbs-content":"","ast-featured-img":"","footer-sml-layout":"","theme-transparent-header-meta":"","adv-header-id-meta":"","stick-header-meta":"","header-above-stick-meta":"","header-main-stick-meta":"","header-below-stick-meta":""},"pwb-brand":[120],"product_cat":[43],"product_tag":[],"class_list":{"0":"post-12163","1":"product","2":"type-product","3":"status-publish","5":"pwb-brand-elwis-royal","6":"product_cat-imusarjan-tiivisteet","7":"desktop-align-left","8":"tablet-align-left","9":"mobile-align-left","11":"first","12":"instock","13":"product-type-external"},"brands":[{"id":120,"name":"ELWIS ROYAL","slug":"elwis-royal"}],"_links":{"self":[{"href":"https:\/\/www.autonvaraosahaku.fi\/index.php?rest_route=\/wp\/v2\/product\/12163","targetHints":{"allow":["GET"]}}],"collection":[{"href":"https:\/\/www.autonvaraosahaku.fi\/index.php?rest_route=\/wp\/v2\/product"}],"about":[{"href":"https:\/\/www.autonvaraosahaku.fi\/index.php?rest_route=\/wp\/v2\/types\/product"}],"wp:attachment":[{"href":"https:\/\/www.autonvaraosahaku.fi\/index.php?rest_route=%2Fwp%2Fv2%2Fmedia&parent=12163"}],"wp:term":[{"taxonomy":"pwb-brand","embeddable":true,"href":"https:\/\/www.autonvaraosahaku.fi\/index.php?rest_route=%2Fwp%2Fv2%2Fpwb-brand&post=12163"},{"taxonomy":"product_cat","embeddable":true,"href":"https:\/\/www.autonvaraosahaku.fi\/index.php?rest_route=%2Fwp%2Fv2%2Fproduct_cat&post=12163"},{"taxonomy":"product_tag","embeddable":true,"href":"https:\/\/www.autonvaraosahaku.fi\/index.php?rest_route=%2Fwp%2Fv2%2Fproduct_tag&post=12163"}],"curies":[{"name":"wp","href":"https:\/\/api.w.org\/{rel}","templated":true}]}}