{"id":12168,"date":"2021-02-21T14:13:55","date_gmt":"2021-02-21T14:13:55","guid":{"rendered":"https:\/\/www.autonvaraosahaku.fi\/?product=mapco-46205-pyorannapa"},"modified":"2021-02-21T14:13:56","modified_gmt":"2021-02-21T14:13:56","slug":"mapco-46205-pyorannapa","status":"publish","type":"product","link":"https:\/\/www.autonvaraosahaku.fi\/?product=mapco-46205-pyorannapa","title":{"rendered":"MAPCO 46205 Py\u00f6r\u00e4nnapa"},"content":{"rendered":"<p>Vanne, aukkoja: 5; Hammasluku: 28; Asennuspuoli: etuakseli molemminpuoleinen; Leveys (mm): 75,3; Reik\u00e4ympyr\u00e4-\u00d8 [mm]: 114; Ulkol\u00e4pimitta 1 [mm]: 42; Ulkol\u00e4pimitta 2 [mm]: 140; MAZDA: 6 Station Wagon GY,CX-5 KE, GH,6 Kombi GH,6 Hatchback GG,6 GG,6 Kombi GJ, GH,6 Schr\u00e4gheck GH,6 GH,6 Stufenheck GJ, GH; 6E5Z1104AB, GJ6A33060D, GJ6A33060E, GJ6A33061C, GJ6A33061D, GR1A33060, GR1A33060A; Py\u00f6r\u00e4n Napa<\/p>\n","protected":false},"excerpt":{"rendered":"<p>MAPCO Py\u00f6r\u00e4nnapa 46205 Py\u00f6r\u00e4n Napa MAZDA,6 Station Wagon GY,CX-5 KE, GH,6 Kombi GH,6 Hatchback GG,6 GG,6 Kombi GJ, GH,6 Schr\u00e4gheck GH,6 GH<\/p>\n","protected":false},"featured_media":0,"template":"","meta":{"site-sidebar-layout":"default","site-content-layout":"default","ast-global-header-display":"","ast-main-header-display":"","ast-hfb-above-header-display":"","ast-hfb-below-header-display":"","ast-hfb-mobile-header-display":"","site-post-title":"","ast-breadcrumbs-content":"","ast-featured-img":"","footer-sml-layout":"","theme-transparent-header-meta":"","adv-header-id-meta":"","stick-header-meta":"","header-above-stick-meta":"","header-main-stick-meta":"","header-below-stick-meta":""},"pwb-brand":[36],"product_cat":[257],"product_tag":[],"class_list":{"0":"post-12168","1":"product","2":"type-product","3":"status-publish","5":"pwb-brand-mapco","6":"product_cat-pyorannapa","7":"desktop-align-left","8":"tablet-align-left","9":"mobile-align-left","11":"first","12":"instock","13":"product-type-external"},"brands":[{"id":36,"name":"MAPCO","slug":"mapco"}],"_links":{"self":[{"href":"https:\/\/www.autonvaraosahaku.fi\/index.php?rest_route=\/wp\/v2\/product\/12168","targetHints":{"allow":["GET"]}}],"collection":[{"href":"https:\/\/www.autonvaraosahaku.fi\/index.php?rest_route=\/wp\/v2\/product"}],"about":[{"href":"https:\/\/www.autonvaraosahaku.fi\/index.php?rest_route=\/wp\/v2\/types\/product"}],"wp:attachment":[{"href":"https:\/\/www.autonvaraosahaku.fi\/index.php?rest_route=%2Fwp%2Fv2%2Fmedia&parent=12168"}],"wp:term":[{"taxonomy":"pwb-brand","embeddable":true,"href":"https:\/\/www.autonvaraosahaku.fi\/index.php?rest_route=%2Fwp%2Fv2%2Fpwb-brand&post=12168"},{"taxonomy":"product_cat","embeddable":true,"href":"https:\/\/www.autonvaraosahaku.fi\/index.php?rest_route=%2Fwp%2Fv2%2Fproduct_cat&post=12168"},{"taxonomy":"product_tag","embeddable":true,"href":"https:\/\/www.autonvaraosahaku.fi\/index.php?rest_route=%2Fwp%2Fv2%2Fproduct_tag&post=12168"}],"curies":[{"name":"wp","href":"https:\/\/api.w.org\/{rel}","templated":true}]}}