{"id":12185,"date":"2021-02-21T14:13:59","date_gmt":"2021-02-21T14:13:59","guid":{"rendered":"https:\/\/www.autonvaraosahaku.fi\/?product=master-sport-12178-pcs-ms-raidetangon-paa"},"modified":"2021-02-21T14:14:00","modified_gmt":"2021-02-21T14:14:00","slug":"master-sport-12178-pcs-ms-raidetangon-paa","status":"publish","type":"product","link":"https:\/\/www.autonvaraosahaku.fi\/?product=master-sport-12178-pcs-ms-raidetangon-paa","title":{"rendered":"MASTER-SPORT 12178-PCS-MS Raidetangon p\u00e4\u00e4"},"content":{"rendered":"<p>Asennuspuoli: Etuakseli, Molemminpuolin; Pituus (mm): 70; Sis\u00e4kierre (mm): M12x1,5; Lukum\u00e4\u00e4r\u00e4 akselille: 2; Nettopaino [kg]: 0,26; Bruttopaino [kg]: 0,26; Alustanumeroon: V6066279; OPEL: CORSA C F08, F68,CORSA B 73_, 78_, 79_,TIGRA TwinTop,COMBO Kasten\/Kombi,COMBO Tour,TIGRA 95_,CORSA A CC 93_, 94_, 98_, 99_,CORSA C Kasten F08, W5L,COMBO 71_,CORSA A TR 91_, 92_, 96_, 97_,CORSA B Kasten 73_,CORSA B Kombi F35,CORSA A Kasten; SMART: FORTWO Coupe 451,FORTWO Cabrio 451; VAUXHALL: CORSA Mk II C W5L, F08,CORSA Mk I B,CORSAVAN Mk II C,TIGRA Convertible,COMBO Mk I B,TIGRA Mk I F07,COMBO TOUR Mk II C F25,COMBO Mk II C Kasten\/Kombi F25,NOVA,NOVA CC; 1603009, 1603645, 26087868, 324042, 324050, 93192419, 4513380037, 4513380137, 1603009, 1603645, 26011925, 26087868, 93192419<\/p>\n","protected":false},"excerpt":{"rendered":"<p>MASTER-SPORT Raidetangon P\u00e4\u00e4 12178-PCS-MS  OPEL,SMART,VAUXHALL,CORSA C F08, F68,CORSA B 73_, 78_, 79_,TIGRA TwinTop,COMBO Kasten\/Kombi,COMBO Tour<\/p>\n","protected":false},"featured_media":0,"template":"","meta":{"site-sidebar-layout":"default","site-content-layout":"default","ast-global-header-display":"","ast-main-header-display":"","ast-hfb-above-header-display":"","ast-hfb-below-header-display":"","ast-hfb-mobile-header-display":"","site-post-title":"","ast-breadcrumbs-content":"","ast-featured-img":"","footer-sml-layout":"","theme-transparent-header-meta":"","adv-header-id-meta":"","stick-header-meta":"","header-above-stick-meta":"","header-main-stick-meta":"","header-below-stick-meta":""},"pwb-brand":[61],"product_cat":[96],"product_tag":[],"class_list":{"0":"post-12185","1":"product","2":"type-product","3":"status-publish","5":"pwb-brand-master-sport","6":"product_cat-raidetangon-paa","7":"desktop-align-left","8":"tablet-align-left","9":"mobile-align-left","11":"first","12":"instock","13":"product-type-external"},"brands":[{"id":61,"name":"MASTER-SPORT","slug":"master-sport"}],"_links":{"self":[{"href":"https:\/\/www.autonvaraosahaku.fi\/index.php?rest_route=\/wp\/v2\/product\/12185","targetHints":{"allow":["GET"]}}],"collection":[{"href":"https:\/\/www.autonvaraosahaku.fi\/index.php?rest_route=\/wp\/v2\/product"}],"about":[{"href":"https:\/\/www.autonvaraosahaku.fi\/index.php?rest_route=\/wp\/v2\/types\/product"}],"wp:attachment":[{"href":"https:\/\/www.autonvaraosahaku.fi\/index.php?rest_route=%2Fwp%2Fv2%2Fmedia&parent=12185"}],"wp:term":[{"taxonomy":"pwb-brand","embeddable":true,"href":"https:\/\/www.autonvaraosahaku.fi\/index.php?rest_route=%2Fwp%2Fv2%2Fpwb-brand&post=12185"},{"taxonomy":"product_cat","embeddable":true,"href":"https:\/\/www.autonvaraosahaku.fi\/index.php?rest_route=%2Fwp%2Fv2%2Fproduct_cat&post=12185"},{"taxonomy":"product_tag","embeddable":true,"href":"https:\/\/www.autonvaraosahaku.fi\/index.php?rest_route=%2Fwp%2Fv2%2Fproduct_tag&post=12185"}],"curies":[{"name":"wp","href":"https:\/\/api.w.org\/{rel}","templated":true}]}}