{"id":12188,"date":"2021-02-21T14:13:59","date_gmt":"2021-02-21T14:13:59","guid":{"rendered":"https:\/\/www.autonvaraosahaku.fi\/?product=original-imperium-30006-vetonivelen-suojakumi"},"modified":"2021-02-21T14:14:00","modified_gmt":"2021-02-21T14:14:00","slug":"original-imperium-30006-vetonivelen-suojakumi","status":"publish","type":"product","link":"https:\/\/www.autonvaraosahaku.fi\/?product=original-imperium-30006-vetonivelen-suojakumi","title":{"rendered":"ORIGINAL IMPERIUM 30006 Vetonivelen suojakumi"},"content":{"rendered":"<p>Korkeus (mm): 79; Materiaali: Kumi; Paino [g]: 92; Asennuspuoli: Py\u00f6r\u00e4n puoli; L\u00e4pimitta 1 [mm]: 22; L\u00e4pimitta 2 [mm]: 83; Valmistusvuosi alkaen: 01\/1984; VW: GOLF II 19E, 1G1,GOLF I Cabriolet 155,SCIROCCO 53B,CADDY I 14,JETTA II 19E, 1G2, 165,PASSAT Variant 32B,PASSAT 32B,POLO 86,DERBY 86; AUDI: 80 89, 89Q, 8A, B3,COUPE 89, 8B,80 81, 85, B2,COUPE 81, 85,80 80, 82, B1,100 C1,100 Coupe C1; SEAT: CORDOBA 6K1, 6K2,CORDOBA Vario 6K1,TOLEDO I 1L; OPEL: ASTRA F CC 53_, 54_, 58_, 59_,ASTRA F Caravan 51_, 52_,VECTRA A 86_, 87_,ASTRA F Cabriolet 53_B,ASTRA F 56_, 57_,KADETT E CC 33_, 34_, 43_, 44_,VECTRA A CC 88_, 89_,KADETT E Cabriolet 43B_,ASCONA C 81_, 86_, 87_, 88_,KADETT D 31_-34_, 41_-44_,KADETT E 39_, 49_,ASCONA C CC 84_, 89_,KADETT E Caravan 35_, 36_, 45_, 46_,ASTRA F Van 55_,KADETT D 32_,37_,39, _42,KADETT D Caravan 35_, 36_, 45_, 46_,KADETT E Kasten 37_, 47_,KADETT E Combo 38_, 48_; ALFA ROMEO: 164 164,155 167,33 907A,33 905,33 Sportwagon 907B,33 Sportwagon 905A; RENAULT: CLIO I B\/C57_, 5\/357_,ESPACE II J\/S63_,19 II B\/C53_,19 II Cabriolet D53_, 853_,19 I B\/C53_,TRAFIC Kasten TXX,TRAFIC Bus TXW,19 II Chamade L53_,ESPACE I J11_,21 Stufenheck L48_,19 I Chamade L53_,TRAFIC Kasten T1, T3, T4,CLIO I Kasten S57_,TRAFIC Bus T5, T6, T7,18 134_,21 Kombi K48_,18 Variable 135_,30 127_,21 B48_,19 II Kasten S53_,TRAFIC Pritsche\/Fahrgestell P6,19 I Kasten S53_,TRAFIC Pritsche\/Fahrgestell PXX; 16410170470106, 60507869, 60562336, 321498203A, 431407283B, 431407285B, 431498203C, 803498203, 811498203, 16410170470106, 60507869, 60562336, 16410170470106, 60507869, 60562336, 1603141, 7701033432, 7701035088, 7701120093, 7701202093, 7701202583, 7701464775, 321498203A, 431407283B, 431407285B, 431498203C, 803498203, 811498203, 321498203A, 431407283B, 431407285B, 431498203C, 803498203, 811498203, 321498203A, 431407283B, 431407285B, 431498203C, 803498203, 811498203; Vetoakselin Suojakumi,Paljekumi, Vetoakseli<\/p>\n","protected":false},"excerpt":{"rendered":"<p>ORIGINAL IMPERIUM Vetonivelen Suojakumi 30006 Vetoakselin Suojakumi,Paljekumi, Vetoakseli VW,AUDI,SEAT,GOLF II 19E, 1G1,GOLF I Cabriolet 155<\/p>\n","protected":false},"featured_media":0,"template":"","meta":{"site-sidebar-layout":"default","site-content-layout":"default","ast-global-header-display":"","ast-main-header-display":"","ast-hfb-above-header-display":"","ast-hfb-below-header-display":"","ast-hfb-mobile-header-display":"","site-post-title":"","ast-breadcrumbs-content":"","ast-featured-img":"","footer-sml-layout":"","theme-transparent-header-meta":"","adv-header-id-meta":"","stick-header-meta":"","header-above-stick-meta":"","header-main-stick-meta":"","header-below-stick-meta":""},"pwb-brand":[72],"product_cat":[42],"product_tag":[],"class_list":{"0":"post-12188","1":"product","2":"type-product","3":"status-publish","5":"pwb-brand-original-imperium","6":"product_cat-vetonivelen-suojakumi","7":"desktop-align-left","8":"tablet-align-left","9":"mobile-align-left","11":"first","12":"instock","13":"product-type-external"},"brands":[{"id":72,"name":"ORIGINAL IMPERIUM","slug":"original-imperium"}],"_links":{"self":[{"href":"https:\/\/www.autonvaraosahaku.fi\/index.php?rest_route=\/wp\/v2\/product\/12188","targetHints":{"allow":["GET"]}}],"collection":[{"href":"https:\/\/www.autonvaraosahaku.fi\/index.php?rest_route=\/wp\/v2\/product"}],"about":[{"href":"https:\/\/www.autonvaraosahaku.fi\/index.php?rest_route=\/wp\/v2\/types\/product"}],"wp:attachment":[{"href":"https:\/\/www.autonvaraosahaku.fi\/index.php?rest_route=%2Fwp%2Fv2%2Fmedia&parent=12188"}],"wp:term":[{"taxonomy":"pwb-brand","embeddable":true,"href":"https:\/\/www.autonvaraosahaku.fi\/index.php?rest_route=%2Fwp%2Fv2%2Fpwb-brand&post=12188"},{"taxonomy":"product_cat","embeddable":true,"href":"https:\/\/www.autonvaraosahaku.fi\/index.php?rest_route=%2Fwp%2Fv2%2Fproduct_cat&post=12188"},{"taxonomy":"product_tag","embeddable":true,"href":"https:\/\/www.autonvaraosahaku.fi\/index.php?rest_route=%2Fwp%2Fv2%2Fproduct_tag&post=12188"}],"curies":[{"name":"wp","href":"https:\/\/api.w.org\/{rel}","templated":true}]}}