{"id":12203,"date":"2021-02-21T14:14:03","date_gmt":"2021-02-21T14:14:03","guid":{"rendered":"https:\/\/www.autonvaraosahaku.fi\/?product=master-sport-25147-pcs-ms-raidetangon-paa"},"modified":"2021-02-21T14:14:03","modified_gmt":"2021-02-21T14:14:03","slug":"master-sport-25147-pcs-ms-raidetangon-paa","status":"publish","type":"product","link":"https:\/\/www.autonvaraosahaku.fi\/?product=master-sport-25147-pcs-ms-raidetangon-paa","title":{"rendered":"MASTER-SPORT 25147-PCS-MS Raidetangon p\u00e4\u00e4"},"content":{"rendered":"<p>Asennuspuoli: Etuakseli, Molemminpuolin; Kierremalli: Oikealla kierteell\u00e4; Sis\u00e4kierre (mm): M12x1,5; Lukum\u00e4\u00e4r\u00e4 akselille: 2; Nettopaino [kg]: 0,33; Bruttopaino [kg]: 0,35; Alustanumerosta: V3023598; OPEL: CORSA B 73_, 78_, 79_,TIGRA 95_,COMBO 71_,CORSA B Kasten 73_,CORSA B Kombi F35; VAUXHALL: CORSA Mk I B,COMBO Mk I B,TIGRA Mk I F07; 1603455, 26065265, 324066, 93192446, 1603455, 26065265, 324066, 93192446<\/p>\n","protected":false},"excerpt":{"rendered":"<p>MASTER-SPORT Raidetangon P\u00e4\u00e4 25147-PCS-MS  OPEL,VAUXHALL,CORSA B 73_, 78_, 79_,TIGRA 95_,COMBO 71_,CORSA B Kasten 73_,CORSA B Kombi F35,CORSA Mk I B<\/p>\n","protected":false},"featured_media":0,"template":"","meta":{"site-sidebar-layout":"default","site-content-layout":"default","ast-global-header-display":"","ast-main-header-display":"","ast-hfb-above-header-display":"","ast-hfb-below-header-display":"","ast-hfb-mobile-header-display":"","site-post-title":"","ast-breadcrumbs-content":"","ast-featured-img":"","footer-sml-layout":"","theme-transparent-header-meta":"","adv-header-id-meta":"","stick-header-meta":"","header-above-stick-meta":"","header-main-stick-meta":"","header-below-stick-meta":""},"pwb-brand":[61],"product_cat":[96],"product_tag":[],"class_list":{"0":"post-12203","1":"product","2":"type-product","3":"status-publish","5":"pwb-brand-master-sport","6":"product_cat-raidetangon-paa","7":"desktop-align-left","8":"tablet-align-left","9":"mobile-align-left","11":"first","12":"instock","13":"product-type-external"},"brands":[{"id":61,"name":"MASTER-SPORT","slug":"master-sport"}],"_links":{"self":[{"href":"https:\/\/www.autonvaraosahaku.fi\/index.php?rest_route=\/wp\/v2\/product\/12203","targetHints":{"allow":["GET"]}}],"collection":[{"href":"https:\/\/www.autonvaraosahaku.fi\/index.php?rest_route=\/wp\/v2\/product"}],"about":[{"href":"https:\/\/www.autonvaraosahaku.fi\/index.php?rest_route=\/wp\/v2\/types\/product"}],"wp:attachment":[{"href":"https:\/\/www.autonvaraosahaku.fi\/index.php?rest_route=%2Fwp%2Fv2%2Fmedia&parent=12203"}],"wp:term":[{"taxonomy":"pwb-brand","embeddable":true,"href":"https:\/\/www.autonvaraosahaku.fi\/index.php?rest_route=%2Fwp%2Fv2%2Fpwb-brand&post=12203"},{"taxonomy":"product_cat","embeddable":true,"href":"https:\/\/www.autonvaraosahaku.fi\/index.php?rest_route=%2Fwp%2Fv2%2Fproduct_cat&post=12203"},{"taxonomy":"product_tag","embeddable":true,"href":"https:\/\/www.autonvaraosahaku.fi\/index.php?rest_route=%2Fwp%2Fv2%2Fproduct_tag&post=12203"}],"curies":[{"name":"wp","href":"https:\/\/api.w.org\/{rel}","templated":true}]}}