{"id":12204,"date":"2021-02-21T14:14:03","date_gmt":"2021-02-21T14:14:03","guid":{"rendered":"https:\/\/www.autonvaraosahaku.fi\/?product=tedgum-00087494-tukivarren-hela"},"modified":"2021-02-21T14:14:03","modified_gmt":"2021-02-21T14:14:03","slug":"tedgum-00087494-tukivarren-hela","status":"publish","type":"product","link":"https:\/\/www.autonvaraosahaku.fi\/?product=tedgum-00087494-tukivarren-hela","title":{"rendered":"TEDGUM 00087494 Tukivarren hela"},"content":{"rendered":"<p>Ulkol\u00e4pimitta [mm]: 30; Asennuspuoli: Ulompi, Sisempi, Taka-akseli, Alla; Materiaali: PU (polyuretaani); Lukum\u00e4\u00e4r\u00e4 akselille: 4; Korvaava tuote\/korvaava tiedote 2: rasvakupilla, asennusohjeella; BMW: 3 Compact E36,3 E36,3 E30,3 Coupe E36,Z3 E36,3 Cabriolet E30,3 Cabriolet E36,3 Touring E36,5 E28,6 E24,3 E21,3 Touring E30,Z3 Coupe E36,7 E23,5 E12,Z1; 33329058822, 33329061945<\/p>\n","protected":false},"excerpt":{"rendered":"<p>TEDGUM Hylsy, Poikittaistukivarren Laakerointi 00087494  BMW,3 Compact E36,3 E36,3 E30,3 Coupe E36,Z3 E36,3 Cabriolet E30,3 Cabriolet E36<\/p>\n","protected":false},"featured_media":0,"template":"","meta":{"site-sidebar-layout":"default","site-content-layout":"default","ast-global-header-display":"","ast-main-header-display":"","ast-hfb-above-header-display":"","ast-hfb-below-header-display":"","ast-hfb-mobile-header-display":"","site-post-title":"","ast-breadcrumbs-content":"","ast-featured-img":"","footer-sml-layout":"","theme-transparent-header-meta":"","adv-header-id-meta":"","stick-header-meta":"","header-above-stick-meta":"","header-main-stick-meta":"","header-below-stick-meta":""},"pwb-brand":[155],"product_cat":[115],"product_tag":[],"class_list":{"0":"post-12204","1":"product","2":"type-product","3":"status-publish","5":"pwb-brand-tedgum","6":"product_cat-tukivarren-hela","7":"desktop-align-left","8":"tablet-align-left","9":"mobile-align-left","11":"first","12":"instock","13":"product-type-external"},"brands":[{"id":155,"name":"TEDGUM","slug":"tedgum"}],"_links":{"self":[{"href":"https:\/\/www.autonvaraosahaku.fi\/index.php?rest_route=\/wp\/v2\/product\/12204","targetHints":{"allow":["GET"]}}],"collection":[{"href":"https:\/\/www.autonvaraosahaku.fi\/index.php?rest_route=\/wp\/v2\/product"}],"about":[{"href":"https:\/\/www.autonvaraosahaku.fi\/index.php?rest_route=\/wp\/v2\/types\/product"}],"wp:attachment":[{"href":"https:\/\/www.autonvaraosahaku.fi\/index.php?rest_route=%2Fwp%2Fv2%2Fmedia&parent=12204"}],"wp:term":[{"taxonomy":"pwb-brand","embeddable":true,"href":"https:\/\/www.autonvaraosahaku.fi\/index.php?rest_route=%2Fwp%2Fv2%2Fpwb-brand&post=12204"},{"taxonomy":"product_cat","embeddable":true,"href":"https:\/\/www.autonvaraosahaku.fi\/index.php?rest_route=%2Fwp%2Fv2%2Fproduct_cat&post=12204"},{"taxonomy":"product_tag","embeddable":true,"href":"https:\/\/www.autonvaraosahaku.fi\/index.php?rest_route=%2Fwp%2Fv2%2Fproduct_tag&post=12204"}],"curies":[{"name":"wp","href":"https:\/\/api.w.org\/{rel}","templated":true}]}}