{"id":12252,"date":"2021-02-21T14:14:10","date_gmt":"2021-02-21T14:14:10","guid":{"rendered":"https:\/\/www.autonvaraosahaku.fi\/?product=topran-100-111-tiivisteet"},"modified":"2021-02-21T14:14:12","modified_gmt":"2021-02-21T14:14:12","slug":"topran-100-111-tiivisteet","status":"publish","type":"product","link":"https:\/\/www.autonvaraosahaku.fi\/?product=topran-100-111-tiivisteet","title":{"rendered":"TOPRAN 100 111 Tiivisteet"},"content":{"rendered":"<p>Materiaali: MVQ (silikooni\/kautsu); Ulkol\u00e4pimitta [mm]: 22,7; Sis\u00e4l\u00e4pimitta [mm]: 10,8; Korkeus (mm): 8; Moottorinumero: DX; VW: TRANSPORTER III Bus,GOLF I 17,TRANSPORTER III Kasten,TRANSPORTER III Pritsche\/Fahrgestell,JETTA I 16; 021117151A; Tiivisterengas \u00d6ljynj\u00e4\u00e4hdytin,Tiivistesarja \u00d6ljynj\u00e4\u00e4hdytin<\/p>\n","protected":false},"excerpt":{"rendered":"<p>TOPRAN Tiiviste \u00d6ljynj\u00e4\u00e4hdytin 100 111 Tiivisterengas \u00d6ljynj\u00e4\u00e4hdytin,Tiivistesarja \u00d6ljynj\u00e4\u00e4hdytin VW,TRANSPORTER III Bus,GOLF I 17<\/p>\n","protected":false},"featured_media":0,"template":"","meta":{"site-sidebar-layout":"default","site-content-layout":"default","ast-global-header-display":"","ast-main-header-display":"","ast-hfb-above-header-display":"","ast-hfb-below-header-display":"","ast-hfb-mobile-header-display":"","site-post-title":"","ast-breadcrumbs-content":"","ast-featured-img":"","footer-sml-layout":"","theme-transparent-header-meta":"","adv-header-id-meta":"","stick-header-meta":"","header-above-stick-meta":"","header-main-stick-meta":"","header-below-stick-meta":""},"pwb-brand":[18],"product_cat":[27],"product_tag":[],"class_list":{"0":"post-12252","1":"product","2":"type-product","3":"status-publish","5":"pwb-brand-topran","6":"product_cat-tiivisteet","7":"desktop-align-left","8":"tablet-align-left","9":"mobile-align-left","11":"first","12":"instock","13":"product-type-external"},"brands":[{"id":18,"name":"TOPRAN","slug":"topran"}],"_links":{"self":[{"href":"https:\/\/www.autonvaraosahaku.fi\/index.php?rest_route=\/wp\/v2\/product\/12252","targetHints":{"allow":["GET"]}}],"collection":[{"href":"https:\/\/www.autonvaraosahaku.fi\/index.php?rest_route=\/wp\/v2\/product"}],"about":[{"href":"https:\/\/www.autonvaraosahaku.fi\/index.php?rest_route=\/wp\/v2\/types\/product"}],"wp:attachment":[{"href":"https:\/\/www.autonvaraosahaku.fi\/index.php?rest_route=%2Fwp%2Fv2%2Fmedia&parent=12252"}],"wp:term":[{"taxonomy":"pwb-brand","embeddable":true,"href":"https:\/\/www.autonvaraosahaku.fi\/index.php?rest_route=%2Fwp%2Fv2%2Fpwb-brand&post=12252"},{"taxonomy":"product_cat","embeddable":true,"href":"https:\/\/www.autonvaraosahaku.fi\/index.php?rest_route=%2Fwp%2Fv2%2Fproduct_cat&post=12252"},{"taxonomy":"product_tag","embeddable":true,"href":"https:\/\/www.autonvaraosahaku.fi\/index.php?rest_route=%2Fwp%2Fv2%2Fproduct_tag&post=12252"}],"curies":[{"name":"wp","href":"https:\/\/api.w.org\/{rel}","templated":true}]}}