{"id":12270,"date":"2021-02-21T14:14:14","date_gmt":"2021-02-21T14:14:14","guid":{"rendered":"https:\/\/www.autonvaraosahaku.fi\/?product=febest-2087-lib-kiristysrulla"},"modified":"2021-02-21T14:14:15","modified_gmt":"2021-02-21T14:14:15","slug":"febest-2087-lib-kiristysrulla","status":"publish","type":"product","link":"https:\/\/www.autonvaraosahaku.fi\/?product=febest-2087-lib-kiristysrulla","title":{"rendered":"FEBEST 2087-LIB Kiristysrulla"},"content":{"rendered":"<p>M\u00e4\u00e4r\u00e4: 1; Pakkausleveys [cm]: 7,0; Pakkauskorkeus [mm]: 5,9, 5,9; Vaihteistomalli: Automatikgetriebe; HYUNDAI: SANTA F\u00c9 II CM,SONATA V NF,ix55,SANTA F\u00c9 III DM,GENESIS Coupe,GRANDEUR TG,GRAND SANTA F\u00c9,GENESIS BH,GRANDEUR HG,GENESIS DH; KIA: SORENTO I JC,SORENTO II XM,CARNIVAL \/ GRAND CARNIVAL III VQ,OPIRUS GH,SORENTO III,BORREGO,CADENZA; JEEP: WRANGLER III JK,CHEROKEE KK; DODGE: NITRO; 68027602AA, 252863C100, 252863C200, 252863C250; Kiristysrulla, Moniurahihna<\/p>\n","protected":false},"excerpt":{"rendered":"<p>FEBEST Kiristysrulla 2087-LIB Kiristysrulla, Moniurahihna HYUNDAI,KIA,JEEP,SANTA F\u00c9 II CM,SONATA V NF,ix55,SANTA F\u00c9 III DM,GENESIS Coupe,GRANDEUR TG<\/p>\n","protected":false},"featured_media":0,"template":"","meta":{"site-sidebar-layout":"default","site-content-layout":"default","ast-global-header-display":"","ast-main-header-display":"","ast-hfb-above-header-display":"","ast-hfb-below-header-display":"","ast-hfb-mobile-header-display":"","site-post-title":"","ast-breadcrumbs-content":"","ast-featured-img":"","footer-sml-layout":"","theme-transparent-header-meta":"","adv-header-id-meta":"","stick-header-meta":"","header-above-stick-meta":"","header-main-stick-meta":"","header-below-stick-meta":""},"pwb-brand":[152],"product_cat":[282],"product_tag":[],"class_list":{"0":"post-12270","1":"product","2":"type-product","3":"status-publish","5":"pwb-brand-febest","6":"product_cat-kiristysrulla","7":"desktop-align-left","8":"tablet-align-left","9":"mobile-align-left","11":"first","12":"instock","13":"product-type-external"},"brands":[{"id":152,"name":"FEBEST","slug":"febest"}],"_links":{"self":[{"href":"https:\/\/www.autonvaraosahaku.fi\/index.php?rest_route=\/wp\/v2\/product\/12270","targetHints":{"allow":["GET"]}}],"collection":[{"href":"https:\/\/www.autonvaraosahaku.fi\/index.php?rest_route=\/wp\/v2\/product"}],"about":[{"href":"https:\/\/www.autonvaraosahaku.fi\/index.php?rest_route=\/wp\/v2\/types\/product"}],"wp:attachment":[{"href":"https:\/\/www.autonvaraosahaku.fi\/index.php?rest_route=%2Fwp%2Fv2%2Fmedia&parent=12270"}],"wp:term":[{"taxonomy":"pwb-brand","embeddable":true,"href":"https:\/\/www.autonvaraosahaku.fi\/index.php?rest_route=%2Fwp%2Fv2%2Fpwb-brand&post=12270"},{"taxonomy":"product_cat","embeddable":true,"href":"https:\/\/www.autonvaraosahaku.fi\/index.php?rest_route=%2Fwp%2Fv2%2Fproduct_cat&post=12270"},{"taxonomy":"product_tag","embeddable":true,"href":"https:\/\/www.autonvaraosahaku.fi\/index.php?rest_route=%2Fwp%2Fv2%2Fproduct_tag&post=12270"}],"curies":[{"name":"wp","href":"https:\/\/api.w.org\/{rel}","templated":true}]}}